{"id":947,"date":"2021-04-21T12:30:29","date_gmt":"2021-04-21T12:30:29","guid":{"rendered":"https:\/\/www.eamau.org\/?page_id=947"},"modified":"2022-01-26T15:54:28","modified_gmt":"2022-01-26T15:54:28","slug":"conseil-dadministration","status":"publish","type":"page","link":"https:\/\/www.eamau.org\/?page_id=947","title":{"rendered":"Conseil d&rsquo;Administration"},"content":{"rendered":"\n<div id=\"wpdevart_org_chart_1\" class=\"wpdevart_org_chart\"><div class=\"wpdevart_org_chart_container_parent\" id=\"wpdevart_org_chart_container_parent_1\"><div class=\"wpdevart_org_chart_container \" id=\"wpdevart_org_chart_container_1\"><ul ><li class=\"has_children next_no_children\" data-children=1><div class=\"wpda_tree_item_container\" id=\"wpda_item_container_1\" ><span class=\"wpda_tree_line\"><\/span><div class=\"\"><div class=\"wpda_tree_item_img_cont \"><img decoding=\"async\" class=\"wpda_tree_item_img\" src=\"https:\/\/www.eamau.org\/wp-content\/uploads\/2021\/03\/niger2.jpg\"><\/div><div tabindex=\"0\" class=\"wpda_tree_item_title \">PRESIDENCE DU CA<\/div><div tabindex=\"0\" class=\"wpda_tree_item_desc \">Le NIGER (Niamey) <br>S.E. Professeur Saidou Mamadou <br>Minist\u00e8re de l\u2019Enseignement <br>Sup\u00e9rieur <br> et de la Recherche.<\/div><\/div><\/div><ul ><li class=\"has_children next_no_children\" data-children=4><div class=\"wpda_tree_item_container\" id=\"wpda_item_container_2\" ><span class=\"wpda_tree_line\"><\/span><div class=\"\"><div class=\"wpda_tree_item_img_cont \"><img decoding=\"async\" class=\"wpda_tree_item_img\" src=\"https:\/\/www.eamau.org\/wp-content\/uploads\/2021\/03\/togo.jpg\"><\/div><div tabindex=\"0\" class=\"wpda_tree_item_title \">VICE-PRESIDENCE <br>DU CA<\/div><div tabindex=\"0\" class=\"wpda_tree_item_desc \">Le TOGO (Lom\u00e9) : <br>S.E. M. Magest\u00e9 <br>Ihou WATEBA, <br>Minist\u00e8re de <br>l\u2019Enseignement <br>Sup\u00e9rieur et de la Recherche<\/div><a class=\"wpda_tree_node_link\" href=\"https:\/\/edusup.gouv.tg\/\" target=\"_blank\"><\/a><\/div><\/div><ul ><li class=\"has_children next_children\" data-children=1><div class=\"wpda_tree_item_container\" id=\"wpda_item_container_3\" ><span class=\"wpda_tree_line\"><\/span><div class=\"\"><div class=\"wpda_tree_item_img_cont \"><img decoding=\"async\" class=\"wpda_tree_item_img\" src=\"https:\/\/www.eamau.org\/wp-content\/uploads\/2021\/03\/benin.jpg\"><\/div><div tabindex=\"0\" class=\"wpda_tree_item_title \">BENIN<\/div><div tabindex=\"0\" class=\"wpda_tree_item_desc \">Le BENIN (Cotonou) <br> S.E.Mme. \u00c9l\u00e9onore <br>YAYI LADEKAN <br> Minist\u00e8re de l\u2019Enseignement <br>Sup\u00e9rieur et de la <br>Recherche Scientifique.<\/div><a class=\"wpda_tree_node_link\" href=\"https:\/\/enseignementsuperieur.gouv.bj\/\" target=\"_blank\"><\/a><\/div><\/div><ul ><li class=\"has_children next_no_children\" data-children=1><div class=\"wpda_tree_item_container\" id=\"wpda_item_container_4\" ><span class=\"wpda_tree_line\"><\/span><div class=\"\"><div class=\"wpda_tree_item_img_cont \"><img decoding=\"async\" class=\"wpda_tree_item_img\" src=\"https:\/\/www.eamau.org\/wp-content\/uploads\/2021\/03\/cote-divoire.jpg\"><\/div><div tabindex=\"0\" class=\"wpda_tree_item_title \">COTE D\u2019IVOIRE<\/div><div tabindex=\"0\" class=\"wpda_tree_item_desc \">La COTE D\u2019IVOIRE <br>(Abidjan) <br>S.E.M. Adama DIAWARA, <br>Minist\u00e8re de <br>l\u2019Enseignement <br>Sup\u00e9rieur et de la <br>Recherche <br>Scientifique.<\/div><a class=\"wpda_tree_node_link\" href=\"http:\/\/www.enseignement.gouv.ci\/\" target=\"_blank\"><\/a><\/div><\/div><ul ><li class=\"no_children next_no_children\" data-children=0><div class=\"wpda_tree_item_container\" id=\"wpda_item_container_5\" ><span class=\"wpda_tree_line\"><\/span><div class=\"\"><div class=\"wpda_tree_item_img_cont \"><img decoding=\"async\" class=\"wpda_tree_item_img\" src=\"https:\/\/www.eamau.org\/wp-content\/uploads\/2021\/03\/cameroun.jpg\"><\/div><div tabindex=\"0\" class=\"wpda_tree_item_title \">CAMEROUN<\/div><div tabindex=\"0\" class=\"wpda_tree_item_desc \">Le CAMEROUN<br> (Yaound\u00e9) <br>S.E. Mme. COURTES N\u00e9e <br>KETCHA C\u00e9lestine <br>Minist\u00e8re de l\u2019Habitat et du <br>D\u00e9veloppement Urbain.<\/div><a class=\"wpda_tree_node_link\" href=\"http:\/\/www.minhdu.gov.cm\/\" target=\"_blank\"><\/a><\/div><\/div><\/li><\/ul><\/li><\/ul><\/li><li class=\"has_children next_children\" data-children=1><div class=\"wpda_tree_item_container\" id=\"wpda_item_container_6\" ><span class=\"wpda_tree_line\"><\/span><div class=\"\"><div class=\"wpda_tree_item_img_cont \"><img decoding=\"async\" class=\"wpda_tree_item_img\" src=\"https:\/\/www.eamau.org\/wp-content\/uploads\/2021\/03\/Burkina-faso.jpg\"><\/div><div tabindex=\"0\" class=\"wpda_tree_item_title \">BURKINA-FASO<\/div><div tabindex=\"0\" class=\"wpda_tree_item_desc \">Le BURKINA-FASO : <br> (Ouagadougou) <br>S.E. Prof. Adjima TCHOMBIANO,<br> Minist\u00e8re de l\u2019Enseignement <br>Sup\u00e9rieur, de la Recherche <br>Scientifique et de l\u2019innovation.<\/div><a class=\"wpda_tree_node_link\" href=\"https:\/\/www.sig.gov.bf\/\" target=\"_blank\"><\/a><\/div><\/div><ul ><li class=\"has_children next_no_children\" data-children=1><div class=\"wpda_tree_item_container\" id=\"wpda_item_container_7\" ><span class=\"wpda_tree_line\"><\/span><div class=\"\"><div class=\"wpda_tree_item_img_cont \"><img decoding=\"async\" class=\"wpda_tree_item_img\" src=\"https:\/\/www.eamau.org\/wp-content\/uploads\/2021\/03\/gabon.png\"><\/div><div tabindex=\"0\" class=\"wpda_tree_item_title \">GABON<\/div><div tabindex=\"0\" class=\"wpda_tree_item_desc \">Le GABON (Libreville) <br> S.E. M. Patrick <br> MOUGUIAMA-DAOUDA<br>Minist\u00e8re de l\u2019Education, <br>de l\u2019Enseignement<br> Sup\u00e9rieur, de la Recherche <br>Scientifique, de l\u2019Innovation<br> et de la Culture.<\/div><\/div><\/div><ul ><li class=\"no_children next_no_children\" data-children=0><div class=\"wpda_tree_item_container\" id=\"wpda_item_container_8\" ><span class=\"wpda_tree_line\"><\/span><div class=\"\"><div class=\"wpda_tree_item_img_cont \"><img decoding=\"async\" class=\"wpda_tree_item_img\" src=\"https:\/\/www.eamau.org\/wp-content\/uploads\/2021\/03\/Mali.jpg\"><\/div><div tabindex=\"0\" class=\"wpda_tree_item_title \">MALI<\/div><div tabindex=\"0\" class=\"wpda_tree_item_desc \">Le MALI (Bamako) <br> S.E. Prof. AMADOU Keita <br>Minist\u00e8re de l\u2019Enseignement <br>Sup\u00e9rieur et de la Recherche.<\/div><\/div><\/div><\/li><\/ul><\/li><\/ul><\/li><li class=\"has_children next_children\" data-children=1><div class=\"wpda_tree_item_container\" id=\"wpda_item_container_9\" ><span class=\"wpda_tree_line\"><\/span><div class=\"\"><div class=\"wpda_tree_item_img_cont \"><img decoding=\"async\" class=\"wpda_tree_item_img\" src=\"https:\/\/www.eamau.org\/wp-content\/uploads\/2021\/03\/centrafrique.jpg\"><\/div><div tabindex=\"0\" class=\"wpda_tree_item_title \">CENTRAFRIQUE<\/div><div tabindex=\"0\" class=\"wpda_tree_item_desc \">La CENTRAFRIQUE <br>(Bangui) <br>S.E. Mme Nicole KOUE<br>Minist\u00e8re de l\u2019Urbanisme <br>et de la Reconstruction <br>des Edifices Publics.<\/div><a class=\"wpda_tree_node_link\" href=\"http:\/\/gouv.cf\/les-ministres\/91\/ministre-de-lurbanisme-de-la-ville-et-de-ihabitat\" target=\"_blank\"><\/a><\/div><\/div><ul ><li class=\"has_children next_no_children\" data-children=1><div class=\"wpda_tree_item_container\" id=\"wpda_item_container_10\" ><span class=\"wpda_tree_line\"><\/span><div class=\"\"><div class=\"wpda_tree_item_img_cont \"><img decoding=\"async\" class=\"wpda_tree_item_img\" src=\"https:\/\/www.eamau.org\/wp-content\/uploads\/2021\/03\/Guinee-Bissau.jpg\"><\/div><div tabindex=\"0\" class=\"wpda_tree_item_title \">GUIN\u00c9E <br>BISSAU<\/div><div tabindex=\"0\" class=\"wpda_tree_item_desc \">La GUIN\u00c9E BISSAU <br>(Bissau) <br>S.E. M. Timoteo SABA M'BUNDE <br>Minist\u00e8re de l\u2019Education<br> Nationale, <br>et de l'enseignement, <br>sup\u00e9rieur.<\/div><\/div><\/div><ul ><li class=\"no_children next_no_children\" data-children=0><div class=\"wpda_tree_item_container\" id=\"wpda_item_container_11\" ><span class=\"wpda_tree_line\"><\/span><div class=\"\"><div class=\"wpda_tree_item_img_cont \"><img decoding=\"async\" class=\"wpda_tree_item_img\" src=\"https:\/\/www.eamau.org\/wp-content\/uploads\/2021\/03\/senegal.jpg\"><\/div><div tabindex=\"0\" class=\"wpda_tree_item_title \">SENEGAL<\/div><div tabindex=\"0\" class=\"wpda_tree_item_desc \">Le SENEGAL <br>(Dakar) <br>Minist\u00e8re de l\u2019Education<br> Nationale.<\/div><\/div><\/div><\/li><\/ul><\/li><\/ul><\/li><li class=\"has_children next_no_children\" data-children=1><div class=\"wpda_tree_item_container\" id=\"wpda_item_container_12\" ><span class=\"wpda_tree_line\"><\/span><div class=\"\"><div class=\"wpda_tree_item_img_cont \"><img decoding=\"async\" class=\"wpda_tree_item_img\" src=\"https:\/\/www.eamau.org\/wp-content\/uploads\/2021\/03\/Congo.jpg\"><\/div><div tabindex=\"0\" class=\"wpda_tree_item_title \">CONGO<\/div><div tabindex=\"0\" class=\"wpda_tree_item_desc \">Le CONGO <br>(BRAZZAVILLE) <br>S.E.M.Anatole C. Makosso<br>Minist\u00e8re de l\u2019Enseignement <br>Sup\u00e9rieur et de la <br>Recherche Scientifique .<\/div><a class=\"wpda_tree_node_link\" href=\"https:\/\/gouvernement.cg\/category\/enseignement-superieur\/\" target=\"_blank\"><\/a><\/div><\/div><ul ><li class=\"has_children next_no_children\" data-children=1><div class=\"wpda_tree_item_container\" id=\"wpda_item_container_13\" ><span class=\"wpda_tree_line\"><\/span><div class=\"\"><div class=\"wpda_tree_item_img_cont \"><img decoding=\"async\" class=\"wpda_tree_item_img\" src=\"https:\/\/www.eamau.org\/wp-content\/uploads\/2021\/03\/guinee-eq.jpg\"><\/div><div tabindex=\"0\" class=\"wpda_tree_item_title \">GUIN\u00c9E <br>EQUATORIALE<\/div><div tabindex=\"0\" class=\"wpda_tree_item_desc \">La GUIN\u00c9E EQUATORIALE <br>(Malabo) <br>Minist\u00e8re <br> des Travaux <br>Publics <br>et des<br>Infrastructures.<\/div><\/div><\/div><ul ><li class=\"no_children next_no_children\" data-children=0><div class=\"wpda_tree_item_container\" id=\"wpda_item_container_14\" ><span class=\"wpda_tree_line\"><\/span><div class=\"\"><div class=\"wpda_tree_item_img_cont \"><img decoding=\"async\" class=\"wpda_tree_item_img\" src=\"https:\/\/www.eamau.org\/wp-content\/uploads\/2021\/03\/tchad.jpg\"><\/div><div tabindex=\"0\" class=\"wpda_tree_item_title \">TCHAD<\/div><div tabindex=\"0\" class=\"wpda_tree_item_desc \">Le TCHAD (N\u2019Djam\u00e9na) <br>Minist\u00e8re de l\u2019Enseignement <br>Sup\u00e9rieur, de la Recherche<br> Scientifique et de la Formation<br> Professionnelle.<\/div><\/div><\/div><\/li><\/ul><\/li><\/ul><\/li><\/ul><\/li><\/ul><\/li><\/ul><\/div><\/div><\/div><script>document.addEventListener(\"DOMContentLoaded\", function(event) { var wpda_org_chart_1= new wpdevart_org_chart_front(\"wpdevart_org_chart_container_1\",{mobile_frendly:\"mobile\",mobile_size:450,def_scroll:0, zoomable:\"disable\", draggable:\"disable\", default_zoom:\"100\", max_zoomable:\"1\", min_zoomable:\"10\", zoom_speed:\"10\"})});<\/script><style>#wpdevart_org_chart_container_1{\r\n\t\t\tbackground-image: linear-gradient(to right, #ffffff, #ffffff);\r\n\t\t\tpadding-top:20px;\r\n\t\t\tpadding-right:;\r\n\t\t\tpadding-bottom:20px;\r\n\t\t\tpadding-left:5px;\r\n\t\t\tborder-style: ;\r\n\t\t\tborder-color: ;\r\n\t\t\tborder-width: ;\r\n\t\t\tborder-radius: 0px;  \r\n\t\t}#wpdevart_org_chart_container_1 li{margin-top: 1px;}#wpdevart_org_chart_container_1 ul ul::before{left: calc(50% - 0.5px);\r\n\t\t\tborder-left: 1px solid #cccccc;\r\n\t\t\theight: 21px;\r\n\t\t\ttop: 0px;\r\n\t\t}#wpdevart_org_chart_container_1 li::before, #wpdevart_org_chart_container_1 li::after{\r\n\t\t\ttop: -1px;\r\n\t\t\tright: calc(50% - 0.5px);\r\n\t\t\twidth: calc(50% + 1px);\r\n\t\t\tborder-top: 1px solid #cccccc;\r\n\t\t\theight: 21px;\r\n\t\t}#wpdevart_org_chart_container_1 li:after{\r\n\t\t\tleft: calc(50% - 0.5px);\r\n\t\t\tborder-left: 1px solid #cccccc;\r\n\t\t}#wpdevart_org_chart_container_1 li:last-child::before{\r\n\t\t\tborder-right: 1px solid #cccccc;\r\n\t\t}#wpdevart_org_chart_container_1 li:first-child::before, #wpdevart_org_chart_container_1 li:last-child::after {\r\n\t\t  border: 0 none;\r\n\t\t}@media screen and (max-width: 1000px) {#wpdevart_org_chart_container_1{\r\n\t\t\tpadding-top:;\r\n\t\t\tpadding-right:;\r\n\t\t\tpadding-bottom:;\r\n\t\t\tpadding-left:;\t\t\r\n\t\t}}@media screen and (max-width: 450px) {#wpdevart_org_chart_container_1{\r\n\t\t\tpadding-top:;\r\n\t\t\tpadding-right:;\r\n\t\t\tpadding-bottom:;\r\n\t\t\tpadding-left:;\t\t\r\n\t\t}}#wpdevart_org_chart_container_1 .chart_wpda_mobile_after.has_children > ul:before{\r\n\t\t\ttop:-80px;\r\n\t\t\tleft:0px;\r\n\t\t\theight:80px;\r\n\t\t}#wpdevart_org_chart_container_1 .chart_wpda_mobile_after.has_children li .wpda_tree_item_container:after{\r\n\t\t\tborder-top: 1px solid #cccccc;\r\n\t\t}#wpdevart_org_chart_container_1 .chart_wpda_mobile_after.has_children li .wpda_tree_item_container:after{\r\n\t\t\tborder-top: 1px solid #cccccc;\r\n\t\t}#wpdevart_org_chart_container_1 .chart_wpda_mobile_after > ul li{\r\n\t\t\tborder-left:1px solid #cccccc;\r\n\t\t}#wpdevart_org_chart_container_1 .chart_wpda_mobile_after.has_children > .wpda_tree_item_container:before,#wpdevart_org_chart_container_1 .chart_wpda_mobile_after li.has_children > .wpda_tree_item_container:before{\r\n\t\t\tcontent: \"\";\r\n\t\t\tborder-left:1px solid #cccccc;\r\n\t\t}#wpdevart_org_chart_container_1 .chart_wpda_mobile_after li{\r\n\t\t\tmargin-top:0px;\r\n\t\t}#wpdevart_org_chart_container_1 .chart_wpda_mobile_after > ul li:last-child{\r\n\t\t\tborder-left: 0;\r\n\t\t}#wpdevart_org_chart_container_1 .chart_wpda_mobile_after > ul li:last-child > div > span.wpda_tree_line{\r\n\t\t\tborder-left: 1px solid #cccccc;\r\n\t\t}#wpdevart_org_chart_container_1 .chart_wpda_mobile_after.has_children li .wpda_tree_item_container:after {\r\n\t\t\ttop: calc(50% - 0.5px);\r\n\t\t}#wpdevart_org_chart_container_1 .chart_wpda_mobile_after li.has_children li .wpda_tree_item_container:after {\r\n\t\t\ttop: calc(50% - 0.5px);\r\n\t\t}.first_child_hidden#wpdevart_org_chart_container_1 .chart_wpda_mobile_after > ul > li > ul > li:first-child::before{\r\n\t\t\tborder-left: 1px solid #cccccc;\r\n\t\t\ttop: 80px;\r\n\t\t\theight: calc(100% - 80px);\r\n\t\t\tleft:0px;\r\n\t\t\twidth:0px;\r\n\t\t}.first_child_hidden#wpdevart_org_chart_container_1 .chart_wpda_mobile_after > ul > li > div.wpda_tree_item_container:before{\r\n\t\t\tborder:none;\r\n\t\t}#wpdevart_org_chart_container_1 .chart_wpda_mobile_after > ul li:last-child > .wpda_tree_item_container{\r\n\t\t\tpadding-left: 21px;\r\n\t\t}#wpdevart_org_chart_container_1 .chart_wpda_mobile_after > ul li:last-child > .wpda_tree_item_container:after{\r\n\t\t\twidth: 21px;\r\n\t\t}#wpdevart_org_chart_container_1 .chart_wpda_mobile_after > ul li:last-child > .wpda_tree_item_container:before{\r\n\t\t\tleft: 21px;\r\n\t\t}#wpdevart_org_chart_container_1 .chart_wpda_mobile_after > ul li:last-child > ul{\r\n\t\t\tmargin-left: 1px;\r\n\t\t}#wpdevart_org_chart_container_1 .wpdevart_highlight{\r\n\t\t\tbackground-color: #dbe908;\r\n\t\t}.wpda_mobile#wpdevart_org_chart_container_1 li.has_children > ul:before{\r\n\t\t\ttop:-80px;\r\n\t\t\tleft:0px;\r\n\t\t\theight:80px;\r\n\t\t}.wpda_mobile#wpdevart_org_chart_container_1 li.has_children li .wpda_tree_item_container:after{\r\n\t\t\tborder-top: 1px solid #cccccc;\r\n\t\t}#wpdevart_org_chart_container_1 .chart_wpda_mobile_after li.has_children li .wpda_tree_item_container:after{\r\n\t\t\tborder-top: 1px solid #cccccc;\r\n\t\t}.wpda_mobile#wpdevart_org_chart_container_1 > ul > li > ul li{\r\n\t\t\tborder-left:1px solid #cccccc;\r\n\t\t}.wpda_mobile#wpdevart_org_chart_container_1 li.has_children > .wpda_tree_item_container:before{\r\n\t\t\tcontent: \"\";\r\n\t\t\tborder-left:1px solid #cccccc;\r\n\t\t}.wpda_mobile#wpdevart_org_chart_container_1 li{\r\n\t\t\tmargin-top:0px;\r\n\t\t}.wpda_mobile#wpdevart_org_chart_container_1 > ul > li > ul li:last-child{\r\n\t\t\tborder-left: 0;\r\n\t\t}.wpda_mobile#wpdevart_org_chart_container_1 > ul > li > ul li:last-child > div > span.wpda_tree_line{\r\n\t\t\tborder-left: 1px solid #cccccc;\r\n\t\t}.wpda_mobile#wpdevart_org_chart_container_1 li.has_children li .wpda_tree_item_container:after {\r\n\t\t\ttop: calc(50% - 0.5px);\r\n\t\t}#wpdevart_org_chart_container_1 .chart_wpda_mobile_after li.has_children li .wpda_tree_item_container:after {\r\n\t\t\ttop: calc(50% - 0.5px);\r\n\t\t}.wpda_mobile.first_child_hidden#wpdevart_org_chart_container_1 > ul > li > ul > li:first-child::before{\r\n\t\t\tborder-left: 1px solid #cccccc;\r\n\t\t\ttop: 80px;\r\n\t\t\theight: calc(100% - 80px);\r\n\t\t\tleft:0px;\r\n\t\t\twidth:0px;\r\n\t\t}.wpda_mobile.first_child_hidden#wpdevart_org_chart_container_1  > ul > li > div.wpda_tree_item_container:before{\r\n\t\t\tborder:none;\r\n\t\t}.wpda_mobile#wpdevart_org_chart_container_1  > ul > li > ul li:last-child > .wpda_tree_item_container{\r\n\t\t\tpadding-left: 21px;\r\n\t\t}.wpda_mobile#wpdevart_org_chart_container_1  > ul > li > ul li:last-child > .wpda_tree_item_container:after{\r\n\t\t\twidth: 21px;\r\n\t\t}.wpda_mobile#wpdevart_org_chart_container_1  > ul > li > ul li:last-child > .wpda_tree_item_container:before{\r\n\t\t\tleft: 21px;\r\n\t\t}.wpda_mobile#wpdevart_org_chart_container_1 > ul > li > ul li:last-child >ul{\r\n\t\t\tmargin-left: 1px;\r\n\t\t}<\/style>\n\n\n\n<p><\/p>\n","protected":false},"excerpt":{"rendered":"","protected":false},"author":1,"featured_media":0,"parent":0,"menu_order":0,"comment_status":"closed","ping_status":"closed","template":"","meta":{"ngg_post_thumbnail":0,"footnotes":""},"class_list":["post-947","page","type-page","status-publish","hentry"],"_links":{"self":[{"href":"https:\/\/www.eamau.org\/index.php?rest_route=\/wp\/v2\/pages\/947","targetHints":{"allow":["GET"]}}],"collection":[{"href":"https:\/\/www.eamau.org\/index.php?rest_route=\/wp\/v2\/pages"}],"about":[{"href":"https:\/\/www.eamau.org\/index.php?rest_route=\/wp\/v2\/types\/page"}],"author":[{"embeddable":true,"href":"https:\/\/www.eamau.org\/index.php?rest_route=\/wp\/v2\/users\/1"}],"replies":[{"embeddable":true,"href":"https:\/\/www.eamau.org\/index.php?rest_route=%2Fwp%2Fv2%2Fcomments&post=947"}],"version-history":[{"count":6,"href":"https:\/\/www.eamau.org\/index.php?rest_route=\/wp\/v2\/pages\/947\/revisions"}],"predecessor-version":[{"id":1783,"href":"https:\/\/www.eamau.org\/index.php?rest_route=\/wp\/v2\/pages\/947\/revisions\/1783"}],"wp:attachment":[{"href":"https:\/\/www.eamau.org\/index.php?rest_route=%2Fwp%2Fv2%2Fmedia&parent=947"}],"curies":[{"name":"wp","href":"https:\/\/api.w.org\/{rel}","templated":true}]}}