{"id":824,"date":"2021-04-13T11:52:35","date_gmt":"2021-04-13T11:52:35","guid":{"rendered":"https:\/\/www.eamau.org\/?page_id=824"},"modified":"2021-05-03T22:58:32","modified_gmt":"2021-05-03T22:58:32","slug":"recherche-developpement","status":"publish","type":"page","link":"https:\/\/www.eamau.org\/?page_id=824","title":{"rendered":"Introduction"},"content":{"rendered":"\n<figure class=\"wp-block-image size-large\"><img loading=\"lazy\" decoding=\"async\" width=\"1024\" height=\"444\" src=\"https:\/\/www.eamau.org\/wp-content\/uploads\/2021\/04\/eamau-11-1024x444.jpg\" alt=\"\" class=\"wp-image-955\" srcset=\"https:\/\/www.eamau.org\/wp-content\/uploads\/2021\/04\/eamau-11-1024x444.jpg 1024w, https:\/\/www.eamau.org\/wp-content\/uploads\/2021\/04\/eamau-11-300x130.jpg 300w, https:\/\/www.eamau.org\/wp-content\/uploads\/2021\/04\/eamau-11-768x333.jpg 768w, https:\/\/www.eamau.org\/wp-content\/uploads\/2021\/04\/eamau-11-1536x667.jpg 1536w, https:\/\/www.eamau.org\/wp-content\/uploads\/2021\/04\/eamau-11.jpg 2000w\" sizes=\"auto, (max-width: 1024px) 100vw, 1024px\" \/><\/figure>\n\n\n\n<div style=\"height:37px\" aria-hidden=\"true\" class=\"wp-block-spacer\"><\/div>\n\n\n\n<p>La recherche est une des missions fondamentales de l\u2019EAMAU. Elle s\u2019exerce \u00e0 travers les \u00e9quipes de recherches qui s\u2019approprient les th\u00e9matiques r\u00e9currentes de la ville africaine :<\/p>\n\n\n\n<p>La recherche \u00e0 l\u2019EAMAU a \u00e9t\u00e9 distingu\u00e9e \u00e0 plusieurs reprises et b\u00e9n\u00e9ficie du soutien des programmes d\u2019excellence de<a href=\"https:\/\/www.auf.org\/\" target=\"_blank\" rel=\"noreferrer noopener\">&nbsp;l\u2019AUF<\/a>&nbsp;et de&nbsp;<a href=\"http:\/\/www.uemoa.int\/\" target=\"_blank\" rel=\"noreferrer noopener\">l\u2019UEMOA<\/a>.<\/p>\n\n\n\n<p>Ainsi on peut citer&nbsp;:<\/p>\n\n\n\n<ul class=\"wp-block-list\"><li><strong>&nbsp;La formation doctorale en \u00e9tudes urbaines, centre d\u2019excellence r\u00e9gional de l\u2019UEMOA<\/strong><\/li><li>Le projet de recherche \u00ab&nbsp;<em><strong>climat, ville et habitat en Afrique de l\u2019ouest<\/strong><\/em>\u00ab&nbsp;, action de l\u2019EAMAU en tant que centre d\u2019excellence r\u00e9gional de l\u2019UEMOA<\/li><li>Le projet de recherche \u00ab&nbsp;<strong><em>ville et solidarit\u00e9<\/em><\/strong>&nbsp;\u00bb<\/li><li>Le programme de recherche \u00ab<em><strong>&nbsp;espaces et soci\u00e9t\u00e9s en Afrique Noire<\/strong><\/em>&nbsp;\u00bb, p\u00f4le d\u2019excellence r\u00e9gional de l\u2019AUF<\/li><li>&nbsp;L\u2019Ouverture d\u2019un Master de Recherche en&nbsp;<strong>Architecture et D\u00e9veloppement Urbain<\/strong>&nbsp;\u00e0 la rentr\u00e9e Acad\u00e9mique 2017-2018<\/li><li>Transition \u00c9nerg\u00e9tique (EAMAU -IFDD : Institut de la Francophonie pour le D\u00e9veloppement Durable) :&nbsp;<strong>Formation des Professionnels du secteur de l\u2019am\u00e9nagement urbain, de la construction et du b\u00e2timent aux d\u00e9fis&nbsp; de la Transition \u00e9nerg\u00e9tique<\/strong>&nbsp;(Plusieurs sessions de formation depuis plus&nbsp; de 5 ans)<\/li><li>Le&nbsp;<strong>Master Transport et mobilit\u00e9 durable dans les villes Africaine (Troisi\u00e8me Promotion en cours)<\/strong><\/li><li>La Formation Continue&nbsp; : cliquer&nbsp;http:\/\/www.eamau.org\/les-formations-continues-a-leamau\/<\/li><li>Le projet de cr\u00e9ation EAMAU entreprenariat<\/li><\/ul>\n\n\n\n<div class=\"wp-block-columns is-layout-flex wp-container-core-columns-is-layout-9d6595d7 wp-block-columns-is-layout-flex\">\n<div class=\"wp-block-column is-layout-flow wp-block-column-is-layout-flow\" style=\"flex-basis:33.33%\">\n<figure class=\"wp-block-image size-large\"><img loading=\"lazy\" decoding=\"async\" width=\"300\" height=\"638\" src=\"https:\/\/www.eamau.org\/wp-content\/uploads\/2021\/04\/eamau-12.jpg\" alt=\"\" class=\"wp-image-959\" srcset=\"https:\/\/www.eamau.org\/wp-content\/uploads\/2021\/04\/eamau-12.jpg 300w, https:\/\/www.eamau.org\/wp-content\/uploads\/2021\/04\/eamau-12-141x300.jpg 141w\" sizes=\"auto, (max-width: 300px) 100vw, 300px\" \/><\/figure>\n<\/div>\n\n\n\n<div class=\"wp-block-column is-layout-flow wp-block-column-is-layout-flow\" style=\"flex-basis:66.66%\">\n<h2 class=\"wp-block-heading\">Actions transversales<\/h2>\n\n\n\n<p>Programme d\u2019activit\u00e9s \u00ab&nbsp;genre, ville et cadre de vie en Afrique&nbsp;\u00bb, action de l\u2019EAMAU en tant que centre d\u2019excellence r\u00e9gional de l\u2019UEMOA.<\/p>\n\n\n\n<p>Ce programme a pour objet de s\u2019interroger sur la question du genre et de ses in\u00e9galit\u00e9s par rapport \u00e0 la ville et au cadre de vie (in\u00e9galit\u00e9s dans l\u2019acc\u00e8s au foncier, au logement, aux services, \u00e0 l\u2019\u00e9conomie urbaine, \u2026)<\/p>\n\n\n\n<h3 class=\"wp-block-heading\"><strong><em>Changement climatique et transition \u00e9nerg\u00e9tique<\/em><\/strong><\/h3>\n\n\n\n<p>Les questionnements fondamentaux qui se posent \u00e0 l\u2019humanit\u00e9 en ce d\u00e9but de mill\u00e9naire sont complexes et relatives \u00e0 la durabilit\u00e9 de notre patrimoine commun la terre. Il est question de pouvoir g\u00e9rer les processus complexes des changements climatiques, de pouvoir op\u00e9rer la transition \u00e9nerg\u00e9tique afin de passer \u00e0 un mod\u00e8le de civilisation moins dispensateur des ressources naturelles, il est m\u00eame question d\u2019une nouvelle r\u00e9volution industrielle fruit de la combinaison opportune du d\u00e9veloppement spectaculaire dans la technologie,&nbsp; la communication, et de l\u2019\u00e9mergence d\u2019un fabuleux pouvoir lat\u00e9ral\u2026<\/p>\n\n\n\n<p>Par rapport \u00e0 ce contexte global, l\u2019EAMAU est interpell\u00e9 \u00e0 la fois en tant que centre d\u2019excellence r\u00e9gional, institution interafricaine, et institution de formation et de recherche en architecture urbanisme et gestion urbaine. Ainsi elle a orient\u00e9 ses diverses activit\u00e9s de formation et de recherche vers cette th\u00e9matique transversale<\/p>\n<\/div>\n<\/div>\n","protected":false},"excerpt":{"rendered":"<p>La recherche est une des missions fondamentales de l\u2019EAMAU. Elle s\u2019exerce \u00e0 travers les \u00e9quipes de recherches qui s\u2019approprient les th\u00e9matiques r\u00e9currentes de la ville africaine : La recherche \u00e0 l\u2019EAMAU a \u00e9t\u00e9 distingu\u00e9e \u00e0 plusieurs reprises et b\u00e9n\u00e9ficie du soutien des programmes d\u2019excellence de&nbsp;l\u2019AUF&nbsp;et de&nbsp;l\u2019UEMOA. Ainsi on peut citer&nbsp;: &nbsp;La formation doctorale en \u00e9tudes<\/p>\n","protected":false},"author":1,"featured_media":0,"parent":0,"menu_order":0,"comment_status":"closed","ping_status":"closed","template":"","meta":{"ngg_post_thumbnail":0,"footnotes":""},"class_list":["post-824","page","type-page","status-publish","hentry"],"_links":{"self":[{"href":"https:\/\/www.eamau.org\/index.php?rest_route=\/wp\/v2\/pages\/824","targetHints":{"allow":["GET"]}}],"collection":[{"href":"https:\/\/www.eamau.org\/index.php?rest_route=\/wp\/v2\/pages"}],"about":[{"href":"https:\/\/www.eamau.org\/index.php?rest_route=\/wp\/v2\/types\/page"}],"author":[{"embeddable":true,"href":"https:\/\/www.eamau.org\/index.php?rest_route=\/wp\/v2\/users\/1"}],"replies":[{"embeddable":true,"href":"https:\/\/www.eamau.org\/index.php?rest_route=%2Fwp%2Fv2%2Fcomments&post=824"}],"version-history":[{"count":12,"href":"https:\/\/www.eamau.org\/index.php?rest_route=\/wp\/v2\/pages\/824\/revisions"}],"predecessor-version":[{"id":1116,"href":"https:\/\/www.eamau.org\/index.php?rest_route=\/wp\/v2\/pages\/824\/revisions\/1116"}],"wp:attachment":[{"href":"https:\/\/www.eamau.org\/index.php?rest_route=%2Fwp%2Fv2%2Fmedia&parent=824"}],"curies":[{"name":"wp","href":"https:\/\/api.w.org\/{rel}","templated":true}]}}