{"id":690,"date":"2021-03-27T08:24:57","date_gmt":"2021-03-27T08:24:57","guid":{"rendered":"https:\/\/www.eamau.org\/?page_id=690"},"modified":"2026-03-31T15:51:44","modified_gmt":"2026-03-31T15:51:44","slug":"publications","status":"publish","type":"page","link":"https:\/\/www.eamau.org\/?page_id=690","title":{"rendered":"Notes et communiqu\u00e9s"},"content":{"rendered":"\n<figure class=\"wp-block-table is-style-stripes\"><table class=\"has-fixed-layout\"><thead><tr><th>Date<\/th><th>D\u00e9nomination<\/th><th>Information<\/th><th>T\u00e9l\u00e9chargement<\/th><\/tr><\/thead><tbody><tr><td><\/td><td>Note d&rsquo;information <br>Relative aux inscriptions 2024-2025<\/td><td>A l&rsquo;attention de tous les \u00e9tudiants de l&rsquo;EAMAU<\/td><td><a href=\"https:\/\/www.eamau.org\/wp-content\/uploads\/2024\/08\/Agenda_rentre_2024-2025961.pdf\"><\/a><\/td><\/tr><tr><td><\/td><td>Calendrier Acad\u00e9mique 2025-2026<\/td><td>A l&rsquo;attention de tous les \u00e9tudiants de l&rsquo;EAMAU<\/td><td>      <a href=\"https:\/\/www.eamau.org\/wp-content\/uploads\/2024\/08\/Calendrier_academique_2024_2025.pdf\"><\/a><\/td><\/tr><tr><td><\/td><td><\/td><td><\/td><td><img loading=\"lazy\" decoding=\"async\" width=\"50\" height=\"54\" class=\"wp-image-696\" style=\"width: 50px;\" src=\"https:\/\/www.eamau.org\/wp-content\/uploads\/2021\/03\/pdf.png\" alt=\"\" srcset=\"https:\/\/www.eamau.org\/wp-content\/uploads\/2021\/03\/pdf.png 476w, https:\/\/www.eamau.org\/wp-content\/uploads\/2021\/03\/pdf-279x300.png 279w\" sizes=\"auto, (max-width: 50px) 100vw, 50px\" \/><\/td><\/tr><tr><td><\/td><td><\/td><td><\/td><td><img loading=\"lazy\" decoding=\"async\" width=\"50\" height=\"54\" class=\"wp-image-696\" style=\"width: 50px;\" src=\"https:\/\/www.eamau.org\/wp-content\/uploads\/2021\/03\/pdf.png\" alt=\"\" srcset=\"https:\/\/www.eamau.org\/wp-content\/uploads\/2021\/03\/pdf.png 476w, https:\/\/www.eamau.org\/wp-content\/uploads\/2021\/03\/pdf-279x300.png 279w\" sizes=\"auto, (max-width: 50px) 100vw, 50px\" \/><\/td><\/tr><tr><td><\/td><td><\/td><td>A l&rsquo;attention des \u00e9tudiants et dipl\u00f4m\u00e9s de l&rsquo;EAMAU<\/td><td><img loading=\"lazy\" decoding=\"async\" width=\"50\" height=\"54\" class=\"wp-image-695\" style=\"width: 50px;\" src=\"https:\/\/www.eamau.org\/wp-content\/uploads\/2021\/03\/pdf.jpg\" alt=\"\" srcset=\"https:\/\/www.eamau.org\/wp-content\/uploads\/2021\/03\/pdf.jpg 476w, https:\/\/www.eamau.org\/wp-content\/uploads\/2021\/03\/pdf-279x300.jpg 279w\" sizes=\"auto, (max-width: 50px) 100vw, 50px\" \/><\/td><\/tr><tr><td><\/td><td><\/td><td><strong>A l&rsquo;attention des \u00e9tudiants d\u00e9j\u00e0 inscrits de l&rsquo;EAMAU<\/strong><\/td><td><img loading=\"lazy\" decoding=\"async\" width=\"50\" height=\"54\" class=\"wp-image-696\" style=\"width: 50px;\" src=\"https:\/\/www.eamau.org\/wp-content\/uploads\/2021\/03\/pdf.png\" alt=\"\" srcset=\"https:\/\/www.eamau.org\/wp-content\/uploads\/2021\/03\/pdf.png 476w, https:\/\/www.eamau.org\/wp-content\/uploads\/2021\/03\/pdf-279x300.png 279w\" sizes=\"auto, (max-width: 50px) 100vw, 50px\" \/><\/td><\/tr><tr><td><\/td><td><\/td><td>A l&rsquo;attention de tous les \u00e9tudiants de l&rsquo;EAMAU<\/td><td><img loading=\"lazy\" decoding=\"async\" width=\"50\" height=\"54\" class=\"wp-image-696\" style=\"width: 50px;\" src=\"https:\/\/www.eamau.org\/wp-content\/uploads\/2021\/03\/pdf.png\" alt=\"\" srcset=\"https:\/\/www.eamau.org\/wp-content\/uploads\/2021\/03\/pdf.png 476w, https:\/\/www.eamau.org\/wp-content\/uploads\/2021\/03\/pdf-279x300.png 279w\" sizes=\"auto, (max-width: 50px) 100vw, 50px\" \/><\/td><\/tr><tr><td><\/td><td><\/td><td> <strong><span class=\"has-inline-color has-black-color\">A l&rsquo;attention de tous les \u00e9tudiants de l&rsquo;EAMAU <\/span><\/strong> <\/td><td><img loading=\"lazy\" decoding=\"async\" width=\"50\" height=\"54\" class=\"wp-image-696\" style=\"width: 50px;\" src=\"https:\/\/www.eamau.org\/wp-content\/uploads\/2021\/03\/pdf.png\" alt=\"\" srcset=\"https:\/\/www.eamau.org\/wp-content\/uploads\/2021\/03\/pdf.png 476w, https:\/\/www.eamau.org\/wp-content\/uploads\/2021\/03\/pdf-279x300.png 279w\" sizes=\"auto, (max-width: 50px) 100vw, 50px\" \/><\/td><\/tr><tr><td><\/td><td><\/td><td><strong><span class=\"has-inline-color has-black-color\"> A l&rsquo;attention de tous les \u00e9tudiants de l&rsquo;EAMAU <\/span><\/strong><\/td><td><img loading=\"lazy\" decoding=\"async\" width=\"50\" height=\"54\" class=\"wp-image-696\" style=\"width: 50px;\" src=\"https:\/\/www.eamau.org\/wp-content\/uploads\/2021\/03\/pdf.png\" alt=\"\" srcset=\"https:\/\/www.eamau.org\/wp-content\/uploads\/2021\/03\/pdf.png 476w, https:\/\/www.eamau.org\/wp-content\/uploads\/2021\/03\/pdf-279x300.png 279w\" sizes=\"auto, (max-width: 50px) 100vw, 50px\" \/><\/td><\/tr><tr><td><\/td><td><\/td><td><span class=\"has-inline-color has-luminous-vivid-orange-color\">A l&rsquo;attention des \u00e9tudiants de l&rsquo;EAMAU 2\u00e9me, 3\u00e8me, 4\u00e8me et 5\u00e8me ann\u00e9e<\/span><\/td><td><img loading=\"lazy\" decoding=\"async\" width=\"50\" height=\"54\" class=\"wp-image-696\" style=\"width: 50px;\" src=\"https:\/\/www.eamau.org\/wp-content\/uploads\/2021\/03\/pdf.png\" alt=\"\" srcset=\"https:\/\/www.eamau.org\/wp-content\/uploads\/2021\/03\/pdf.png 476w, https:\/\/www.eamau.org\/wp-content\/uploads\/2021\/03\/pdf-279x300.png 279w\" sizes=\"auto, (max-width: 50px) 100vw, 50px\" \/><\/td><\/tr><tr><td><\/td><td><\/td><td><\/td><td><img loading=\"lazy\" decoding=\"async\" width=\"50\" height=\"54\" class=\"wp-image-696\" style=\"width: 50px;\" src=\"https:\/\/www.eamau.org\/wp-content\/uploads\/2021\/03\/pdf.png\" alt=\"\" srcset=\"https:\/\/www.eamau.org\/wp-content\/uploads\/2021\/03\/pdf.png 476w, https:\/\/www.eamau.org\/wp-content\/uploads\/2021\/03\/pdf-279x300.png 279w\" sizes=\"auto, (max-width: 50px) 100vw, 50px\" \/> <\/td><\/tr><tr><td>28-06-2021<\/td><td>Note d&rsquo;information<\/td><td><em>\u00c0 l&rsquo;attention du personnel de l&rsquo;EAMAU<\/em><\/td><td><a href=\"https:\/\/www.eamau.org\/wp-content\/uploads\/2021\/06\/Note_information.pdf\" target=\"_blank\" rel=\"noreferrer noopener\"><img loading=\"lazy\" decoding=\"async\" width=\"50\" height=\"54\" class=\"wp-image-696\" style=\"width: 50px;\" src=\"https:\/\/www.eamau.org\/wp-content\/uploads\/2021\/03\/pdf.png\" alt=\"\" srcset=\"https:\/\/www.eamau.org\/wp-content\/uploads\/2021\/03\/pdf.png 476w, https:\/\/www.eamau.org\/wp-content\/uploads\/2021\/03\/pdf-279x300.png 279w\" sizes=\"auto, (max-width: 50px) 100vw, 50px\" \/><\/a><\/td><\/tr><tr><td>11-05-2021<\/td><td>Note d&rsquo;information<\/td><td><\/td><td><a href=\"https:\/\/www.eamau.org\/wp-content\/uploads\/2021\/05\/ni_110521.pdf\" target=\"_blank\" rel=\"noreferrer noopener\"><img loading=\"lazy\" decoding=\"async\" width=\"50\" height=\"54\" class=\"wp-image-696\" style=\"width: 50px;\" src=\"https:\/\/www.eamau.org\/wp-content\/uploads\/2021\/03\/pdf.png\" alt=\"\" srcset=\"https:\/\/www.eamau.org\/wp-content\/uploads\/2021\/03\/pdf.png 476w, https:\/\/www.eamau.org\/wp-content\/uploads\/2021\/03\/pdf-279x300.png 279w\" sizes=\"auto, (max-width: 50px) 100vw, 50px\" \/><\/a><\/td><\/tr><tr><td>30-04-2021<\/td><td>Note d&rsquo;information (Concours d&rsquo;entr\u00e9e)<\/td><td><\/td><td><img loading=\"lazy\" decoding=\"async\" width=\"50\" height=\"54\" class=\"wp-image-696\" style=\"width: 50px;\" src=\"https:\/\/www.eamau.org\/wp-content\/uploads\/2021\/03\/pdf.png\" alt=\"\" srcset=\"https:\/\/www.eamau.org\/wp-content\/uploads\/2021\/03\/pdf.png 476w, https:\/\/www.eamau.org\/wp-content\/uploads\/2021\/03\/pdf-279x300.png 279w\" sizes=\"auto, (max-width: 50px) 100vw, 50px\" \/><\/td><\/tr><tr><td>04-02-2021<\/td><td>Note d&rsquo;information<\/td><td><\/td><td><a href=\"https:\/\/www.eamau.org\/wp-content\/uploads\/2021\/03\/note-dinformation.pdf\" target=\"_blank\" rel=\"noreferrer noopener\"><img decoding=\"async\" width=\"50px\" src=\"https:\/\/www.eamau.org\/wp-content\/uploads\/2021\/03\/pdf.png\"><\/a><\/td><\/tr><tr><td>04-02-2021<\/td><td>Avis d&rsquo;appel \u00e0 manifestation<\/td><td><\/td><td><img decoding=\"async\" width=\"50px\" src=\"https:\/\/www.eamau.org\/wp-content\/uploads\/2021\/03\/pdf.png\"><\/td><\/tr><\/tbody><\/table><\/figure>\n","protected":false},"excerpt":{"rendered":"<p>Date D\u00e9nomination Information T\u00e9l\u00e9chargement Note d&rsquo;information Relative aux inscriptions 2024-2025 A l&rsquo;attention de tous les \u00e9tudiants de l&rsquo;EAMAU Calendrier Acad\u00e9mique 2025-2026 A l&rsquo;attention de tous les \u00e9tudiants de l&rsquo;EAMAU A l&rsquo;attention des \u00e9tudiants et dipl\u00f4m\u00e9s de l&rsquo;EAMAU A l&rsquo;attention des \u00e9tudiants d\u00e9j\u00e0 inscrits de l&rsquo;EAMAU A l&rsquo;attention de tous les \u00e9tudiants de l&rsquo;EAMAU A l&rsquo;attention<\/p>\n","protected":false},"author":1,"featured_media":0,"parent":0,"menu_order":0,"comment_status":"closed","ping_status":"closed","template":"","meta":{"ngg_post_thumbnail":0,"footnotes":""},"class_list":["post-690","page","type-page","status-publish","hentry"],"_links":{"self":[{"href":"https:\/\/www.eamau.org\/index.php?rest_route=\/wp\/v2\/pages\/690","targetHints":{"allow":["GET"]}}],"collection":[{"href":"https:\/\/www.eamau.org\/index.php?rest_route=\/wp\/v2\/pages"}],"about":[{"href":"https:\/\/www.eamau.org\/index.php?rest_route=\/wp\/v2\/types\/page"}],"author":[{"embeddable":true,"href":"https:\/\/www.eamau.org\/index.php?rest_route=\/wp\/v2\/users\/1"}],"replies":[{"embeddable":true,"href":"https:\/\/www.eamau.org\/index.php?rest_route=%2Fwp%2Fv2%2Fcomments&post=690"}],"version-history":[{"count":40,"href":"https:\/\/www.eamau.org\/index.php?rest_route=\/wp\/v2\/pages\/690\/revisions"}],"predecessor-version":[{"id":4537,"href":"https:\/\/www.eamau.org\/index.php?rest_route=\/wp\/v2\/pages\/690\/revisions\/4537"}],"wp:attachment":[{"href":"https:\/\/www.eamau.org\/index.php?rest_route=%2Fwp%2Fv2%2Fmedia&parent=690"}],"curies":[{"name":"wp","href":"https:\/\/api.w.org\/{rel}","templated":true}]}}