{"id":667,"date":"2021-03-27T06:54:34","date_gmt":"2021-03-27T06:54:34","guid":{"rendered":"https:\/\/www.eamau.org\/?page_id=667"},"modified":"2025-08-06T09:02:50","modified_gmt":"2025-08-06T09:02:50","slug":"diplomes-2","status":"publish","type":"page","link":"https:\/\/www.eamau.org\/?page_id=667","title":{"rendered":"Dipl\u00f4mes"},"content":{"rendered":"\n<div class=\"wp-block-media-text alignwide has-media-on-the-right is-stacked-on-mobile\"><div class=\"wp-block-media-text__content\">\n<h2 class=\"wp-block-heading\">Licence (Bac +3)<\/h2>\n\n\n\n<p>La licence est obtenue apr\u00e8s 3 ann\u00e9es de formation qui correspondent \u00e0 6 semestres et \u00e0 180 cr\u00e9dits. Un stage professionnalisant est obligatoire \u00e0 l\u2019issue de ces 3 ann\u00e9es de formation.<\/p>\n\n\n\n<p><em><strong>La licence en architecture<\/strong><\/em>&nbsp;peut conduire \u00e0 un emploi de cadre d\u2019ex\u00e9cution au sein des cabinets d\u2019architecture, des bureaux d\u2019\u00e9tudes, des entreprises de b\u00e2timents et travaux publics ou des collectivit\u00e9s locales.<\/p>\n\n\n\n<p>La licence en architecture conduit au master en architecture. Il peut par ailleurs permettre l\u2019acc\u00e8s \u00e0 d\u2019autres masters, notamment en urbanisme.<\/p>\n\n\n\n<p><em><strong>La licence en urbanisme<\/strong><\/em>&nbsp;peut conduire \u00e0 un emploi de cadre d\u2019ex\u00e9cution au sein des bureaux d\u2019\u00e9tudes, des cabinets d\u2019architecture, des agences urbaines, des collectivit\u00e9s locales.<\/p>\n\n\n\n<p>La licence en urbanisme conduit au master en urbanisme&nbsp;Il peut par ailleurs permettre l\u2019acc\u00e8s \u00e0 d\u2019autres formations, notamment aux masters en architecture et en gestion urbaine.<\/p>\n<\/div><figure class=\"wp-block-media-text__media\"><img loading=\"lazy\" decoding=\"async\" width=\"1018\" height=\"1024\" src=\"https:\/\/www.eamau.org\/wp-content\/uploads\/2021\/03\/eamau-1-1018x1024.jpg\" alt=\"\" class=\"wp-image-647 size-full\" srcset=\"https:\/\/www.eamau.org\/wp-content\/uploads\/2021\/03\/eamau-1-1018x1024.jpg 1018w, https:\/\/www.eamau.org\/wp-content\/uploads\/2021\/03\/eamau-1-298x300.jpg 298w, https:\/\/www.eamau.org\/wp-content\/uploads\/2021\/03\/eamau-1-150x150.jpg 150w, https:\/\/www.eamau.org\/wp-content\/uploads\/2021\/03\/eamau-1-768x772.jpg 768w, https:\/\/www.eamau.org\/wp-content\/uploads\/2021\/03\/eamau-1-1527x1536.jpg 1527w, https:\/\/www.eamau.org\/wp-content\/uploads\/2021\/03\/eamau-1-2036x2048.jpg 2036w\" sizes=\"auto, (max-width: 1018px) 100vw, 1018px\" \/><\/figure><\/div>\n\n\n\n<div style=\"height:32px\" aria-hidden=\"true\" class=\"wp-block-spacer\"><\/div>\n\n\n\n<p><em><strong>La licence en gestion urbaine<\/strong><\/em>&nbsp;peut conduire \u00e0 un emploi de cadre d\u2019ex\u00e9cution au sein des bureaux d\u2019\u00e9tudes, des agences urbaines, des collectivit\u00e9s locales, des agences de coop\u00e9ration.<\/p>\n\n\n\n<p>La licence en gestion urbaine conduit au master en gestion urbaine. Il peut par ailleurs permettre l\u2019acc\u00e8s \u00e0 d\u2019autres formations, notamment au master en urbanisme.<\/p>\n\n\n\n<h2 class=\"wp-block-heading\">Master (Bac +&nbsp;5)<\/h2>\n\n\n\n<p>Le dipl\u00f4me de master est obtenu apr\u00e8s 2 ann\u00e9es de formation correspondant \u00e0 4 semestres et \u00e0 120 cr\u00e9dits. Il se termine par la soutenance d\u2019un m\u00e9moire de fin d\u2019\u00e9tudes (TPFE).<\/p>\n\n\n\n<p><strong><em>Le master en architecture<\/em>&nbsp;<\/strong>est la qualification conduisant \u00e0 l\u2019exercice de la profession d\u2019architecte. Ce dipl\u00f4me peut par ailleurs conduire \u00e0 l\u2019exercice d\u2019un large \u00e9ventail d\u2019emplois dans le secteur du d\u00e9veloppement urbain, des b\u00e2timents et travaux publics. Le dipl\u00f4m\u00e9 en master en architecture peut ainsi exercer des emplois de conception dans les cabinets d\u2019architecture, les bureaux d\u2019\u00e9tudes, les entreprises de b\u00e2timents et travaux publics, les agences urbaines, les collectivit\u00e9s locales\u2026.<\/p>\n\n\n\n<p>L\u2019admission au master en architecture se fait apr\u00e8s une licence en architecture. L\u2019acc\u00e8s au master en architecture peut \u00e9galement se faire apr\u00e8s \u00e0 partir d\u2019autres parcours \u00e9quivalents.<\/p>\n\n\n\n<p><strong><em>Le master en urbanisme<\/em>&nbsp;<\/strong>est la seule qualification conduisant \u00e0 l\u2019exercice de la profession d\u2019urbaniste. Ce dipl\u00f4me peut par ailleurs conduire \u00e0 l\u2019exercice d\u2019un large \u00e9ventail d\u2019emplois dans le secteur du d\u00e9veloppement urbain, des b\u00e2timents et travaux publics.&nbsp;Le dipl\u00f4m\u00e9 en master en urbanisme peut ainsi exercer des emplois de conception dans les bureaux d\u2019\u00e9tudes d\u2019urbanisme, les cabinets d\u2019architecture, les administrations centrales, les agences urbaines, les collectivit\u00e9s locales\u2026.<\/p>\n\n\n\n<p>L\u2019admission au master en urbanisme se fait apr\u00e8s une licence en urbanisme. L\u2019acc\u00e8s au master en urbanisme peut \u00e9galement se faire \u00e0 partir d\u2019autres parcours \u00e9quivalents.<\/p>\n\n\n\n<p><strong><em>Le master en urbanisme<\/em>&nbsp;<\/strong>est la seule qualification conduisant \u00e0 l\u2019exercice de la profession d\u2019urbaniste. Ce dipl\u00f4me peut par ailleurs conduire \u00e0 l\u2019exercice d\u2019un large \u00e9ventail d\u2019emplois dans le secteur du d\u00e9veloppement urbain, des b\u00e2timents et travaux publics.&nbsp;Le dipl\u00f4m\u00e9 en master en urbanisme peut ainsi exercer des emplois de conception dans les bureaux d\u2019\u00e9tudes d\u2019urbanisme, les cabinets d\u2019architecture, les administrations centrales, les agences urbaines, les collectivit\u00e9s locales\u2026.<\/p>\n\n\n\n<p><strong>Le master en gestion urbaine<\/strong> conduit \u00e0 l\u2019exercice d\u2019un large \u00e9ventail d\u2019emplois dans le secteur du d\u00e9veloppement urbain, des b\u00e2timents et travaux publics. Le dipl\u00f4m\u00e9 en master en urbanisme peut ainsi exercer des emplois de conception dans les collectivit\u00e9s locales, les administrations centrales, les agences urbaines, les entreprises de promotion immobili\u00e8re\u2026<\/p>\n\n\n\n<p>L\u2019admission au master en gestion urbaine se fait apr\u00e8s une licence en Gestion Urbaine. L\u2019acc\u00e8s au master en gestion urbaine peut \u00e9galement se faire apr\u00e8s une licence en urbanisme ou un autre parcours \u00e9quivalent.<\/p>\n\n\n\n<p class=\"has-vivid-red-color has-text-color\"><strong>Le master de recherche<\/strong> : <a href=\"https:\/\/www.eamau.org\/?p=1515\" target=\"_blank\" rel=\"noreferrer noopener\"><strong>Appel \u00e0 candidature 2024-2025<\/strong><\/a><\/p>\n\n\n\n<p><strong>Le master de transport et mobilit\u00e9<\/strong> (Appel \u00e0 candidature \u00e0 venir)<\/p>\n\n\n\n<div class=\"wp-block-columns is-layout-flex wp-container-core-columns-is-layout-9d6595d7 wp-block-columns-is-layout-flex\">\n<div class=\"wp-block-column is-layout-flow wp-block-column-is-layout-flow\" style=\"flex-basis:100%\"><\/div>\n<\/div>\n\n\n\n<p><\/p>\n","protected":false},"excerpt":{"rendered":"<p>Licence (Bac +3) La licence est obtenue apr\u00e8s 3 ann\u00e9es de formation qui correspondent \u00e0 6 semestres et \u00e0 180 cr\u00e9dits. Un stage professionnalisant est obligatoire \u00e0 l\u2019issue de ces 3 ann\u00e9es de formation. La licence en architecture&nbsp;peut conduire \u00e0 un emploi de cadre d\u2019ex\u00e9cution au sein des cabinets d\u2019architecture, des bureaux d\u2019\u00e9tudes, des entreprises<\/p>\n","protected":false},"author":1,"featured_media":0,"parent":0,"menu_order":0,"comment_status":"closed","ping_status":"closed","template":"","meta":{"ngg_post_thumbnail":0,"footnotes":""},"class_list":["post-667","page","type-page","status-publish","hentry"],"_links":{"self":[{"href":"https:\/\/www.eamau.org\/index.php?rest_route=\/wp\/v2\/pages\/667","targetHints":{"allow":["GET"]}}],"collection":[{"href":"https:\/\/www.eamau.org\/index.php?rest_route=\/wp\/v2\/pages"}],"about":[{"href":"https:\/\/www.eamau.org\/index.php?rest_route=\/wp\/v2\/types\/page"}],"author":[{"embeddable":true,"href":"https:\/\/www.eamau.org\/index.php?rest_route=\/wp\/v2\/users\/1"}],"replies":[{"embeddable":true,"href":"https:\/\/www.eamau.org\/index.php?rest_route=%2Fwp%2Fv2%2Fcomments&post=667"}],"version-history":[{"count":11,"href":"https:\/\/www.eamau.org\/index.php?rest_route=\/wp\/v2\/pages\/667\/revisions"}],"predecessor-version":[{"id":4253,"href":"https:\/\/www.eamau.org\/index.php?rest_route=\/wp\/v2\/pages\/667\/revisions\/4253"}],"wp:attachment":[{"href":"https:\/\/www.eamau.org\/index.php?rest_route=%2Fwp%2Fv2%2Fmedia&parent=667"}],"curies":[{"name":"wp","href":"https:\/\/api.w.org\/{rel}","templated":true}]}}