{"id":643,"date":"2021-03-27T06:09:05","date_gmt":"2021-03-27T06:09:05","guid":{"rendered":"https:\/\/www.eamau.org\/?page_id=643"},"modified":"2025-08-06T09:12:21","modified_gmt":"2025-08-06T09:12:21","slug":"programmes-de-formation","status":"publish","type":"page","link":"https:\/\/www.eamau.org\/?page_id=643","title":{"rendered":"Programmes de formation"},"content":{"rendered":"\n<div class=\"wp-block-media-text alignwide is-stacked-on-mobile is-vertically-aligned-center\" style=\"grid-template-columns:43% auto\"><figure class=\"wp-block-media-text__media\"><img loading=\"lazy\" decoding=\"async\" width=\"626\" height=\"417\" src=\"https:\/\/www.eamau.org\/wp-content\/uploads\/2021\/03\/LMD.jpg\" alt=\"\" class=\"wp-image-644 size-full\" srcset=\"https:\/\/www.eamau.org\/wp-content\/uploads\/2021\/03\/LMD.jpg 626w, https:\/\/www.eamau.org\/wp-content\/uploads\/2021\/03\/LMD-300x200.jpg 300w\" sizes=\"auto, (max-width: 626px) 100vw, 626px\" \/><\/figure><div class=\"wp-block-media-text__content\">\n<p class=\"has-text-align-left\">La formation \u00e0 l\u2019EAMAU contient n\u00e9cessairement toutes les disciplines capables de restituer et de concevoir l\u2019univers urbain. Cette formation repose sur la capitalisation des acquis de l\u2019exp\u00e9rience de formation propre \u00e0 l\u2019institution et sur les recommandations formul\u00e9es dans les principaux documents de r\u00e9f\u00e9rence, notamment la charte UNESCO-UIA sur la formation au m\u00e9tier d\u2019architecte, et la charte APERAU sur la formation au m\u00e9tier d\u2019urbaniste.<\/p>\n\n\n\n<p>La formation dispens\u00e9e \u00e0 l\u2019EAMAU repose sur les fondamentaux suivants : la base scientifique, n\u00e9cessaire \u00e0 la construction de d\u00e9marches logiques d\u2019analyse, de diagnostic et de proposition face aux complexit\u00e9s humains et physiques de la ville la ma\u00eetrise de la technologie, n\u00e9cessaire \u00e0 la formulation de solutions durables, efficaces et efficientes aux importants enjeux du d\u00e9veloppement urbain la culture artistique,<\/p>\n<\/div><\/div>\n\n\n\n<p>source de cr\u00e9ativit\u00e9 et indispensable \u00e0 la r\u00e9alisation de l\u2019harmonie avec la ville et le cadre de vie la ma\u00eetrise des sciences humaines, l\u2019immersion dans la r\u00e9alit\u00e9 de la ville africaine<\/p>\n\n\n\n<p>La nouvelle offre de formation initiale est structur\u00e9e en 4 fili\u00e8res :<\/p>\n\n\n\n<ul class=\"wp-block-list\">\n<li class=\"has-large-font-size\"><mark style=\"background-color:rgba(0, 0, 0, 0)\" class=\"has-inline-color has-vivid-cyan-blue-color\"><a href=\"https:\/\/www.eamau.org\/?page_id=505\" target=\"_blank\" rel=\"noreferrer noopener\">ARCHITECTURE<\/a><\/mark><\/li>\n\n\n\n<li class=\"has-large-font-size\"><mark style=\"background-color:rgba(0, 0, 0, 0)\" class=\"has-inline-color has-vivid-cyan-blue-color\"><a href=\"https:\/\/www.eamau.org\/?page_id=509\" target=\"_blank\" rel=\"noreferrer noopener\">URBANISME<\/a><\/mark><\/li>\n\n\n\n<li class=\"has-large-font-size\"><mark style=\"background-color:rgba(0, 0, 0, 0)\" class=\"has-inline-color has-vivid-cyan-blue-color\"><a href=\"https:\/\/www.eamau.org\/?page_id=512\" target=\"_blank\" rel=\"noreferrer noopener\">GESTION URBAINE<\/a><\/mark><\/li>\n\n\n\n<li class=\"has-large-font-size\"><mark style=\"background-color:rgba(0, 0, 0, 0)\" class=\"has-inline-color has-vivid-cyan-blue-color\">TRANSPORT ET MOBILIT\u00c9<\/mark><\/li>\n<\/ul>\n\n\n\n<p><a href=\"https:\/\/www.eamau.org\/?page_id=707\" target=\"_blank\" rel=\"noreferrer noopener\"><strong><mark style=\"background-color:rgba(0, 0, 0, 0)\" class=\"has-inline-color has-vivid-purple-color\">Cliquer ici pour votre documentation<\/mark><\/strong><\/a><\/p>\n\n\n\n<div class=\"wp-block-group\"><div class=\"wp-block-group__inner-container is-layout-flow wp-block-group-is-layout-flow\">\n<p>L\u2019EAMAU offre aussi des<strong>&nbsp;formations compl\u00e9mentaires  \u00e0 l&rsquo;attention des professionnels<\/strong><em> (renforcement de capacit\u00e9s) :<\/em><\/p>\n<\/div><\/div>\n\n\n\n<ul class=\"wp-block-list\">\n<li>Master 2 Transport : \u00ab&nbsp;Transport et Mobilit\u00e9 durable dans les villes Africaines&nbsp;\u00bb organis\u00e9 conjointement par l\u2019Universit\u00e9 Senghor la CODATU, le CENAM et l\u2019EAMAU.<\/li>\n\n\n\n<li>Master Recherche :&nbsp; \u00ab&nbsp;Architecture et D\u00e9veloppement Urbain&nbsp;\u00bb<\/li>\n\n\n\n<li>Master Recherche Image de la Cit\u00e9 en Afrique Noire (Sur appel a candidature)<\/li>\n\n\n\n<li>Formation en Transition \u00c9nerg\u00e9tique En partenariat avec l&rsquo;IFDD<\/li>\n\n\n\n<li>Formation des techniciens sup\u00e9rieurs dans les pratiques de briques de terre compress\u00e9es <\/li>\n<\/ul>\n\n\n\n<p>Formations continues professionnelles<\/p>\n\n\n\n<div class=\"wp-block-columns is-layout-flex wp-container-core-columns-is-layout-9d6595d7 wp-block-columns-is-layout-flex\">\n<div class=\"wp-block-column is-layout-flow wp-block-column-is-layout-flow\">\n<figure class=\"wp-block-table is-style-stripes\"><table><thead><tr><th class=\"has-text-align-left\" data-align=\"left\">FORMATION<\/th><th class=\"has-text-align-left\" data-align=\"left\">MODULES<\/th><\/tr><\/thead><tbody><tr><td class=\"has-text-align-left\" data-align=\"left\">SEMINAIRE <br>TRAVAUX BTP<\/td><td class=\"has-text-align-left\" data-align=\"left\">\u2022 Plomberie <br>\u2022 B\u00e2timent Plan Electricit\u00e9 <br>\u2022 Chromatologie <br>\u2022 B\u00e2timent Eclairage <br>\u2022 Drainage <br>\u2022 Equipements \u00e9lectriques<\/td><\/tr><tr><td class=\"has-text-align-left\" data-align=\"left\">SEMINAIRE <br>GESTION DE <br>PROJETS URBAINS<\/td><td class=\"has-text-align-left\" data-align=\"left\">\u2022 Passation du March\u00e9 <br>\u2022 Gestion du Contrat <br>\u2022 Management du projet <br>\u2022 Entreprenariat des m\u00e9tiers de l\u2019architecture &amp; l\u2019urbanisme<\/td><\/tr><tr><td class=\"has-text-align-left\" data-align=\"left\">SEMINAIRE <br>GESTION ENVIRON-<br>NEMENT<\/td><td class=\"has-text-align-left\" data-align=\"left\">\u2022 Architecture Solaire <br>\u2022 Architecture &amp;Ville Durable <br>\u2022 D\u00e9veloppement Durable <br>\u2022 Architecture de terre <br>\u2022 Transition Energ\u00e9tique <br>\u2022 Syst\u00e8me Environnemental<\/td><\/tr><tr><td class=\"has-text-align-left\" data-align=\"left\">SEMINAIRE <br>LOIS ET PROCEDURES<\/td><td class=\"has-text-align-left\" data-align=\"left\">\u2022 Lois de la Profession <br>\u2022 Lois Environnementales<\/td><\/tr><\/tbody><\/table><\/figure>\n\n\n\n<p><\/p>\n<\/div>\n\n\n\n<div class=\"wp-block-column is-layout-flow wp-block-column-is-layout-flow\">\n<div class=\"wp-block-columns is-layout-flex wp-container-core-columns-is-layout-9d6595d7 wp-block-columns-is-layout-flex\">\n<div class=\"wp-block-column is-layout-flow wp-block-column-is-layout-flow\" style=\"flex-basis:100%\">\n<figure class=\"wp-block-table is-style-stripes\"><table><thead><tr><th class=\"has-text-align-left\" data-align=\"left\"><strong>FORMATION<\/strong><\/th><th class=\"has-text-align-left\" data-align=\"left\"><strong>MODULES<\/strong><\/th><\/tr><\/thead><tbody><tr><td class=\"has-text-align-left\" data-align=\"left\">SEMINAIRE <br>ARTS <br>GRAPHIQUE<\/td><td class=\"has-text-align-left\" data-align=\"left\">\u2022 Photoshop <br>\u2022 Illustrator <br>\u2022 Exposition Design <br>\u2022 In Design<\/td><\/tr><tr><td class=\"has-text-align-left\" data-align=\"left\">SEMINAIRE<br>CAD<\/td><td class=\"has-text-align-left\" data-align=\"left\">\u2022 Auto CAD <br>\u2022 Archi-CAD <br>\u2022 Sketch Up <br>\u2022 Atlantis<\/td><\/tr><tr><td class=\"has-text-align-left\" data-align=\"left\">SEMINAIRE <br>OUTILS DE <br>PLANNING<\/td><td class=\"has-text-align-left\" data-align=\"left\">\u2022 Projet Urbain <br>\u2022 Villes cr\u00e9atives <br>\u2022 Politique Urbaine <br>\u2022 R\u00e9g\u00e9n\u00e9ration urbaine <br>\u2022 Equipements Urbains <br>\u2022 Transport et Mobilit\u00e9 Urb<\/td><\/tr><tr><td class=\"has-text-align-left\" data-align=\"left\">SEMINAIRE PATRIMOINE<\/td><td class=\"has-text-align-left\" data-align=\"left\">\u2022 Conservation du patrimoine <br>\u2022 M\u00e9diatisation du patrimoine <br>\u2022 Valorisation du patrimoine <br>\u2022 Les metiers du patrimoine<\/td><\/tr><\/tbody><\/table><\/figure>\n<\/div>\n<\/div>\n<\/div>\n<\/div>\n\n\n\n<div class=\"wp-block-columns is-layout-flex wp-container-core-columns-is-layout-9d6595d7 wp-block-columns-is-layout-flex\">\n<div class=\"wp-block-column is-layout-flow wp-block-column-is-layout-flow\">\n<p>Le LMD qui a commenc\u00e9 depuis 2010 \u00e0 l\u2019EAMAU pr\u00e9voit une architecture sp\u00e9cifique de l\u2019organisation du syst\u00e8me d\u2019enseignement.<\/p>\n\n\n\n<ul class=\"wp-block-list\">\n<li><em><strong>Le niveau Licence \u00e0 bac + 3<\/strong><\/em>&nbsp;: ouverte aux bacheliers, la licence sanctionne un niveau correspondant \u00e0 l\u2019obtention de 180 cr\u00e9dits. La formation organis\u00e9e en 6 semestres permet d\u2019acc\u00e9der aux programmes du Master.<\/li>\n\n\n\n<li><em><strong>Le niveau Master \u00e0 bac + 5<\/strong>&nbsp;:<\/em>&nbsp;ouvert aux licenci\u00e9s, le Master sanctionne un niveau correspondant \u00e0 l\u2019obtention de 120 cr\u00e9dits en 4 semestres.<\/li>\n<\/ul>\n\n\n\n<div class=\"wp-block-buttons is-layout-flex wp-block-buttons-is-layout-flex\">\n<div class=\"wp-block-button is-style-outline is-style-outline--1\"><a class=\"wp-block-button__link has-luminous-vivid-orange-color has-text-color wp-element-button\" href=\"https:\/\/www.eamau.org\/?p=1003\" target=\"_blank\" rel=\"noreferrer noopener\">Info Concours d&rsquo;entr\u00e9e de mai 2025<\/a><\/div>\n<\/div>\n<\/div>\n\n\n\n<div class=\"wp-block-column is-layout-flow wp-block-column-is-layout-flow\">\n<p>La formation dispens\u00e9e \u00e0 l\u2019EAMAU repose sur les fondamentaux suivants:<\/p>\n\n\n\n<ul class=\"wp-block-list\">\n<li><strong><em>La base scientifique<\/em><\/strong>, n\u00e9cessaire \u00e0 la construction de d\u00e9marches logiques d\u2019analyse, de diagnostic et de proposition face aux complexit\u00e9s humains et physiques de la ville,<\/li>\n\n\n\n<li><em><strong>La ma\u00eetrise de la technologie<\/strong><\/em>, n\u00e9cessaire \u00e0 la formulation de solutions durables, efficaces et efficientes aux importants enjeux du d\u00e9veloppement urbain,<\/li>\n\n\n\n<li><em><strong>La culture artistique<\/strong><\/em>, source de cr\u00e9ativit\u00e9 et indispensable \u00e0 la r\u00e9alisation de l\u2019harmonie avec la ville et le cadre de vie,<\/li>\n\n\n\n<li>&nbsp;<em><strong>La ma\u00eetrise des sciences humaines<\/strong><\/em>, l\u2019immersion dans la r\u00e9alit\u00e9 de la ville africaine.<\/li>\n<\/ul>\n<\/div>\n<\/div>\n\n\n\n<p><\/p>\n","protected":false},"excerpt":{"rendered":"<p>La formation \u00e0 l\u2019EAMAU contient n\u00e9cessairement toutes les disciplines capables de restituer et de concevoir l\u2019univers urbain. Cette formation repose sur la capitalisation des acquis de l\u2019exp\u00e9rience de formation propre \u00e0 l\u2019institution et sur les recommandations formul\u00e9es dans les principaux documents de r\u00e9f\u00e9rence, notamment la charte UNESCO-UIA sur la formation au m\u00e9tier d\u2019architecte, et la<\/p>\n","protected":false},"author":1,"featured_media":0,"parent":0,"menu_order":0,"comment_status":"closed","ping_status":"closed","template":"","meta":{"ngg_post_thumbnail":0,"footnotes":""},"class_list":["post-643","page","type-page","status-publish","hentry"],"_links":{"self":[{"href":"https:\/\/www.eamau.org\/index.php?rest_route=\/wp\/v2\/pages\/643","targetHints":{"allow":["GET"]}}],"collection":[{"href":"https:\/\/www.eamau.org\/index.php?rest_route=\/wp\/v2\/pages"}],"about":[{"href":"https:\/\/www.eamau.org\/index.php?rest_route=\/wp\/v2\/types\/page"}],"author":[{"embeddable":true,"href":"https:\/\/www.eamau.org\/index.php?rest_route=\/wp\/v2\/users\/1"}],"replies":[{"embeddable":true,"href":"https:\/\/www.eamau.org\/index.php?rest_route=%2Fwp%2Fv2%2Fcomments&post=643"}],"version-history":[{"count":41,"href":"https:\/\/www.eamau.org\/index.php?rest_route=\/wp\/v2\/pages\/643\/revisions"}],"predecessor-version":[{"id":4254,"href":"https:\/\/www.eamau.org\/index.php?rest_route=\/wp\/v2\/pages\/643\/revisions\/4254"}],"wp:attachment":[{"href":"https:\/\/www.eamau.org\/index.php?rest_route=%2Fwp%2Fv2%2Fmedia&parent=643"}],"curies":[{"name":"wp","href":"https:\/\/api.w.org\/{rel}","templated":true}]}}