{"id":641,"date":"2021-03-26T09:19:31","date_gmt":"2021-03-26T09:19:31","guid":{"rendered":"https:\/\/www.eamau.org\/?page_id=641"},"modified":"2026-03-31T15:41:07","modified_gmt":"2026-03-31T15:41:07","slug":"admission","status":"publish","type":"page","link":"https:\/\/www.eamau.org\/?page_id=641","title":{"rendered":"Admission"},"content":{"rendered":"\n<figure class=\"wp-block-image size-large\"><img loading=\"lazy\" decoding=\"async\" width=\"1024\" height=\"249\" src=\"https:\/\/www.eamau.org\/wp-content\/uploads\/2021\/04\/eamau-entree1-1024x249.jpg\" alt=\"\" class=\"wp-image-991\" srcset=\"https:\/\/www.eamau.org\/wp-content\/uploads\/2021\/04\/eamau-entree1-1024x249.jpg 1024w, https:\/\/www.eamau.org\/wp-content\/uploads\/2021\/04\/eamau-entree1-300x73.jpg 300w, https:\/\/www.eamau.org\/wp-content\/uploads\/2021\/04\/eamau-entree1-768x186.jpg 768w, https:\/\/www.eamau.org\/wp-content\/uploads\/2021\/04\/eamau-entree1-1536x373.jpg 1536w, https:\/\/www.eamau.org\/wp-content\/uploads\/2021\/04\/eamau-entree1-2048x497.jpg 2048w\" sizes=\"auto, (max-width: 1024px) 100vw, 1024px\" \/><\/figure>\n\n\n\n<h4 class=\"wp-block-heading\">&nbsp;<strong>Admissions en premi\u00e8re ann\u00e9e<\/strong><\/h4>\n\n\n\n<div class=\"wp-block-media-text alignwide is-stacked-on-mobile\" style=\"grid-template-columns:43% auto\"><figure class=\"wp-block-media-text__media\"><img loading=\"lazy\" decoding=\"async\" width=\"717\" height=\"1024\" src=\"https:\/\/www.eamau.org\/wp-content\/uploads\/2026\/03\/ddf8d378-1447-45ee-bd02-d723777e8cc5-717x1024.jpg\" alt=\"\" class=\"wp-image-4497 size-full\" srcset=\"https:\/\/www.eamau.org\/wp-content\/uploads\/2026\/03\/ddf8d378-1447-45ee-bd02-d723777e8cc5-717x1024.jpg 717w, https:\/\/www.eamau.org\/wp-content\/uploads\/2026\/03\/ddf8d378-1447-45ee-bd02-d723777e8cc5-210x300.jpg 210w, https:\/\/www.eamau.org\/wp-content\/uploads\/2026\/03\/ddf8d378-1447-45ee-bd02-d723777e8cc5-768x1097.jpg 768w, https:\/\/www.eamau.org\/wp-content\/uploads\/2026\/03\/ddf8d378-1447-45ee-bd02-d723777e8cc5.jpg 896w\" sizes=\"auto, (max-width: 717px) 100vw, 717px\" \/><\/figure><div class=\"wp-block-media-text__content\">\n<div class=\"wp-block-group is-vertical is-layout-flex wp-container-core-group-is-layout-8cf370e7 wp-block-group-is-layout-flex\">\n<p>Les candidats \u00e0 une entr\u00e9e en premi\u00e8re ann\u00e9e doivent participer au\u00a0concours d\u2019entr\u00e9e organis\u00e9 chaque ann\u00e9e au mois de mai\u00a0dans chaque pays par\u00a0les <a href=\"https:\/\/www.eamau.org\/wp-content\/uploads\/2023\/03\/Adresses_des_Ministeres_en_Charge2023.pdf\" target=\"_blank\" rel=\"noreferrer noopener\">Minist\u00e8res en charge<\/a> \u00a0(les formalit\u00e9s pour participer au concours commencent au mois de mars).<\/p>\n\n\n\n<p>Les candidats admis sont soient boursiers de leurs Etats ou d\u2019un organisme de coop\u00e9ration internationale.<\/p>\n\n\n\n<p>L\u2019\u00e9cole accepte aussi des \u00e9l\u00e8ves de statut priv\u00e9 pouvant garantir le paiement des frais de scolarit\u00e9 annuelle de 2.500.000 F CFA (3805 Euros).<\/p>\n<\/div>\n\n\n\n<p><strong>INFORMATION IMPORTANTE<\/strong><\/p>\n\n\n\n<h5 class=\"wp-block-heading\">NB :&nbsp;<strong>Les candidats ayant une moyenne sup\u00e9rieure ou \u00e9gale&nbsp; \u00e0 10,00 sont autoris\u00e9s \u00e0 s\u2019inscrire \u00e0&nbsp;&nbsp;\u00ab&nbsp;titre priv\u00e9&nbsp;\u00bb&nbsp;&nbsp;dans les fili\u00e8res Architecture, Urbanisme et&nbsp; Gestion Urbaine, et dans la limite des places disponibles. Les candidats d\u00e9sireux de s\u2019inscrire \u00e0 titre priv\u00e9 sont pri\u00e9s d\u2019adresser une demande \u00e0 la Direction G\u00e9n\u00e9rale de l\u2019EAMAU avec les pi\u00e8ces justificatives de r\u00e9ussite au BAC 2 d\u00e8s la publication des r\u00e9sultats en vue de s\u00e9curiser les places qui sont tr\u00e8s limit\u00e9es.<\/strong><\/h5>\n\n\n\n<h4 class=\"wp-block-heading\"><\/h4>\n\n\n\n<h4 class=\"wp-block-heading\"><a href=\"https:\/\/www.eamau.org\/?page_id=707\">Cliquer ici pour consulter les informations utiles<\/a><\/h4>\n<\/div><\/div>\n\n\n\n<div class=\"wp-block-buttons is-horizontal is-content-justification-right is-layout-flex wp-container-core-buttons-is-layout-ae2fe186 wp-block-buttons-is-layout-flex\">\n<div class=\"wp-block-button is-style-outline is-style-outline--1\"><a class=\"wp-block-button__link has-luminous-vivid-orange-color has-text-color wp-element-button\" href=\"https:\/\/www.eamau.org\/?p=1003\" target=\"_blank\" rel=\"noreferrer noopener\"><strong>Concours d&rsquo;entr\u00e9e<\/strong> 2026<\/a><\/div>\n<\/div>\n\n\n\n<div style=\"height:56px\" aria-hidden=\"true\" class=\"wp-block-spacer\"><\/div>\n\n\n\n<h4 class=\"wp-block-heading\"><strong>Admissions \u00e0 un niveau sup\u00e9rieur par validation des acquis<\/strong><\/h4>\n\n\n\n<p>Cette proc\u00e9dure concerne les candidats ayant un dipl\u00f4me dans les domaines de l\u2019architecture ou proches de l\u2019architecture et de l\u2019urbanisme ainsi que les titulaires d\u2019un dipl\u00f4me de l\u2019enseignement sup\u00e9rieur dans les m\u00eames domaines&nbsp;<a href=\"#\" data-type=\"URL\" target=\"_blank\" rel=\"noreferrer noopener\"><strong>Liste des pi\u00e8ces \u00e0 fournir&nbsp; pour une candidature en passerelle<\/strong>.<\/a><\/p>\n\n\n\n<p><strong>Un droit d\u2019inscription de 12500 FCFA (20 euros) est demand\u00e9 \u00e0 tous les \u00e9tudiants pour s\u2019inscrire pour l\u2019ann\u00e9e acad\u00e9mique en cours.<\/strong><\/p>\n\n\n\n<p>Liste indicative de dipl\u00f4mes pouvant permettre une entr\u00e9e en:<\/p>\n\n\n\n<ul class=\"wp-block-list\">\n<li><strong>Deuxi\u00e8me ann\u00e9e<\/strong>:&nbsp;BTS Design d\u2019Espace, Agencement, Arts appliqu\u00e9s, DUT G\u00e9nie Civil,<\/li>\n\n\n\n<li><strong>Troisi\u00e8me ann\u00e9e<\/strong>:&nbsp;dipl\u00f4me d\u2019ing\u00e9nieur TP ou GC, architecte d\u2019int\u00e9rieur, assistants architectes,<\/li>\n\n\n\n<li><strong>Quatri\u00e8me ann\u00e9e<\/strong>:&nbsp;double dipl\u00f4me d\u2019ing\u00e9nieur ou \u00ab&nbsp;licence&nbsp;\u00bb Architecture, Ing\u00e9nieur des Ponts et Chauss\u00e9es, Master.<\/li>\n<\/ul>\n\n\n\n<p><a href=\"https:\/\/www.eamau.org\/?page_id=707\" target=\"_blank\" rel=\"noreferrer noopener\"><mark style=\"background-color:rgba(0, 0, 0, 0)\" class=\"has-inline-color has-vivid-purple-color\">Cliquer pour vous documenter <\/mark><\/a><\/p>\n\n\n\n<div style=\"height:52px\" aria-hidden=\"true\" class=\"wp-block-spacer\"><\/div>\n","protected":false},"excerpt":{"rendered":"<p>&nbsp;Admissions en premi\u00e8re ann\u00e9e Admissions \u00e0 un niveau sup\u00e9rieur par validation des acquis Cette proc\u00e9dure concerne les candidats ayant un dipl\u00f4me dans les domaines de l\u2019architecture ou proches de l\u2019architecture et de l\u2019urbanisme ainsi que les titulaires d\u2019un dipl\u00f4me de l\u2019enseignement sup\u00e9rieur dans les m\u00eames domaines&nbsp;Liste des pi\u00e8ces \u00e0 fournir&nbsp; pour une candidature en passerelle.<\/p>\n","protected":false},"author":1,"featured_media":0,"parent":0,"menu_order":0,"comment_status":"closed","ping_status":"closed","template":"","meta":{"ngg_post_thumbnail":0,"footnotes":""},"class_list":["post-641","page","type-page","status-publish","hentry"],"_links":{"self":[{"href":"https:\/\/www.eamau.org\/index.php?rest_route=\/wp\/v2\/pages\/641","targetHints":{"allow":["GET"]}}],"collection":[{"href":"https:\/\/www.eamau.org\/index.php?rest_route=\/wp\/v2\/pages"}],"about":[{"href":"https:\/\/www.eamau.org\/index.php?rest_route=\/wp\/v2\/types\/page"}],"author":[{"embeddable":true,"href":"https:\/\/www.eamau.org\/index.php?rest_route=\/wp\/v2\/users\/1"}],"replies":[{"embeddable":true,"href":"https:\/\/www.eamau.org\/index.php?rest_route=%2Fwp%2Fv2%2Fcomments&post=641"}],"version-history":[{"count":36,"href":"https:\/\/www.eamau.org\/index.php?rest_route=\/wp\/v2\/pages\/641\/revisions"}],"predecessor-version":[{"id":4533,"href":"https:\/\/www.eamau.org\/index.php?rest_route=\/wp\/v2\/pages\/641\/revisions\/4533"}],"wp:attachment":[{"href":"https:\/\/www.eamau.org\/index.php?rest_route=%2Fwp%2Fv2%2Fmedia&parent=641"}],"curies":[{"name":"wp","href":"https:\/\/api.w.org\/{rel}","templated":true}]}}