{"id":603,"date":"2021-03-24T11:19:55","date_gmt":"2021-03-24T11:19:55","guid":{"rendered":"https:\/\/www.eamau.org\/?page_id=603"},"modified":"2021-04-14T12:17:45","modified_gmt":"2021-04-14T12:17:45","slug":"presentation","status":"publish","type":"page","link":"https:\/\/www.eamau.org\/?page_id=603","title":{"rendered":"Pr\u00e9sentation"},"content":{"rendered":"\n<div class=\"wp-block-media-text alignwide is-stacked-on-mobile is-vertically-aligned-top\" style=\"grid-template-columns:23% auto\"><figure class=\"wp-block-media-text__media\"><img loading=\"lazy\" decoding=\"async\" width=\"768\" height=\"1024\" src=\"https:\/\/www.eamau.org\/wp-content\/uploads\/2021\/04\/eamau_8-768x1024.jpg\" alt=\"\" class=\"wp-image-877 size-full\" srcset=\"https:\/\/www.eamau.org\/wp-content\/uploads\/2021\/04\/eamau_8-768x1024.jpg 768w, https:\/\/www.eamau.org\/wp-content\/uploads\/2021\/04\/eamau_8-225x300.jpg 225w, https:\/\/www.eamau.org\/wp-content\/uploads\/2021\/04\/eamau_8-1152x1536.jpg 1152w, https:\/\/www.eamau.org\/wp-content\/uploads\/2021\/04\/eamau_8-1536x2048.jpg 1536w, https:\/\/www.eamau.org\/wp-content\/uploads\/2021\/04\/eamau_8-scaled.jpg 1920w\" sizes=\"auto, (max-width: 768px) 100vw, 768px\" \/><\/figure><div class=\"wp-block-media-text__content\">\n<h4 class=\"wp-block-heading\"><strong>L\u2019EAMAU,<\/strong><\/h4>\n\n\n\n<p>bas\u00e9e \u00e0 Lom\u00e9 au Togo est une institution inter-\u00e9tats d\u2019enseignement sup\u00e9rieur et de recherche. Elle fut fond\u00e9e par une r\u00e9solution du sommet des Chefs d\u2019Etats de l\u2019OCAM en\u00a0<strong>1975<\/strong>, \u00e0 la suite d\u2019une \u00e9tude de l\u2019UNESCO sur la n\u00e9cessit\u00e9 effective d\u2019une institution de formation en architecture et urbanisme, au b\u00e9n\u00e9fice des Etats africains en pleine croissance urbaine<strong>.<\/strong><\/p>\n\n\n\n<p>L\u2019EAMAU est :<\/p>\n\n\n\n<ul class=\"wp-block-list\"><li><strong>Depuis 2004 : P\u00f4le d\u2019excellence r\u00e9gional de l\u2019Agence Universitaire de la Francophonie<\/strong><\/li><li><strong>Depuis 2005 : Partenaire de l\u2019U.I.A. et de l\u2019U.A.A.<\/strong><\/li><li><strong>Depuis 2006 : Centre d\u2019Excellence R\u00e9gional de l\u2019U.E.M.O.A.<\/strong><\/li><li><strong>Depuis 2007 : Membre de l\u2019APERAU<\/strong><\/li><\/ul>\n\n\n\n<p><\/p>\n<\/div><\/div>\n\n\n\n<div class=\"wp-block-group is-layout-flow wp-block-group-is-layout-flow\"><div class=\"wp-block-group__inner-container\"><\/div><\/div>\n\n\n\n<h4 class=\"wp-block-heading\"><strong>Pays membres :<\/strong><\/h4>\n\n\n\n<div class=\"wp-block-columns is-layout-flex wp-container-core-columns-is-layout-9d6595d7 wp-block-columns-is-layout-flex\">\n<div class=\"wp-block-column is-layout-flow wp-block-column-is-layout-flow\" style=\"flex-basis:33.33%\">\n<p>A ce jour, le service de l\u2019EAMAU s\u2019\u00e9tend sur 14 pays d\u2019Afrique francophone au Sud du Sahara.<\/p>\n\n\n\n<p>Les Pays d&rsquo;Afrique de l&rsquo;Ouest<\/p>\n\n\n\n<ul class=\"wp-block-list\"><li>BENIN,<\/li><li>BURKINA FASO,<\/li><li>COTE D\u2019IVOIRE,<\/li><li>GUINEE BISSAU,<\/li><li>MALI,<\/li><li>NIGER,<\/li><li>SENEGAL,<\/li><li>TOGO<\/li><\/ul>\n\n\n\n<p>Les pays d&rsquo;Afrique Centrale<\/p>\n\n\n\n<ul class=\"wp-block-list\"><li>CAMEROUN,<\/li><li>CENTRAFRIQUE,<\/li><li>CONGO,<\/li><li>GABON,<\/li><li>GUINEE EQUATORIALE,<\/li><li>TCHAD<\/li><\/ul>\n<\/div>\n\n\n\n<div class=\"wp-block-column is-layout-flow wp-block-column-is-layout-flow\" style=\"flex-basis:66.66%\">\n<figure class=\"wp-block-image size-large\"><img loading=\"lazy\" decoding=\"async\" width=\"790\" height=\"600\" src=\"https:\/\/www.eamau.org\/wp-content\/uploads\/2021\/03\/carte_eamau-darken-790x600-1.jpg\" alt=\"\" class=\"wp-image-610\" srcset=\"https:\/\/www.eamau.org\/wp-content\/uploads\/2021\/03\/carte_eamau-darken-790x600-1.jpg 790w, https:\/\/www.eamau.org\/wp-content\/uploads\/2021\/03\/carte_eamau-darken-790x600-1-300x228.jpg 300w, https:\/\/www.eamau.org\/wp-content\/uploads\/2021\/03\/carte_eamau-darken-790x600-1-768x583.jpg 768w\" sizes=\"auto, (max-width: 790px) 100vw, 790px\" \/><\/figure>\n<\/div>\n<\/div>\n","protected":false},"excerpt":{"rendered":"<p>L\u2019EAMAU, bas\u00e9e \u00e0 Lom\u00e9 au Togo est une institution inter-\u00e9tats d\u2019enseignement sup\u00e9rieur et de recherche. Elle fut fond\u00e9e par une r\u00e9solution du sommet des Chefs d\u2019Etats de l\u2019OCAM en\u00a01975, \u00e0 la suite d\u2019une \u00e9tude de l\u2019UNESCO sur la n\u00e9cessit\u00e9 effective d\u2019une institution de formation en architecture et urbanisme, au b\u00e9n\u00e9fice des Etats africains en pleine<\/p>\n","protected":false},"author":1,"featured_media":0,"parent":0,"menu_order":0,"comment_status":"closed","ping_status":"closed","template":"","meta":{"ngg_post_thumbnail":0,"footnotes":""},"class_list":["post-603","page","type-page","status-publish","hentry"],"_links":{"self":[{"href":"https:\/\/www.eamau.org\/index.php?rest_route=\/wp\/v2\/pages\/603","targetHints":{"allow":["GET"]}}],"collection":[{"href":"https:\/\/www.eamau.org\/index.php?rest_route=\/wp\/v2\/pages"}],"about":[{"href":"https:\/\/www.eamau.org\/index.php?rest_route=\/wp\/v2\/types\/page"}],"author":[{"embeddable":true,"href":"https:\/\/www.eamau.org\/index.php?rest_route=\/wp\/v2\/users\/1"}],"replies":[{"embeddable":true,"href":"https:\/\/www.eamau.org\/index.php?rest_route=%2Fwp%2Fv2%2Fcomments&post=603"}],"version-history":[{"count":14,"href":"https:\/\/www.eamau.org\/index.php?rest_route=\/wp\/v2\/pages\/603\/revisions"}],"predecessor-version":[{"id":885,"href":"https:\/\/www.eamau.org\/index.php?rest_route=\/wp\/v2\/pages\/603\/revisions\/885"}],"wp:attachment":[{"href":"https:\/\/www.eamau.org\/index.php?rest_route=%2Fwp%2Fv2%2Fmedia&parent=603"}],"curies":[{"name":"wp","href":"https:\/\/api.w.org\/{rel}","templated":true}]}}