{"id":546,"date":"2021-03-24T10:02:33","date_gmt":"2021-03-24T10:02:33","guid":{"rendered":"https:\/\/www.eamau.org\/?page_id=546"},"modified":"2026-02-05T15:33:47","modified_gmt":"2026-02-05T15:33:47","slug":"mot-du-directeur","status":"publish","type":"page","link":"https:\/\/www.eamau.org\/?page_id=546","title":{"rendered":"Mot du Directeur"},"content":{"rendered":"\n<div class=\"wp-block-columns is-layout-flex wp-container-core-columns-is-layout-9d6595d7 wp-block-columns-is-layout-flex\">\n<div class=\"wp-block-column is-layout-flow wp-block-column-is-layout-flow\" style=\"flex-basis:100%\">\n<div class=\"wp-block-columns is-layout-flex wp-container-core-columns-is-layout-9d6595d7 wp-block-columns-is-layout-flex\">\n<div class=\"wp-block-column is-layout-flow wp-block-column-is-layout-flow\" style=\"flex-basis:100%\">\n<div class=\"wp-block-columns are-vertically-aligned-top is-layout-flex wp-container-core-columns-is-layout-9d6595d7 wp-block-columns-is-layout-flex\">\n<div class=\"wp-block-column is-vertically-aligned-top is-layout-flow wp-block-column-is-layout-flow\" style=\"flex-basis:100%\">\n<div class=\"wp-block-columns is-layout-flex wp-container-core-columns-is-layout-9d6595d7 wp-block-columns-is-layout-flex\">\n<div class=\"wp-block-column is-layout-flow wp-block-column-is-layout-flow\" style=\"flex-basis:100%\">\n<div class=\"wp-block-columns has-black-color has-very-light-gray-to-cyan-bluish-gray-gradient-background has-text-color has-background is-layout-flex wp-container-core-columns-is-layout-9d6595d7 wp-block-columns-is-layout-flex\">\n<div class=\"wp-block-column is-layout-flow wp-block-column-is-layout-flow\" style=\"flex-basis:33.33%\">\n<figure class=\"wp-block-image aligncenter size-large is-resized is-style-default\"><img decoding=\"async\" src=\"https:\/\/www.eamau.org\/wp-content\/uploads\/2025\/03\/DG.jpg\" alt=\"\" class=\"wp-image-320\" style=\"width:274px;height:305px\"\/><figcaption class=\"wp-element-caption\"><strong><strong>Dr MALAM BOUKAR Awa Krou<\/strong>,<\/strong><\/figcaption><\/figure>\n<\/div>\n\n\n\n<div class=\"wp-block-column is-vertically-aligned-bottom is-layout-flow wp-block-column-is-layout-flow\" style=\"flex-basis:66.66%\"><div class=\"wp-block-image\">\n<figure class=\"aligncenter size-large is-resized\"><img loading=\"lazy\" decoding=\"async\" width=\"1024\" height=\"678\" src=\"https:\/\/www.eamau.org\/wp-content\/uploads\/2021\/04\/eamau_7-1024x678.jpg\" alt=\"\" class=\"wp-image-873\" style=\"width:468px;height:308px\" srcset=\"https:\/\/www.eamau.org\/wp-content\/uploads\/2021\/04\/eamau_7-1024x678.jpg 1024w, https:\/\/www.eamau.org\/wp-content\/uploads\/2021\/04\/eamau_7-300x199.jpg 300w, https:\/\/www.eamau.org\/wp-content\/uploads\/2021\/04\/eamau_7-768x509.jpg 768w, https:\/\/www.eamau.org\/wp-content\/uploads\/2021\/04\/eamau_7-1536x1017.jpg 1536w, https:\/\/www.eamau.org\/wp-content\/uploads\/2021\/04\/eamau_7-2048x1356.jpg 2048w\" sizes=\"auto, (max-width: 1024px) 100vw, 1024px\" \/><figcaption class=\"wp-element-caption\"><em>Entr\u00e9e, Bloc P\u00e9dagogique de l&rsquo;EAMAU<\/em><\/figcaption><\/figure>\n<\/div>\n\n\n<p><\/p>\n<\/div>\n<\/div>\n<\/div>\n<\/div>\n<\/div>\n<\/div>\n<\/div>\n<\/div>\n\n\n\n<div class=\"wp-block-media-text alignwide has-media-on-the-right is-stacked-on-mobile is-vertically-aligned-center\" style=\"grid-template-columns:auto 46%\"><div class=\"wp-block-media-text__content\">\n<p class=\"has-large-font-size\">L&rsquo;EAMAU :<\/p>\n\n\n\n<p>L\u2019Ecole Africaine des M\u00e9tiers de l\u2019Architecture et de l\u2019Urbanisme (EAMAU) est une Institution d\u2019Enseignement Sup\u00e9rieur inter-Etats cr\u00e9\u00e9e par la vision des chefs d\u2019Etats Africains en vue d\u2019accompagner l\u2019urbanisation des villes africaines.<\/p>\n\n\n\n<p>Les pronostics sur l\u2019urbanisation ne laissent aucun doute sur le fait que la croissance des villes africaines va plus que doubler \u00e0 l\u2019horizon 2050. Les facteurs majeurs de ce processus soul\u00e8vent d\u2019une part les questions de logements d\u00e9cents, la d\u00e9gradation de l\u2019environnement, et la valorisation du patrimoine ; de l\u2019autre part ces facteurs placent le paradigme de la modernisation des villes africaines en une multitude de d\u00e9fis majeurs du 21 eme si\u00e8cle pour les populations.<\/p>\n\n\n\n<p>L\u2019EAMAU apr\u00e8s plus de 49 ann\u00e9es d\u2019existence, ambitionne de se positionner comme un outil p\u00e9dagogique pour r\u00e9pondre aux d\u00e9fis de l\u2019urbanisation galopante des villes africaines. L\u2019Ecole offre aux apprenants, un cadre propice d\u2019apprentissage des connaissances des m\u00e9tiers de l\u2019architecture et de l\u2019urbanisme \u00e0 travers la formation des architectes, urbanistes et gestionnaires urbains capables de maitriser les enjeux de l\u2019urbanisation des villes africaines. La formation offre un enseignement Bac+5, dans le syst\u00e8me LMD, ancr\u00e9 dans les techniques de la conception, de la planification spatiale avec un degr\u00e9 avanc\u00e9 d\u2019analyse et d\u2019anticipation dans leur domaine d\u2019expertise.<\/p>\n<\/div><figure class=\"wp-block-media-text__media\"><img loading=\"lazy\" decoding=\"async\" width=\"768\" height=\"1024\" src=\"https:\/\/www.eamau.org\/wp-content\/uploads\/2021\/04\/eamau_10-768x1024.jpg\" alt=\"\" class=\"wp-image-866 size-full\" srcset=\"https:\/\/www.eamau.org\/wp-content\/uploads\/2021\/04\/eamau_10-768x1024.jpg 768w, https:\/\/www.eamau.org\/wp-content\/uploads\/2021\/04\/eamau_10-225x300.jpg 225w, https:\/\/www.eamau.org\/wp-content\/uploads\/2021\/04\/eamau_10-1152x1536.jpg 1152w, https:\/\/www.eamau.org\/wp-content\/uploads\/2021\/04\/eamau_10-1536x2048.jpg 1536w, https:\/\/www.eamau.org\/wp-content\/uploads\/2021\/04\/eamau_10-scaled.jpg 1920w\" sizes=\"auto, (max-width: 768px) 100vw, 768px\" \/><\/figure><\/div>\n\n\n\n<p>Les efforts de la Direction G\u00e9n\u00e9rale ne cessent de croitre en vue d\u2019am\u00e9liorer le cursus de la formation et de former des professionnels pr\u00eats pour la pratique de la profession, ainsi renforcer la pr\u00e9sence de l\u2019Institution dans les pays africains.<\/p>\n\n\n\n<p>Dans son \u00e9lan de l\u2019\u00e9mergence vers le rayonnement international, je remercie tous les Etats membres de l\u2019EAMAU pour leur soutien constant \u00e0 l\u2019institution panafricaine. Aussi mes remerciements vont aux partenaires techniques et financiers pour leur accompagnement de l\u2019Institution dans la r\u00e9flexion et la th\u00e9orisation du domaine d\u2019expertise qui devient de plus en plus strat\u00e9gique dans le d\u00e9veloppement des pays africains.<\/p>\n\n\n\n<p>Je voudrai rendre un vibrant hommage aux personnels enseignants, administratifs, et aux \u00e9tudiants de l\u2019EAMAU qui ont \u0153uvr\u00e9 dans la compr\u00e9hension avec la direction afin d\u2019aboutir aux succ\u00e8s sans cesse r\u00e9alis\u00e9s par l\u2019Ecole. L\u2019\u00e9quipe dirigeante entend pousser les ambitions du rayonnement de l\u2019EAMAU \u00e0 travers un enseignement bas\u00e9 sur la pratique et \u00e9clair\u00e9 par la recherche en vue de relever les grands d\u00e9fis du 21eme si\u00e8cle, et par cons\u00e9quent maitriser la mutation des villes et la qualit\u00e9 des \u00e9difices humaines en Afrique et dans le monde.<\/p>\n\n\n\n<p>Enfin, je profite de l\u2019occasion, pour souhaiter \u00e0 toutes et \u00e0 tous une bonne et heureuse ann\u00e9e 2026. Que l\u2019ann\u00e9e d\u00e9j\u00e0 entam\u00e9e soit une ann\u00e9e couronn\u00e9e de succ\u00e8s dans les activit\u00e9s.<\/p>\n\n\n\n<p><strong><strong>Dr MALAM BOUKAR Awa Krou<\/strong><\/strong><\/p>\n<\/div>\n<\/div>\n\n\n\n<p><\/p>\n","protected":false},"excerpt":{"rendered":"<p>Dr MALAM BOUKAR Awa Krou, L&rsquo;EAMAU : L\u2019Ecole Africaine des M\u00e9tiers de l\u2019Architecture et de l\u2019Urbanisme (EAMAU) est une Institution d\u2019Enseignement Sup\u00e9rieur inter-Etats cr\u00e9\u00e9e par la vision des chefs d\u2019Etats Africains en vue d\u2019accompagner l\u2019urbanisation des villes africaines. Les pronostics sur l\u2019urbanisation ne laissent aucun doute sur le fait que la croissance des villes africaines<\/p>\n","protected":false},"author":1,"featured_media":0,"parent":0,"menu_order":0,"comment_status":"closed","ping_status":"closed","template":"","meta":{"ngg_post_thumbnail":0,"footnotes":""},"class_list":["post-546","page","type-page","status-publish","hentry"],"_links":{"self":[{"href":"https:\/\/www.eamau.org\/index.php?rest_route=\/wp\/v2\/pages\/546","targetHints":{"allow":["GET"]}}],"collection":[{"href":"https:\/\/www.eamau.org\/index.php?rest_route=\/wp\/v2\/pages"}],"about":[{"href":"https:\/\/www.eamau.org\/index.php?rest_route=\/wp\/v2\/types\/page"}],"author":[{"embeddable":true,"href":"https:\/\/www.eamau.org\/index.php?rest_route=\/wp\/v2\/users\/1"}],"replies":[{"embeddable":true,"href":"https:\/\/www.eamau.org\/index.php?rest_route=%2Fwp%2Fv2%2Fcomments&post=546"}],"version-history":[{"count":67,"href":"https:\/\/www.eamau.org\/index.php?rest_route=\/wp\/v2\/pages\/546\/revisions"}],"predecessor-version":[{"id":4374,"href":"https:\/\/www.eamau.org\/index.php?rest_route=\/wp\/v2\/pages\/546\/revisions\/4374"}],"wp:attachment":[{"href":"https:\/\/www.eamau.org\/index.php?rest_route=%2Fwp%2Fv2%2Fmedia&parent=546"}],"curies":[{"name":"wp","href":"https:\/\/api.w.org\/{rel}","templated":true}]}}