{"id":4400,"date":"2026-03-02T17:23:09","date_gmt":"2026-03-02T17:23:09","guid":{"rendered":"https:\/\/www.eamau.org\/?page_id=4400"},"modified":"2026-03-03T10:04:32","modified_gmt":"2026-03-03T10:04:32","slug":"revue-scientifique-de-leamau-habitat-et-ville-durable-hvd-volume-2-n2-decembre-2025","status":"publish","type":"page","link":"https:\/\/www.eamau.org\/?page_id=4400","title":{"rendered":"Revue scientifique de l\u2019EAMAU \u00ab\u00a0Habitat et Ville Durable\u00a0\u00bb (HVD) Volume 2 N\u00b02 D\u00e9cembre 2025"},"content":{"rendered":"<h2 class=\"has-text-align-center wp-block-post-title\">Revue scientifique de l\u2019EAMAU \u00ab\u00a0Habitat et Ville Durable\u00a0\u00bb (HVD) Volume 2 N\u00b02 D\u00e9cembre 2025<\/h2>\n\n<div >\n        <div class=\" plethoraplugins-tabs-container plethoraplugins-tabs-container--vertical plethoraplugins-theme__minimal plethoraplugins-theme__tabby \" \n\t\t\tdata-pds-tabs--layout=\"vertical\"  \n\t\t\tdata-pds-tabs--theme=\"tabby\"  \n\t\t\tdata-pds-tabs--mobile-breakpoint-forced=\"\"\n\t\t\t data-pds-tabs--accordion-icon-type=\"\" data-pds-tabs--accordion-icon=\"true\"  data-pds-tabs--accordion-icon-size=\"\"  data-pds-tabs--accordion-heading-level=\"h3\" data-pds-tabs--accordion-auto-close=\"true\" >\n            <div class=\"plethoraplugins-sidenavjump\" style=\"flex-basis: 25%\" >\n              <ul><li>\n                        <a \n                                href=\"#page_de_garde\"\n                                class=\" active\" \n                            >\n                            <span>PAGE DE GARDE<\/span>\n                        <\/a>\n                    <\/li><li>\n                        <a \n                                href=\"#editorial\"\n                                class=\"\" \n                            >\n                            <span>EDITORIAL<\/span>\n                        <\/a>\n                    <\/li><li>\n                        <a \n                                href=\"#1_kintele_face_au_double_defis_de_lurbanisation_et_du_climat_vers_une_ville_resiliente_rolland_moussitou_moukouengo_davorion_ruben_kognoko\"\n                                class=\"\" \n                            >\n                            <span>1-KINTELE FACE AU DOUBLE DEFIS DE L\u2019URBANISATION ET DU CLIMAT : VERS<br>UNE VILLE RESILIENTE<br>Rolland MOUSSITOU MOUKOUENGO, Davorion Ruben KOGNOKO.<\/span>\n                        <\/a>\n                    <\/li><li>\n                        <a \n                                href=\"#2_laccessibilit_critique_et_le_potentiel_des_espaces_publics_ouverts_de_ndjamna_a_lpreuve_de_lindicateur_11_7_1_des_odd__bassena_pierre_mahamat_h\"\n                                class=\"\" \n                            >\n                            <span>2-L\u2019ACCESSIBILIT\u00c9 CRITIQUE ET LE POTENTIEL DES ESPACES PUBLICS OUVERTS DE N\u2019DJAM\u00c9NA A L\u2019\u00c9PREUVE DE L\u2019INDICATEUR 11.7.1 DES ODD.<br>BASSENA Pierre, MAHAMAT HEMCHI Hassane, MALAM BOUKAR Awa Krou.<\/span>\n                        <\/a>\n                    <\/li><li>\n                        <a \n                                href=\"#3_dynamique_de_loccupation_du_sol_dans_la_commune_dagoe_nyive_dans_le_grand_lome_au_togo__innocent_joachim_emvoulou_komivi_amouzoukpo_madinattou_takili__\"\n                                class=\"\" \n                            >\n                            <span>3-DYNAMIQUE DE L\u2019OCCUPATION DU SOL DANS LA COMMUNE D\u2019AGOE-NYIVE DANS LE GRAND LOME AU TOGO.<br>Innocent Joachim EMVOULOU, Komivi AMOUZOUKPO, Madinat\u00e8tou TAKILI.<br><\/span>\n                        <\/a>\n                    <\/li><li>\n                        <a \n                                href=\"#4_dynamiques_spatio_temporelles_de_loccupation_du_sol_et_regression_du_couvert_vgtal_dans_une_ville_secondaire_du_togo__le_cas_dadeta_19912023__aya_djimba_ko\"\n                                class=\"\" \n                            >\n                            <span>4-DYNAMIQUES SPATIO-TEMPORELLES DE L\u2019OCCUPATION DU SOL ET REGRESSION DU COUVERT V\u00c9G\u00c9TAL DANS UNE VILLE SECONDAIRE DU TOGO :<br>LE CAS D\u2019ADETA (1991\u20132023).<br>Aya DJIMBA, Kouyole Cl\u00e9ment NIKABOU.<\/span>\n                        <\/a>\n                    <\/li><li>\n                        <a \n                                href=\"#5_volution_des_decoupages_administratifs_au_tchad_analyse_historique_et_cartographique_des_transitions_de_prefectures_vers_regions_puis_provinces__ndoutorlengar_mdard_djimadoum_mba\"\n                                class=\"\" \n                            >\n                            <span>5-\u00c9VOLUTION DES DECOUPAGES ADMINISTRATIFS AU TCHAD : ANALYSE<br>HISTORIQUE ET CARTOGRAPHIQUE DES TRANSITIONS DE PREFECTURES VERS<br>REGIONS PUIS PROVINCES.<br>NDOUTORLENGAR M\u00e9dard, DJIMADOUM MBA\u00cfMIAN Justin, NEINLEMBAYE Tr\u00e9pose.<\/span>\n                        <\/a>\n                    <\/li><li>\n                        <a \n                                href=\"#6_historique_des_courants_migratoires_dans_la_ville_dagadez_niger__maman_kassou_abdoulaye_adamou_harou_abdou_oumar_farouk_mallam_bounia_maikano\"\n                                class=\"\" \n                            >\n                            <span>6-HISTORIQUE DES COURANTS MIGRATOIRES DANS LA VILLE D\u2019AGADEZ (NIGER).<br>Maman KASSOU, Abdoulaye ADAMOU, Harou ABDOU, Oumar Farouk MALLAM<br>BOUNIA MAIKANO.<\/span>\n                        <\/a>\n                    <\/li><li>\n                        <a \n                                href=\"#7_les_effets_de_lhabitat_durgence_sur_la_structure_urbaine_dans_les_villes_de_ouagadougou_kaya_dori_et_kongoussi_au_burkina_faso__estelle_yaogo_thrse_lompo\"\n                                class=\"\" \n                            >\n                            <span>7-LES EFFETS DE L\u2019HABITAT D\u2019URGENCE SUR LA STRUCTURE URBAINE DANS LES<br>VILLES DE OUAGADOUGOU, KAYA, DORI ET KONGOUSSI AU BURKINA FASO.<br>Estelle YAOGO, Th\u00e9r\u00e8se LOMPO.<\/span>\n                        <\/a>\n                    <\/li><li>\n                        <a \n                                href=\"#8_integrer_lurgence_de_la_prise_en_charge_des_populations_vulnerables_et_deplaces_internes_dans_les_amenagements_architecturaux_et_urbains_au_burkina_faso_collaboration_et_interets_des_acte\"\n                                class=\"\" \n                            >\n                            <span>8-INTEGRER L\u2019URGENCE DE LA PRISE EN CHARGE DES POPULATIONS<br>VULNERABLES ET DEPLACES INTERNES DANS LES AMENAGEMENTS<br>ARCHITECTURAUX ET URBAINS AU BURKINA FASO : COLLABORATION ET<br>INTERETS DES ACTEURS ACADEMIQUES ET PROFESSIONNELS.<br>Pougdwend\u00e9 L\u00e9andre GUIGMA.<\/span>\n                        <\/a>\n                    <\/li><li>\n                        <a \n                                href=\"#9_constructions_et_environnement_urbain_a_nkongsamba__bernadette_anne_merveille_ngo_nonga_jol_sagne_moumbe\"\n                                class=\"\" \n                            >\n                            <span>9-CONSTRUCTIONS ET ENVIRONNEMENT URBAIN A NKONGSAMBA.<br>Bernadette Anne Merveille NGO NONGA, Jo\u00ebl SAGNE MOUMBE.<\/span>\n                        <\/a>\n                    <\/li><li>\n                        <a \n                                href=\"#10_le_controle_du_gaz_radon_pour_une_qualite_de_lair_interieur_dans_lenvironnement_bti_une_approche_technologique_aux_constructions_nouvelles_dans_la_ville_de_douala_au_camer\"\n                                class=\"\" \n                            >\n                            <span>10-LE CONTROLE DU GAZ RADON POUR UNE QUALITE DE L\u2019AIR INTERIEUR DANS<br>L\u2019ENVIRONNEMENT B\u00c2TI : UNE APPROCHE TECHNOLOGIQUE AUX CONSTRUCTIONS NOUVELLES DANS LA VILLE DE DOUALA AU CAMEROUN.<br>Christophe NKUINA.<\/span>\n                        <\/a>\n                    <\/li><li>\n                        <a \n                                href=\"#11_probleme_dacces_et_usages_de_leau_dans_la_ville_de_tanout_au_niger__abdoulaye_talle_ali_malam_abdou_moussa_kailou_djibo_abdou\"\n                                class=\"\" \n                            >\n                            <span>11-PROBLEME D\u2019ACCES ET USAGES DE L\u2019EAU DANS LA VILLE DE TANOUT AU<br>NIGER.<br>ABDOULAYE TALLE Ali, MALAM ABDOU Moussa, KAILOU DJIBO Abdou.<\/span>\n                        <\/a>\n                    <\/li><li>\n                        <a \n                                href=\"#12_analyse_de_la_gestion_des_eaux_usees_domestiques_a_zinder_cas_de_larrondissement_communal_zinderi_idrissa_amani_abdou_ismal_ousseini_nafiou_mahamadou_mounir_zakari_balkissa_said\"\n                                class=\"\" \n                            >\n                            <span>12-ANALYSE DE LA GESTION DES EAUX USEES DOMESTIQUES A ZINDER : CAS DE<br>L\u2019ARRONDISSEMENT COMMUNAL ZINDERI Idrissa AMANI ABDOU, Isma\u00ebl OUSSEINI NAFIOU, Mahamadou Mounir ZAKARI, Balkissa<br>SAIDOU KOULEY.<\/span>\n                        <\/a>\n                    <\/li><\/ul>\n            <\/div>\n            <div class=\"plethoraplugins-tabs--content plethoraplugins-sidenavjump-content\" style=\"flex-basis: 75%\">\n                \n<div class=\"\"  data-pds-tabs--accordion-initially-open=\"false\" >\n\n<p><\/p>\n\n\n\n<div class=\"wp-block-pdf-viewer-block-standard\" style=\"text-align:left\"><div class=\"uploaded-pdf\"><a href=\"https:\/\/www.eamau.org\/wp-content\/uploads\/2026\/03\/page-de-garde.pdf\" data-width=\"\" data-height=\"1200\"><\/a><\/div><\/div>\n\n<\/div>\n\n<div class=\"\"  data-pds-tabs--accordion-initially-open=\"false\" >\n\n<div class=\"wp-block-pdf-viewer-block-standard\" style=\"text-align:left\"><div class=\"uploaded-pdf\"><a href=\"https:\/\/www.eamau.org\/wp-content\/uploads\/2026\/03\/EDITORIAL.pdf\" data-width=\"\" data-height=\"3150\"><\/a><\/div><\/div>\n\n<\/div>\n\n<div class=\"\"  data-pds-tabs--accordion-initially-open=\"false\" >\n\n<div class=\"wp-block-pdf-viewer-block-standard\" style=\"text-align:left\"><div class=\"uploaded-pdf\"><a href=\"https:\/\/www.eamau.org\/wp-content\/uploads\/2026\/03\/1.-Rolland-MOUSSITOU-MOUKOUENGO-et-Davorion-Ruben-KOGNOKO.pdf\" data-width=\"\" data-height=\"3450\"><\/a><\/div><\/div>\n\n<\/div>\n\n<div class=\"\"  data-pds-tabs--accordion-initially-open=\"false\" >\n\n<div class=\"wp-block-pdf-viewer-block-standard\" style=\"text-align:left\"><div class=\"uploaded-pdf\"><a href=\"https:\/\/www.eamau.org\/wp-content\/uploads\/2026\/03\/2.-BASSENA-Pierre-MAHAMAT-HEMCHI-Hassane-MALAM-BOUKAR-Awa-Krou.pdf\" data-width=\"\" data-height=\"3450\"><\/a><\/div><\/div>\n\n<\/div>\n\n<div class=\"\"  data-pds-tabs--accordion-initially-open=\"false\" >\n\n<div class=\"wp-block-pdf-viewer-block-standard\" style=\"text-align:left\"><div class=\"uploaded-pdf\"><a href=\"https:\/\/www.eamau.org\/wp-content\/uploads\/2026\/03\/3.-Innocent-Joachim-EMVOULOU-Komivi-AMOUZOUKPO-et-Madinatetou-TAKILI.pdf\" data-width=\"\" data-height=\"3160\"><\/a><\/div><\/div>\n\n<\/div>\n\n<div class=\"\"  data-pds-tabs--accordion-initially-open=\"false\" >\n\n<div class=\"wp-block-pdf-viewer-block-standard\" style=\"text-align:left\"><div class=\"uploaded-pdf\"><a href=\"https:\/\/www.eamau.org\/wp-content\/uploads\/2026\/03\/4.-Aya-DJIMBA-et-Kouyole-Clement-NIKABOU.pdf\" data-width=\"\" data-height=\"3160\"><\/a><\/div><\/div>\n\n<\/div>\n\n<div class=\"\"  data-pds-tabs--accordion-initially-open=\"false\" >\n\n<div class=\"wp-block-pdf-viewer-block-standard\" style=\"text-align:left\"><div class=\"uploaded-pdf\"><a href=\"https:\/\/www.eamau.org\/wp-content\/uploads\/2026\/03\/5.-NDOUTORLENGAR-Medard-DJIMADOUM-MBAIMIAN-Justin-et-NEINLEMBAYE-Trepose.pdf\" data-width=\"\" data-height=\"3160\"><\/a><\/div><\/div>\n\n<\/div>\n\n<div class=\"\"  data-pds-tabs--accordion-initially-open=\"false\" >\n\n<div class=\"wp-block-pdf-viewer-block-standard\" style=\"text-align:left\"><div class=\"uploaded-pdf\"><a href=\"https:\/\/www.eamau.org\/wp-content\/uploads\/2026\/03\/6.-Maman-KASSOU-Abdoulaye-ADAMOU-Harou-ABDOU-et-Oumar-Farouk-MALLAM-BOUNIA-MAIKANO.pdf\" data-width=\"\" data-height=\"3160\"><\/a><\/div><\/div>\n\n<\/div>\n\n<div class=\"\"  data-pds-tabs--accordion-initially-open=\"false\" >\n\n<div class=\"wp-block-pdf-viewer-block-standard\" style=\"text-align:left\"><div class=\"uploaded-pdf\"><a href=\"https:\/\/www.eamau.org\/wp-content\/uploads\/2026\/03\/7.-Estelle-YAOGO-et-Therese-LOMPO.pdf\" data-width=\"\" data-height=\"3160\"><\/a><\/div><\/div>\n\n<\/div>\n\n<div class=\"\"  data-pds-tabs--accordion-initially-open=\"false\" >\n\n<div class=\"wp-block-pdf-viewer-block-standard\" style=\"text-align:left\"><div class=\"uploaded-pdf\"><a href=\"https:\/\/www.eamau.org\/wp-content\/uploads\/2026\/03\/8.-Pougdwende-Leandre-GUIGMA.pdf\" data-width=\"\" data-height=\"3160\"><\/a><\/div><\/div>\n\n<\/div>\n\n<div class=\"\"  data-pds-tabs--accordion-initially-open=\"false\" >\n\n<div class=\"wp-block-pdf-viewer-block-standard\" style=\"text-align:left\"><div class=\"uploaded-pdf\"><a href=\"https:\/\/www.eamau.org\/wp-content\/uploads\/2026\/03\/9.-Bernadette-Anne-Merveille-NGO-NONGA-et-Joel-SAGNE-MOUMBE.pdf\" data-width=\"\" data-height=\"3160\"><\/a><\/div><\/div>\n\n<\/div>\n\n<div class=\"\"  data-pds-tabs--accordion-initially-open=\"false\" >\n\n<div class=\"wp-block-pdf-viewer-block-standard\" style=\"text-align:left\"><div class=\"uploaded-pdf\"><a href=\"https:\/\/www.eamau.org\/wp-content\/uploads\/2026\/03\/10.-Christophe-NKUINA.pdf\" data-width=\"\" data-height=\"3160\"><\/a><\/div><\/div>\n\n<\/div>\n\n<div class=\"\"  data-pds-tabs--accordion-initially-open=\"false\" >\n\n<div class=\"wp-block-pdf-viewer-block-standard\" style=\"text-align:left\"><div class=\"uploaded-pdf\"><a href=\"https:\/\/www.eamau.org\/wp-content\/uploads\/2026\/03\/11.-ABDOULAYE-TALLE-Ali-MALAM-ABDOU-Moussa-et-KAILOU-DJIBO-Abdou.pdf\" data-width=\"\" data-height=\"3160\"><\/a><\/div><\/div>\n\n<\/div>\n\n<div class=\"\"  data-pds-tabs--accordion-initially-open=\"false\" >\n\n<div class=\"wp-block-pdf-viewer-block-standard\" style=\"text-align:left\"><div class=\"uploaded-pdf\"><a href=\"https:\/\/www.eamau.org\/wp-content\/uploads\/2026\/03\/12.-Idrissa-AMANI-ABDOU-Ismael-OUSSEINI-NAFIOU-Mahamadou-Mounir-ZAKARI-et-Balkissa-SAIDOU-KOULEY.pdf\" data-width=\"\" data-height=\"3160\"><\/a><\/div><\/div>\n\n<\/div>\n\n            <\/div>\n        <\/div>\n        \n    <\/div>","protected":false},"excerpt":{"rendered":"","protected":false},"author":1,"featured_media":0,"parent":0,"menu_order":0,"comment_status":"closed","ping_status":"closed","template":"","meta":{"ngg_post_thumbnail":0,"footnotes":""},"class_list":["post-4400","page","type-page","status-publish","hentry"],"_links":{"self":[{"href":"https:\/\/www.eamau.org\/index.php?rest_route=\/wp\/v2\/pages\/4400","targetHints":{"allow":["GET"]}}],"collection":[{"href":"https:\/\/www.eamau.org\/index.php?rest_route=\/wp\/v2\/pages"}],"about":[{"href":"https:\/\/www.eamau.org\/index.php?rest_route=\/wp\/v2\/types\/page"}],"author":[{"embeddable":true,"href":"https:\/\/www.eamau.org\/index.php?rest_route=\/wp\/v2\/users\/1"}],"replies":[{"embeddable":true,"href":"https:\/\/www.eamau.org\/index.php?rest_route=%2Fwp%2Fv2%2Fcomments&post=4400"}],"version-history":[{"count":52,"href":"https:\/\/www.eamau.org\/index.php?rest_route=\/wp\/v2\/pages\/4400\/revisions"}],"predecessor-version":[{"id":4489,"href":"https:\/\/www.eamau.org\/index.php?rest_route=\/wp\/v2\/pages\/4400\/revisions\/4489"}],"wp:attachment":[{"href":"https:\/\/www.eamau.org\/index.php?rest_route=%2Fwp%2Fv2%2Fmedia&parent=4400"}],"curies":[{"name":"wp","href":"https:\/\/api.w.org\/{rel}","templated":true}]}}