{"id":3985,"date":"2025-04-23T12:16:24","date_gmt":"2025-04-23T12:16:24","guid":{"rendered":"https:\/\/www.eamau.org\/?page_id=3985"},"modified":"2025-04-24T10:09:35","modified_gmt":"2025-04-24T10:09:35","slug":"revue-scientifique-de-leamau-habitat-et-ville-durable-hdv-volume-2-n1-avril-2025","status":"publish","type":"page","link":"https:\/\/www.eamau.org\/?page_id=3985","title":{"rendered":"Revue scientifique de l\u2019EAMAU \u00ab\u00a0Habitat et Ville Durable\u00a0\u00bb (HVD) Volume 2 N\u00b01 Avril 2025"},"content":{"rendered":"\n<h2 class=\"wp-block-heading has-text-align-center\">Revue scientifique de l\u2019EAMAU \u00ab&nbsp;Habitat et Ville Durable&nbsp;\u00bb (HVD) Volume 2 N\u00b01 Avril 2025<\/h2>\n\n\n<div >\n        <div class=\" plethoraplugins-tabs-container plethoraplugins-tabs-container--vertical plethoraplugins-theme__minimal plethoraplugins-theme__tabby \" \n\t\t\tdata-pds-tabs--layout=\"vertical\"  \n\t\t\tdata-pds-tabs--theme=\"tabby\"  \n\t\t\tdata-pds-tabs--mobile-breakpoint-forced=\"\"\n\t\t\t data-pds-tabs--accordion-icon-type=\"\" data-pds-tabs--accordion-icon=\"true\"  data-pds-tabs--accordion-icon-size=\"\"  data-pds-tabs--accordion-heading-level=\"h3\" data-pds-tabs--accordion-auto-close=\"true\" >\n            <div class=\"plethoraplugins-sidenavjump\" style=\"flex-basis: 25%\" >\n              <ul><li>\n                        <a \n                                href=\"#page_de_garde\"\n                                class=\" active\" \n                            >\n                            <span>Page de Garde<\/span>\n                        <\/a>\n                    <\/li><li>\n                        <a \n                                href=\"#editorial\"\n                                class=\"\" \n                            >\n                            <span>Editorial<\/span>\n                        <\/a>\n                    <\/li><li>\n                        <a \n                                href=\"#les_ingalits_environnementales__casablanca_entre_immobilisme_et_activisme__nya_imane\"\n                                class=\"\" \n                            >\n                            <span>Les in\u00e9galit\u00e9s environnementales \u00e0 Casablanca : entre immobilisme et activisme.<br>Nya Imane<\/span>\n                        <\/a>\n                    <\/li><li>\n                        <a \n                                href=\"#la_gestion_foncire_dans_les_collectivits_territoriales_au_sngal_cas_de_la_commune_de_louga_nord_ouest_du_sngal__babacar_mbaye_cheikh_samba_wade_cheikh_tidiane\"\n                                class=\"\" \n                            >\n                            <span>La gestion fonci\u00e8re dans les collectivit\u00e9s territoriales au S\u00e9n\u00e9gal : Cas de la<br>commune de Louga (Nord-ouest du S\u00e9n\u00e9gal).<br>Babacar MBAYE,<br>Cheikh Samba WADE,<br>Cheikh Tidiane WADE<\/span>\n                        <\/a>\n                    <\/li><li>\n                        <a \n                                href=\"#laccs_aux_services_urbains_essentiels_rvlateur_de_prcarit_urbaine_dans_les_quartiers_priphriques_de_larrondissement_communal_niamey_5\"\n                                class=\"\" \n                            >\n                            <span>L\u2019acc\u00e8s aux services urbains essentiels, r\u00e9v\u00e9lateur de pr\u00e9carit\u00e9<br>urbaine dans les quartiers p\u00e9riph\u00e9riques de l\u2019arrondissement<br>communal niamey 5 \u2013 Niger<br>MOUSSA Y. Abdoul,<br>MOTCHO K. Henri<\/span>\n                        <\/a>\n                    <\/li><li>\n                        <a \n                                href=\"#etablissement_des_entits_caractristiques_de_risque_dincendie_et_modlisation_en_milieu_urbain_a_habitat_spontan__marceline_nkwenkeu_moyou_andr_yves_\"\n                                class=\"\" \n                            >\n                            <span>Etablissement des entit\u00e9s caract\u00e9ristiques de risque d\u2019incendie et mod\u00e9lisation, en milieu urbain a habitat spontan\u00e9.<br>Marceline Nkwenkeu,<br>Moyou Andr\u00e9 Yves<br><\/span>\n                        <\/a>\n                    <\/li><\/ul>\n            <\/div>\n            <div class=\"plethoraplugins-tabs--content plethoraplugins-sidenavjump-content\" style=\"flex-basis: 75%\">\n                \n<div class=\"\"  data-pds-tabs--accordion-initially-open=\"false\" >\n\n<p><\/p>\n\n\n\n<div class=\"wp-block-pdf-viewer-block-standard\" style=\"text-align:left\"><div class=\"uploaded-pdf\"><a href=\"https:\/\/www.eamau.org\/wp-content\/uploads\/2025\/04\/Revue_garde.pdf\" data-width=\"\" data-height=\"1000\"><\/a><\/div><\/div>\n\n<\/div>\n\n<div class=\"\"  data-pds-tabs--accordion-initially-open=\"false\" >\n\n<p><\/p>\n\n\n\n<div class=\"wp-block-pdf-viewer-block-standard\" style=\"text-align:left\"><div class=\"uploaded-pdf\"><a href=\"https:\/\/www.eamau.org\/wp-content\/uploads\/2025\/04\/edito.pdf\" data-width=\"\" data-height=\"1000\"><\/a><\/div><\/div>\n\n<\/div>\n\n<div class=\"\"  data-pds-tabs--accordion-initially-open=\"false\" >\n\n<p><\/p>\n\n\n\n<div class=\"wp-block-pdf-viewer-block-standard\" style=\"text-align:left\"><div class=\"uploaded-pdf\"><a href=\"https:\/\/www.eamau.org\/wp-content\/uploads\/2025\/04\/Art1-Revue-2.pdf\" data-width=\"\" data-height=\"1000\"><\/a><\/div><\/div>\n\n<\/div>\n\n<div class=\"\"  data-pds-tabs--accordion-initially-open=\"false\" >\n\n<p><\/p>\n\n\n\n<div class=\"wp-block-pdf-viewer-block-standard\" style=\"text-align:left\"><div class=\"uploaded-pdf\"><a href=\"https:\/\/www.eamau.org\/wp-content\/uploads\/2025\/04\/Art2-Revue-2.pdf\" data-width=\"\" data-height=\"1000\"><\/a><\/div><\/div>\n\n<\/div>\n\n<div class=\"\"  data-pds-tabs--accordion-initially-open=\"false\" >\n\n<p><\/p>\n\n\n\n<div class=\"wp-block-pdf-viewer-block-standard\" style=\"text-align:left\"><div class=\"uploaded-pdf\"><a href=\"https:\/\/www.eamau.org\/wp-content\/uploads\/2025\/04\/Art3-Revue-2.pdf\" data-width=\"\" data-height=\"1000\"><\/a><\/div><\/div>\n\n<\/div>\n\n<div class=\"\"  data-pds-tabs--accordion-initially-open=\"false\" >\n\n<p><\/p>\n\n\n\n<div class=\"wp-block-pdf-viewer-block-standard\" style=\"text-align:left\"><div class=\"uploaded-pdf\"><a href=\"https:\/\/www.eamau.org\/wp-content\/uploads\/2025\/04\/Art4-Revue-2.pdf\" data-width=\"\" data-height=\"1000\"><\/a><\/div><\/div>\n\n<\/div>\n\n            <\/div>\n        <\/div>\n        \n    <\/div>","protected":false},"excerpt":{"rendered":"<p>Revue scientifique de l\u2019EAMAU \u00ab&nbsp;Habitat et Ville Durable&nbsp;\u00bb (HVD) Volume 2 N\u00b01 Avril 2025<\/p>\n","protected":false},"author":1,"featured_media":0,"parent":0,"menu_order":0,"comment_status":"closed","ping_status":"closed","template":"","meta":{"ngg_post_thumbnail":0,"footnotes":""},"class_list":["post-3985","page","type-page","status-publish","hentry"],"_links":{"self":[{"href":"https:\/\/www.eamau.org\/index.php?rest_route=\/wp\/v2\/pages\/3985","targetHints":{"allow":["GET"]}}],"collection":[{"href":"https:\/\/www.eamau.org\/index.php?rest_route=\/wp\/v2\/pages"}],"about":[{"href":"https:\/\/www.eamau.org\/index.php?rest_route=\/wp\/v2\/types\/page"}],"author":[{"embeddable":true,"href":"https:\/\/www.eamau.org\/index.php?rest_route=\/wp\/v2\/users\/1"}],"replies":[{"embeddable":true,"href":"https:\/\/www.eamau.org\/index.php?rest_route=%2Fwp%2Fv2%2Fcomments&post=3985"}],"version-history":[{"count":20,"href":"https:\/\/www.eamau.org\/index.php?rest_route=\/wp\/v2\/pages\/3985\/revisions"}],"predecessor-version":[{"id":4402,"href":"https:\/\/www.eamau.org\/index.php?rest_route=\/wp\/v2\/pages\/3985\/revisions\/4402"}],"wp:attachment":[{"href":"https:\/\/www.eamau.org\/index.php?rest_route=%2Fwp%2Fv2%2Fmedia&parent=3985"}],"curies":[{"name":"wp","href":"https:\/\/api.w.org\/{rel}","templated":true}]}}