{"id":3447,"date":"2024-08-19T19:05:22","date_gmt":"2024-08-19T19:05:22","guid":{"rendered":"https:\/\/www.eamau.org\/?page_id=3447"},"modified":"2024-09-12T09:28:54","modified_gmt":"2024-09-12T09:28:54","slug":"revue-habitat-et-villes-durables-rhvd","status":"publish","type":"page","link":"https:\/\/www.eamau.org\/?page_id=3447","title":{"rendered":"Revue Habitat et Villes Durables &#8211; RHVD"},"content":{"rendered":"\n<figure class=\"wp-block-table\"><table class=\"has-vivid-cyan-blue-color has-text-color has-background has-link-color has-fixed-layout\" style=\"background-color:#fcfa00a1\"><tbody><tr><td class=\"has-text-align-center\" data-align=\"center\">Appel \u00e0 articles<\/td><td class=\"has-text-align-center\" data-align=\"center\"><strong><em> Volume&nbsp;2, n\u00b0&nbsp;1<\/em><\/strong><\/td><td class=\"has-text-align-center\" data-align=\"center\"><a href=\"https:\/\/www.eamau.org\/?page_id=3051\" target=\"_blank\" rel=\"noreferrer noopener\"><strong>Nous contacter<\/strong><\/a><\/td><td class=\"has-text-align-center\" data-align=\"center\"><strong><a href=\"https:\/\/www.eamau.org\/wp-content\/uploads\/2024\/08\/Appel-a-articles-RHVD-EAMAU-V2N1-1.pdf\">PDF<\/a><\/strong><\/td><td class=\"has-text-align-center\" data-align=\"center\"><a href=\"https:\/\/www.eamau.org\/wp-content\/uploads\/2024\/09\/Revue_EAMAU_guide_aux_auteurs.pdf\">Guide aux Auteurs<\/a> <\/td><\/tr><\/tbody><\/table><\/figure>\n\n\n\n<h2 class=\"wp-block-heading\">Th\u00e8me : Politiques de planification urbaine face aux enjeux de l\u2019urbanisation durable en Afrique<\/h2>\n\n\n\n<blockquote class=\"wp-block-quote is-layout-flow wp-block-quote-is-layout-flow\">\n<p class=\"has-vivid-cyan-blue-color has-text-color has-link-color has-small-font-size wp-elements-2ca5fb9b058c001398763dcf373d159e\"><em>Appel coordonn\u00e9 par&nbsp;: KAILOU DJIBO ABDOU &amp; HASSANE MAHAMAT HEMCHI<\/em><\/p>\n<\/blockquote>\n\n\n\n<p>La croissance exponentielle des agglom\u00e9rations urbaines en Afrique a attir\u00e9 l\u2019attention des scientifiques, praticiens, d\u00e9cideurs, organisations non-gouvernementales et parties prenantes internationales. Les pr\u00e9occupations ont beaucoup concern\u00e9 les droits et l\u2019acc\u00e8s aux services urbains de base dans les villes africaines qui ont \u00e9t\u00e9 influenc\u00e9es par les diff\u00e9rentes pratiques urbaines depuis les ann\u00e9es 60 et 70. Pour trouver une solution, on a assist\u00e9 \u00e0 une planification urbaine rigide souvent s\u00e9gr\u00e9gationniste et d\u00e9connect\u00e9e des r\u00e9alit\u00e9s africaines dans les ann\u00e9es 1980. En effet, les politiques, techniciens, experts et bailleurs de fonds travaillant sur la fabrique urbaine ont import\u00e9 des solutions et des id\u00e9es d\u00e9j\u00e0 \u00e9tablies, emprunt\u00e9es aux th\u00e9ories architecturales, urbaines et de planification, d\u00e9velopp\u00e9es et parfois test\u00e9es dans les pays occidentaux (Giuseppe et al., 2021). Dans certains cas, les plans directeurs des villes africaines ont \u00e9t\u00e9 con\u00e7us par des experts \u00e9trangers aux contextes qui, le plus souvent n\u2019associent pas les acteurs locaux (Coquery-Vidrovitch, 2006&nbsp;; V\u00e9nard 1986), collectent et traitent de mani\u00e8re sommaire les donn\u00e9es locales. Cet \u00e9tat de fait n\u2019a pas facilit\u00e9 le transfert de comp\u00e9tences au niveau local et a engendr\u00e9 un probl\u00e8me de gestion urbaine. Ainsi, malgr\u00e9 leur succ\u00e8s relatif, les expertises et les plans import\u00e9s ont du mal \u00e0 \u00eatre un mod\u00e8le r\u00e9ussi pour une fabrique urbaine durable en Afrique. Les raisons qui peuvent expliquer cela sont multiples. Les plus significatives sont la croissance d\u00e9mographique, l\u2019urbanisation rapide, l\u2019informalit\u00e9 g\u00e9n\u00e9ralis\u00e9e et la pr\u00e9carit\u00e9 urbaine (Ch\u00e9nal, 2009).<\/p>\n\n\n\n<p>L\u2019accroissement des villes, tant au plan spatial que d\u00e9mographique s\u2019observe en Afrique avec comme cons\u00e9quence imm\u00e9diate des probl\u00e8mes li\u00e9s \u00e0 l\u2019insuffisance ou absence des services urbains et infrastructures pour r\u00e9pondre aux besoins primaires des populations. Apr\u00e8s les ind\u00e9pendances en 1960, l\u2019Afrique est rentr\u00e9e dans une phase d\u2019urbanisation galopante, en 1970 avec l\u2019\u00e9mergence de plus de 3000 agglom\u00e9rations dont la plupart totalisent en moyenne entre 250\u2009000 \u00e0 500\u2009000 habitants. Pour encadrer ce d\u00e9veloppement urbain, les politiques de l\u2019habitat \u00e9taient beaucoup plus centr\u00e9es sur le logement social selon le mod\u00e8le des \u00c9tats-providence destin\u00e9 en primaut\u00e9 aux fonctionnaires. Cette option, exclut de facto les populations \u00e0 faibles revenus qui constituent l\u2019\u00e9crasante majorit\u00e9 des citoyens. Une situation qui a eu pour cons\u00e9quence dans la prolif\u00e9ration de l\u2019habitats pr\u00e9caires, de quartiers populaires, des enclaves r\u00e9sidentielles s\u00e9gr\u00e9gu\u00e9s, des centres \u00ab\u2009gentrifi\u00e9s\u2009\u00bb (Ch\u00e9nal, 2009). Cela a favoris\u00e9 l\u2019\u00e9talement urbain tentaculaire que connait les villes africaines. Ainsi, la morphologie de la ville africaine se d\u00e9marque par un \u00e9clatement spatial et des conglom\u00e9rats avec des limites difficilement identifiables. Ces villes consomment beaucoup d\u2019espace avec un surco\u00fbt \u00e9vident en am\u00e9nagement des voiries et r\u00e9seaux divers.<\/p>\n\n\n\n<p>Par ailleurs, la ville africaine se distingue des autres par son informalit\u00e9 g\u00e9n\u00e9ralis\u00e9e. En effet les activit\u00e9s informelles repr\u00e9senteraient, selon les villes, entre 60 \u00e0 90&nbsp;% de l\u2019emploi urbain et de 30 \u00e0 50&nbsp;% de la cr\u00e9ation de richesses (Elong Mbassi&nbsp;1999). Hormis l\u2019emploi, d\u2019autres secteurs sont aussi concern\u00e9s par l\u2019absence de r\u00e8gles officielles et de reconnaissance l\u00e9gale. L\u2019informalit\u00e9 concerne aussi l\u2019acquisition fonci\u00e8re que la construction qui s\u2019effectue hors de toute norme d\u2019ing\u00e9nierie. L\u2019autorit\u00e9 n\u2019a plus la main mise sur les questions de l\u2019organisation spatiale puisque les individus s\u2019y installent de mani\u00e8re totalement al\u00e9atoire et sporadique par insuffisance de planification rigoureuse pr\u00e9\u00e9tablie (Boniface 2012).<\/p>\n\n\n\n<p>Enfin le probl\u00e8me financier des Etats est une donn\u00e9e de taille \u00e0 prendre en compte pour expliquer l\u2019\u00e9cart entre les plans des villes et les r\u00e9alisations. En effet, cons\u00e9cutivement \u00e0 la crise \u00e9conomique des ann\u00e9es&nbsp;1980, les \u00c9tats ont \u00e9t\u00e9 oblig\u00e9s d\u2019adopter des politiques d\u2019aust\u00e9rit\u00e9 qui ont impact\u00e9 sur le financement de la planification urbaine. Cela a eu un impact sur tous les secteurs en milieu urbain (\u00e9quipement, infrastructure, mobilit\u00e9, transport, eau potable, \u00e9lectricit\u00e9, etc.). En outre, les \u00c9tats sont contraints de reconnaitre la composante de la population citadine vivant dans des zones informelles par la communaut\u00e9 internationale dans les ann\u00e9es 1980. Devant la raret\u00e9 des ressources financi\u00e8res et l\u2019urgence d\u2019int\u00e9grer les populations pr\u00e9caires \u00e0 la ville, plusieurs villes avaient initi\u00e9 des vastes programmes d\u2019urbanisme op\u00e9rationnel pour faire une mise \u00e0 jour (<em>Upgrading<\/em>) soit par des projets de restructuration, de r\u00e9habilitation, de d\u00e9guerpissement, d\u2019expropriation ou tout simplement par un renouv\u00e8lement urbain.<\/p>\n\n\n\n<p>Eu \u00e9gard aux probl\u00e8mes auxquels se heurte la planification urbaine en Afrique, il est \u00e9vident que les d\u00e9fis actuels pour atteindre les objectifs du d\u00e9veloppement durable (ODD) et les aspirations du Nouvel Agenda de l\u2019Urbanisation&nbsp;2063 de l\u2019Union Africaine sont \u00e9normes.<\/p>\n\n\n\n<p>Ce num\u00e9ro (Vol 2 n\u00b01) d\u2019appel \u00e0 article th\u00e9matique vise \u00e0 dresser un \u00e9tat des lieux des r\u00e9flexions actuelles sur la planification urbaine et l\u2019orientation de l\u2019urbanisation vers le d\u00e9veloppement urbain durable, tout en prenant en compte l\u2019\u00e9conomie, la r\u00e9duction de la pauvret\u00e9, l\u2019habitat, le transport et la pr\u00e9servation de l\u2019environnement.<\/p>\n\n\n\n<p>Le pr\u00e9sent appel s\u2019adresse aussi bien aux scientifiques toutes disciplines confondues qu\u2019aux professionnels travaillant sur les m\u00e9tiers de la ville en g\u00e9n\u00e9ral et de la ville durable en particulier.<\/p>\n\n\n\n<p>Nous accueillons les articles portant sur des pratiques urbanistiques, des conceptions architecturales ou des visions urbaines, des exp\u00e9riences de planification globales, des structures de gouvernance ou des activit\u00e9s li\u00e9es au d\u00e9veloppement urbain durable en Afrique. Des r\u00e9flexions sur les strat\u00e9gies alternatives pour r\u00e9ussir une urbanisation durable sont vivement attendues. Ainsi, nous encourageons les contributions qui d\u00e9veloppent des approches bas\u00e9es sur un regard local pour relever les d\u00e9fis \u00e9mergents des villes africaines comme, l\u2019\u00e9talement urbain, l\u2019informalit\u00e9, la pr\u00e9carit\u00e9 des citadins, le foncier, les services urbains essentiels, la construction \u00e0 l\u2019\u00e9chelle avec des mat\u00e9riaux bio-sourc\u00e9s.<\/p>\n\n\n\n<p>Sans \u00eatre exhaustif, les axes d\u2019int\u00e9r\u00eat sp\u00e9cifiques pour ce num\u00e9ro s\u2019inscrivent dans les bases de la planification urbaine, le ph\u00e9nom\u00e8ne d\u2019urbanisation, les services urbains essentiels, les constructions durables et la r\u00e9silience urbaine.<\/p>\n\n\n\n<ol class=\"wp-block-list\">\n<li><strong>L\u2019Afrique face aux d\u00e9fis de l\u2019urbanisation durable<\/strong><\/li>\n<\/ol>\n\n\n\n<p>Selon plusieurs sources (Banque Mondiale, 2017, Abdourahaman, 2018, etc.), la population africaine repr\u00e9senterait le quart de la population mondiale en 2050. Comment relever ce d\u00e9fi pour une urbanisation durable\u2009? Quels nouveaux outils d\u2019urbanisme pour afin d\u2019att\u00e9nuer les effets de l\u2019\u00e9talement&nbsp;? Comment pr\u00e9parer les territoires face au changement climatique et de favoriser la cr\u00e9ation d\u2019emplois \u00e0 travers des mod\u00e8les durables\u2009?<\/p>\n\n\n\n<ul class=\"wp-block-list\">\n<li><strong>&nbsp;Solutions et pratiques par le bas<\/strong><\/li>\n<\/ul>\n\n\n\n<p>Selon l\u2019organisation internationale du travail, 66% des actifs travaillent dans des secteurs informels (OIT, 2013). En ce sens, les m\u00e9canismes formels de production de la fabrique urbaine ouvrent une r\u00e9flexion sur des solutions alternatives pour le d\u00e9veloppement des services et des villes. Les approches participatives, les projets de conception \u00ab&nbsp;<em>low cost<\/em>&nbsp;\u00bb et parfois \u00e0 l\u2019appel \u00e0 l\u2019expertise \u00e9trang\u00e8re se sont r\u00e9pandus. De quelle mani\u00e8re la ville informelle et non planifi\u00e9e impacte-t-elle, les activit\u00e9s de planification urbaine\u2009? Quelles op\u00e9rations et initiatives ont r\u00e9ussi \u00e0 s\u00e9curiser et promouvoir l\u2019insertion des populations \u00e0 revenus faibles dans le secteur urbain\u2009?<\/p>\n\n\n\n<ul class=\"wp-block-list\">\n<li><strong>Gestion fonci\u00e8re en Afrique<\/strong><\/li>\n<\/ul>\n\n\n\n<p>L\u2019analyse de la gestion fonci\u00e8re dans plusieurs villes comme Niamey (Motcho, 2004), Ouagadougou (Boyer, 2010), N\u2019Djamena (MAHAMAT HEMCHI, 2015), etc. a montr\u00e9 le r\u00f4le actif dans le ph\u00e9nom\u00e8ne d\u2019\u00e9talement urbain de plusieurs intervenants notamment les communes, autorit\u00e9s coutumi\u00e8res, notaires, interm\u00e9diaires, sp\u00e9culateurs\u2026 avec des logiques souvent contraires. En th\u00e9orie, ces acteurs doivent permettre un acc\u00e8s inclusif et s\u00e9curisant au foncier. Cependant, ces interventions ont manqu\u00e9 de rationalit\u00e9 pour l\u2019essentiel. Ce qui a contribu\u00e9 \u00e0 \u00e9taler certaines villes et \u00e0 d\u00e9velopper un r\u00e9seau d\u2019affairisme. Quels sont les acteurs intervenants dans la gestion fonci\u00e8re\u2009? Les synergies d\u2019action sont-elles permis d\u2019assurer une gestion optimale du foncier urbain\u2009? Quels impacts sur les terres agricoles\u2009?<\/p>\n\n\n\n<ul class=\"wp-block-list\">\n<li><strong>Infrastructures, \u00e9quipements et acc\u00e8s aux services urbains essentiels<\/strong><\/li>\n<\/ul>\n\n\n\n<p>En Afrique, l\u2019urbanisation rapide n\u2019est pas toujours soutenue par un d\u00e9veloppement \u00e9conomique afin de fournir les services urbains essentiels. La situation est beaucoup plus pr\u00e9occupante pour les services en r\u00e9seau (eau, drainage, \u00e9lectricit\u00e9). En outre l\u2019acc\u00e8s aux \u00e9quipements, au logement abordable et d\u00e9cent reste probl\u00e9matique en d\u00e9pit des engagements nationaux et internationaux. Quelles strat\u00e9gies ou options alternatives ont \u00e9t\u00e9 d\u00e9velopp\u00e9es pour fournir aux populations des infrastructures, suprastructures et services urbains durables\u2009? quelles typologies de logements pour b\u00e2tir des villes durables ancr\u00e9es dans l\u2019identit\u00e9 locale et utilisant les mat\u00e9riaux bio-sourc\u00e9s tels que le bois, la terre, le typha, le granit etc.&nbsp;? <strong><\/strong><\/p>\n\n\n\n<p><strong>Modalit\u00e9s de soumission<\/strong><\/p>\n\n\n\n<p>Les propositions d\u2019articles doivent \u00eatre au format Word, sous forme de textes dont la longueur est comprise entre 10 et 15 pages. Toutefois, les articles scientifiques pr\u00e9sent\u00e9s doivent respecter le guide d\u2019instruction aux auteurs de la revue (cf. www.eamau.org) et le plan de r\u00e9daction suivant&nbsp;: le cadre th\u00e9orique, la m\u00e9thodologie, les r\u00e9sultats et la discussion.<\/p>\n\n\n\n<p>Elles seront adress\u00e9es aux coordinateurs de ce num\u00e9ro ainsi qu\u2019au secr\u00e9tariat de la revue HVD-EAMAU&nbsp;aux adresses suivantes&nbsp;: <a href=\"mailto:revue.hvd.eamau@gmail.com\">revue.hvd.eamau@gmail.com<\/a> et <a href=\"mailto:kailoudjibo@gmail.com\">kailoudjibo@gmail.com<\/a><\/p>\n\n\n\n<p class=\"has-vivid-cyan-blue-color has-text-color has-link-color wp-elements-9d1bfd6777d74cba8545e95e4482f686\"><strong>Calendrier<\/strong><\/p>\n\n\n\n<p>Date de lancement de l\u2019appel \u00e0 articles&nbsp;: <strong>15 Ao\u00fbt 2024.<\/strong><\/p>\n\n\n\n<p>Date limite de r\u00e9ception des propositions&nbsp;des articles complets : <strong>15 novembre 2024.<\/strong><\/p>\n\n\n\n<p>Notifications aux auteurs : <strong>30 novembre 2024<\/strong><\/p>\n\n\n\n<p>R\u00e9ception des articles d\u00e9finitifs : <strong>15 d\u00e9cembre 2024.<\/strong><\/p>\n\n\n\n<p>Parution pr\u00e9vue&nbsp;: <strong>d\u00e9but janvier 2025.<\/strong><\/p>\n\n\n\n<p class=\"has-vivid-cyan-blue-color has-text-color has-link-color wp-elements-d367a0f72186fef5863de8d0819b8f05\">Bibliographie<\/p>\n\n\n\n<p>&#8211; Abdourahamane M. S (2018). L\u2019urbanisation de l\u2019Afrique&nbsp;: davantage de bidonvilles ou des villes intelligentes. <em>Population et Avenir. 14-16.<\/em><\/p>\n\n\n\n<p>&#8211; Banque Mondiale (2017). Rapport sur l\u2019urbanisation en Afrique. https&nbsp;:www.banquemondiale.org.<\/p>\n\n\n\n<p>&#8211; Boniface, D. (2012). Les villes africaines et le d\u00e9fi de la planification urbaine.<\/p>\n\n\n\n<p>&#8211; Boyer, F. (2010). Croissance urbaine, statut migratoire et choix r\u00e9sidentiels des ouagalais. Vers une insertion urbaine s\u00e9gr\u00e9g\u00e9e\u2009? Revue Tiers Monde&nbsp;2010\/1 (n \u00b0&nbsp;201), 18.<\/p>\n\n\n\n<p>&#8211; Chenal, J. (2009). Urbanisation, planification urbaine et mod\u00e8les de ville en Afrique de l\u2019Ouest&nbsp;: jeux et enjeux de l\u2019espace public. Lausanne&nbsp;: ENAC, \u00c9cole Polytechnique F\u00e9d\u00e9rale de Lausanne.<\/p>\n\n\n\n<p>&#8211; Coquery-Vidrovitch, C. (2006). De la ville en Afrique noire. Annales Histoire, Sciences Sociales&nbsp;2006\/5 (61e ann\u00e9e), 1087-1119.<\/p>\n\n\n\n<p>&#8211; Elong Mbassi, J. P. (2018, 11 27). L\u2019urbanisation des villes africaines, un imp\u00e9ratif\u2009! Consult\u00e9 le 04 30, 2019, sur <a href=\"http:\/\/senterritoires.com\/jean-pierre-elong-mbassi-lurbanisation-des-villes-africaines-un-imperatif\/\"><em>http:\/\/senterritoires.com\/jean-pierre-elong-mbassi-lurbanisation-des-villes-africaines-un-imperatif\/<\/em><\/a><\/p>\n\n\n\n<p>&#8211; Giuseppe, F. Axel, F et Luisa, M. (2021). African Cities Through Local Eyes. The Urban Book Series ISBN 978-3-030-84905-4. https:\/\/doi.org\/10.1007\/978-3-030-84906-1<\/p>\n\n\n\n<p>&#8211; MAHAMAT HEMCHI Hassane, 2015, Mobilit\u00e9s urbaines et planification : le cas de N\u2019Djam\u00e9na, Th\u00e8se de doctorat en Am\u00e9nagement de l\u2019espace et Urbanisme, Universit\u00e9 Bordeaux-Montaigne, Pessac, 474p.<\/p>\n\n\n\n<p>&#8211; Motcho, K. H. (2004). La r\u00e9forme communale de la communaut\u00e9 urbaine de Niamey (Niger). Revue de g\u00e9ographie alpine, tome 92, n\u00b0&nbsp;1, 2004. De part et d\u2019autre du Sahara, 111-124.<\/p>\n\n\n\n<p>&#8211; Organisation internationale du travail (2013). Mesurer l\u2019informalit\u00e9&nbsp;: manuel statistique sur le secteur informel et l\u2019emploi informel. p. 384<\/p>\n\n\n\n<p class=\"has-black-color has-text-color has-link-color wp-elements-13799db64ab6a283c9e8548862d34e40\">&#8211; <a>Venard, J. L. (1986). Intervention fran\u00e7aise dans le secteur urbain en Afrique noire francophone. Paris&nbsp;: Economica<\/a>.<\/p>\n\n\n\n<p class=\"has-text-align-center has-vivid-red-color has-text-color has-link-color wp-elements-ad0c9ef103554754eaa01184c7202fd6\"><em>La r\u00e9daction de l\u2019article devra respecter les normes de la revue. Merci de consulter en ligne \u00e0 cette fin.<\/em><\/p>\n\n\n\n<div class=\"wp-block-buttons has-custom-font-size has-medium-font-size is-content-justification-center is-layout-flex wp-container-core-buttons-is-layout-16018d1d wp-block-buttons-is-layout-flex\">\n<div class=\"wp-block-button\"><a class=\"wp-block-button__link has-vivid-cyan-blue-background-color has-text-color has-background has-link-color wp-element-button\" href=\"https:\/\/www.eamau.org\/?page_id=3303\" style=\"color:#fcfa00\">Consulter la Revue Scientifique<\/a><\/div>\n<\/div>\n\n\n\n<p class=\"has-text-align-center\">Adresse e-mail&nbsp;:&nbsp;<a href=\"mailto:revue.hvd.eamau@gmail.com\">revue.hvd.eamau@gmail.com<\/a><\/p>\n","protected":false},"excerpt":{"rendered":"<p>Appel \u00e0 articles Volume&nbsp;2, n\u00b0&nbsp;1 Nous contacter PDF Guide aux Auteurs Th\u00e8me : Politiques de planification urbaine face aux enjeux de l\u2019urbanisation durable en Afrique Appel coordonn\u00e9 par&nbsp;: KAILOU DJIBO ABDOU &amp; HASSANE MAHAMAT HEMCHI La croissance exponentielle des agglom\u00e9rations urbaines en Afrique a attir\u00e9 l\u2019attention des scientifiques, praticiens, d\u00e9cideurs, organisations non-gouvernementales et parties prenantes<\/p>\n","protected":false},"author":1,"featured_media":0,"parent":0,"menu_order":0,"comment_status":"closed","ping_status":"closed","template":"","meta":{"ngg_post_thumbnail":0,"footnotes":""},"class_list":["post-3447","page","type-page","status-publish","hentry"],"_links":{"self":[{"href":"https:\/\/www.eamau.org\/index.php?rest_route=\/wp\/v2\/pages\/3447","targetHints":{"allow":["GET"]}}],"collection":[{"href":"https:\/\/www.eamau.org\/index.php?rest_route=\/wp\/v2\/pages"}],"about":[{"href":"https:\/\/www.eamau.org\/index.php?rest_route=\/wp\/v2\/types\/page"}],"author":[{"embeddable":true,"href":"https:\/\/www.eamau.org\/index.php?rest_route=\/wp\/v2\/users\/1"}],"replies":[{"embeddable":true,"href":"https:\/\/www.eamau.org\/index.php?rest_route=%2Fwp%2Fv2%2Fcomments&post=3447"}],"version-history":[{"count":16,"href":"https:\/\/www.eamau.org\/index.php?rest_route=\/wp\/v2\/pages\/3447\/revisions"}],"predecessor-version":[{"id":3511,"href":"https:\/\/www.eamau.org\/index.php?rest_route=\/wp\/v2\/pages\/3447\/revisions\/3511"}],"wp:attachment":[{"href":"https:\/\/www.eamau.org\/index.php?rest_route=%2Fwp%2Fv2%2Fmedia&parent=3447"}],"curies":[{"name":"wp","href":"https:\/\/api.w.org\/{rel}","templated":true}]}}