{"id":2098,"date":"2022-07-13T09:16:58","date_gmt":"2022-07-13T09:16:58","guid":{"rendered":"https:\/\/www.eamau.org\/?page_id=2098"},"modified":"2025-02-24T17:10:58","modified_gmt":"2025-02-24T17:10:58","slug":"biographie-des-enseignants-de-leamau","status":"publish","type":"page","link":"https:\/\/www.eamau.org\/?page_id=2098","title":{"rendered":"Biographie des Enseignants de l&rsquo;EAMAU"},"content":{"rendered":"\n<div data-wp-interactive=\"core\/file\" class=\"wp-block-file\"><object data-wp-bind--hidden=\"!state.hasPdfPreview\" hidden class=\"wp-block-file__embed\" data=\"https:\/\/www.eamau.org\/wp-content\/uploads\/2022\/07\/Dr-DANVIDE_-Biographie-2.pdf\" type=\"application\/pdf\" style=\"width:100%;height:600px\" aria-label=\"Contenu embarqu\u00e9 Dr DANVIDE B\u00e9noit (DAAS EAMAU).\"><\/object><a id=\"wp-block-file--media-e6e33901-9a9c-4733-ad8e-3a6852a9483f\" href=\"https:\/\/www.eamau.org\/wp-content\/uploads\/2022\/07\/Dr-DANVIDE_-Biographie-2.pdf\">Dr DANVIDE B\u00e9noit (DAAS EAMAU)<\/a><a href=\"https:\/\/www.eamau.org\/wp-content\/uploads\/2022\/07\/Dr-DANVIDE_-Biographie-2.pdf\" class=\"wp-block-file__button wp-element-button\" download aria-describedby=\"wp-block-file--media-e6e33901-9a9c-4733-ad8e-3a6852a9483f\">T\u00e9l\u00e9charger<\/a><\/div>\n\n\n\n<div data-wp-interactive=\"core\/file\" class=\"wp-block-file\"><object data-wp-bind--hidden=\"!state.hasPdfPreview\" hidden class=\"wp-block-file__embed\" data=\"https:\/\/www.eamau.org\/wp-content\/uploads\/2022\/07\/El-Hadj-Diane.pdf\" type=\"application\/pdf\" style=\"width:100%;height:600px\" aria-label=\"Contenu embarqu\u00e9 El-Hadj Diane (Chef D\u00e9partement Architecture).\"><\/object><a id=\"wp-block-file--media-53a35259-2507-4628-b725-2e6e27be1bca\" href=\"https:\/\/www.eamau.org\/wp-content\/uploads\/2022\/07\/El-Hadj-Diane.pdf\">El-Hadj Diane (Chef D\u00e9partement Architecture)<\/a><a href=\"https:\/\/www.eamau.org\/wp-content\/uploads\/2022\/07\/El-Hadj-Diane.pdf\" class=\"wp-block-file__button wp-element-button\" download aria-describedby=\"wp-block-file--media-53a35259-2507-4628-b725-2e6e27be1bca\">T\u00e9l\u00e9charger<\/a><\/div>\n\n\n\n<div data-wp-interactive=\"core\/file\" class=\"wp-block-file\"><object data-wp-bind--hidden=\"!state.hasPdfPreview\" hidden class=\"wp-block-file__embed\" data=\"https:\/\/www.eamau.org\/wp-content\/uploads\/2022\/07\/CVresumeDjeguema.pdf\" type=\"application\/pdf\" style=\"width:100%;height:600px\" aria-label=\"Contenu embarqu\u00e9 Dr. DJEGUEMA Kofi Ad\u00e9bayo (Chef D\u00e9partement Urbanisme).\"><\/object><a id=\"wp-block-file--media-35ffdf6d-2015-48fb-ac57-1559791d74e6\" href=\"https:\/\/www.eamau.org\/wp-content\/uploads\/2022\/07\/CVresumeDjeguema.pdf\">Dr. DJEGUEMA Kofi Ad\u00e9bayo (Chef D\u00e9partement Urbanisme)<\/a><a href=\"https:\/\/www.eamau.org\/wp-content\/uploads\/2022\/07\/CVresumeDjeguema.pdf\" class=\"wp-block-file__button wp-element-button\" download aria-describedby=\"wp-block-file--media-35ffdf6d-2015-48fb-ac57-1559791d74e6\">T\u00e9l\u00e9charger<\/a><\/div>\n\n\n\n<div data-wp-interactive=\"core\/file\" class=\"wp-block-file\"><object data-wp-bind--hidden=\"!state.hasPdfPreview\" hidden class=\"wp-block-file__embed\" data=\"https:\/\/www.eamau.org\/wp-content\/uploads\/2022\/07\/Biographie-GHP.pdf\" type=\"application\/pdf\" style=\"width:100%;height:600px\" aria-label=\"Contenu embarqu\u00e9 Guy Hermann M. PADENOU .\"><\/object><a id=\"wp-block-file--media-ab9b4bda-ab35-4348-8d85-9fe299ee3394\" href=\"https:\/\/www.eamau.org\/wp-content\/uploads\/2022\/07\/Biographie-GHP.pdf\">Guy Hermann M. PADENOU <\/a><a href=\"https:\/\/www.eamau.org\/wp-content\/uploads\/2022\/07\/Biographie-GHP.pdf\" class=\"wp-block-file__button wp-element-button\" download aria-describedby=\"wp-block-file--media-ab9b4bda-ab35-4348-8d85-9fe299ee3394\">T\u00e9l\u00e9charger<\/a><\/div>\n\n\n\n<div data-wp-interactive=\"core\/file\" class=\"wp-block-file\"><object data-wp-bind--hidden=\"!state.hasPdfPreview\" hidden class=\"wp-block-file__embed\" data=\"https:\/\/www.eamau.org\/wp-content\/uploads\/2022\/07\/BIOGRAPHIE-AKOUETE.pdf\" type=\"application\/pdf\" style=\"width:100%;height:600px\" aria-label=\"Contenu embarqu\u00e9 Dr AKOUETE Atsou F..\"><\/object><a id=\"wp-block-file--media-1081e188-88bb-45c3-af11-82d48873c245\" href=\"https:\/\/www.eamau.org\/wp-content\/uploads\/2022\/07\/BIOGRAPHIE-AKOUETE.pdf\">Dr AKOUETE Atsou F.<\/a><a href=\"https:\/\/www.eamau.org\/wp-content\/uploads\/2022\/07\/BIOGRAPHIE-AKOUETE.pdf\" class=\"wp-block-file__button wp-element-button\" download aria-describedby=\"wp-block-file--media-1081e188-88bb-45c3-af11-82d48873c245\">T\u00e9l\u00e9charger<\/a><\/div>\n\n\n\n<div data-wp-interactive=\"core\/file\" class=\"wp-block-file\"><object data-wp-bind--hidden=\"!state.hasPdfPreview\" hidden class=\"wp-block-file__embed\" data=\"https:\/\/www.eamau.org\/wp-content\/uploads\/2022\/07\/Biographie-BANON-Fabrice.pdf\" type=\"application\/pdf\" style=\"width:100%;height:600px\" aria-label=\"Contenu embarqu\u00e9 Dr BANON Fabrice.\"><\/object><a id=\"wp-block-file--media-93838cb6-6e6d-4330-ac88-c35223a2c74e\" href=\"https:\/\/www.eamau.org\/wp-content\/uploads\/2022\/07\/Biographie-BANON-Fabrice.pdf\">Dr BANON Fabrice<\/a><a href=\"https:\/\/www.eamau.org\/wp-content\/uploads\/2022\/07\/Biographie-BANON-Fabrice.pdf\" class=\"wp-block-file__button wp-element-button\" download aria-describedby=\"wp-block-file--media-93838cb6-6e6d-4330-ac88-c35223a2c74e\">T\u00e9l\u00e9charger<\/a><\/div>\n\n\n\n<div data-wp-interactive=\"core\/file\" class=\"wp-block-file\"><object data-wp-bind--hidden=\"!state.hasPdfPreview\" hidden class=\"wp-block-file__embed\" data=\"https:\/\/www.eamau.org\/wp-content\/uploads\/2022\/07\/Biographie_H_M_Hemchi.pdf\" type=\"application\/pdf\" style=\"width:100%;height:600px\" aria-label=\"Contenu embarqu\u00e9 Dr Hassane MAHAMAT HEMCHI (Chef Division Recherche).\"><\/object><a id=\"wp-block-file--media-19a38112-1d4e-4c38-b6aa-fab7b01fa45f\" href=\"https:\/\/www.eamau.org\/wp-content\/uploads\/2022\/07\/Biographie_H_M_Hemchi.pdf\">Dr Hassane MAHAMAT HEMCHI (Chef Division Recherche)<\/a><a href=\"https:\/\/www.eamau.org\/wp-content\/uploads\/2022\/07\/Biographie_H_M_Hemchi.pdf\" class=\"wp-block-file__button wp-element-button\" download aria-describedby=\"wp-block-file--media-19a38112-1d4e-4c38-b6aa-fab7b01fa45f\">T\u00e9l\u00e9charger<\/a><\/div>\n\n\n\n<div data-wp-interactive=\"core\/file\" class=\"wp-block-file\"><object data-wp-bind--hidden=\"!state.hasPdfPreview\" hidden class=\"wp-block-file__embed\" data=\"https:\/\/www.eamau.org\/wp-content\/uploads\/2022\/07\/Dr-Nkwenkeu.pdf\" type=\"application\/pdf\" style=\"width:100%;height:600px\" aria-label=\"Contenu embarqu\u00e9 Dr NKWENKEU Marceline.\"><\/object><a id=\"wp-block-file--media-7d22af84-f952-46bd-bdac-94ef575e37d7\" href=\"https:\/\/www.eamau.org\/wp-content\/uploads\/2022\/07\/Dr-Nkwenkeu.pdf\">Dr NKWENKEU Marceline<\/a><a href=\"https:\/\/www.eamau.org\/wp-content\/uploads\/2022\/07\/Dr-Nkwenkeu.pdf\" class=\"wp-block-file__button wp-element-button\" download aria-describedby=\"wp-block-file--media-7d22af84-f952-46bd-bdac-94ef575e37d7\">T\u00e9l\u00e9charger<\/a><\/div>\n\n\n\n<div data-wp-interactive=\"core\/file\" class=\"wp-block-file\"><object data-wp-bind--hidden=\"!state.hasPdfPreview\" hidden class=\"wp-block-file__embed\" data=\"https:\/\/www.eamau.org\/wp-content\/uploads\/2022\/07\/Biographie_Professionnel_AGBAGLA_Josefina.pdf\" type=\"application\/pdf\" style=\"width:100%;height:600px\" aria-label=\"Contenu embarqu\u00e9 Mme AGBAGLA_Josefina.\"><\/object><a id=\"wp-block-file--media-2810ab81-6adc-428b-8c42-1b3031a78b19\" href=\"https:\/\/www.eamau.org\/wp-content\/uploads\/2022\/07\/Biographie_Professionnel_AGBAGLA_Josefina.pdf\">Mme AGBAGLA_Josefina<\/a><a href=\"https:\/\/www.eamau.org\/wp-content\/uploads\/2022\/07\/Biographie_Professionnel_AGBAGLA_Josefina.pdf\" class=\"wp-block-file__button wp-element-button\" download aria-describedby=\"wp-block-file--media-2810ab81-6adc-428b-8c42-1b3031a78b19\">T\u00e9l\u00e9charger<\/a><\/div>\n\n\n\n<div data-wp-interactive=\"core\/file\" class=\"wp-block-file\"><object data-wp-bind--hidden=\"!state.hasPdfPreview\" hidden class=\"wp-block-file__embed\" data=\"https:\/\/www.eamau.org\/wp-content\/uploads\/2022\/07\/biographie_gake.pdf\" type=\"application\/pdf\" style=\"width:100%;height:600px\" aria-label=\"Contenu embarqu\u00e9 M. GAKE Komlan D\u00e9la (Chef Division D\u00e9veloppement).\"><\/object><a id=\"wp-block-file--media-e8a7c745-b446-49b7-93f4-63bc6d2555bc\" href=\"https:\/\/www.eamau.org\/wp-content\/uploads\/2022\/07\/biographie_gake.pdf\">M. GAKE Komlan D\u00e9la (Chef Division D\u00e9veloppement)<\/a><a href=\"https:\/\/www.eamau.org\/wp-content\/uploads\/2022\/07\/biographie_gake.pdf\" class=\"wp-block-file__button wp-element-button\" download aria-describedby=\"wp-block-file--media-e8a7c745-b446-49b7-93f4-63bc6d2555bc\">T\u00e9l\u00e9charger<\/a><\/div>\n\n\n\n<div data-wp-interactive=\"core\/file\" class=\"wp-block-file\"><object data-wp-bind--hidden=\"!state.hasPdfPreview\" hidden class=\"wp-block-file__embed\" data=\"https:\/\/www.eamau.org\/wp-content\/uploads\/2022\/07\/Biographie-Ballong.pdf\" type=\"application\/pdf\" style=\"width:100%;height:600px\" aria-label=\"Contenu embarqu\u00e9 M. BALLONG Kout\u00e9na(Chef D\u00e9partement Gestion Urbaine).\"><\/object><a id=\"wp-block-file--media-edaeb4bf-3b9f-44aa-b0e1-f641e1bb82ef\" href=\"https:\/\/www.eamau.org\/wp-content\/uploads\/2022\/07\/Biographie-Ballong.pdf\">M. BALLONG Kout\u00e9na(Chef D\u00e9partement Gestion Urbaine)<\/a><a href=\"https:\/\/www.eamau.org\/wp-content\/uploads\/2022\/07\/Biographie-Ballong.pdf\" class=\"wp-block-file__button wp-element-button\" download aria-describedby=\"wp-block-file--media-edaeb4bf-3b9f-44aa-b0e1-f641e1bb82ef\">T\u00e9l\u00e9charger<\/a><\/div>\n\n\n\n<div data-wp-interactive=\"core\/file\" class=\"wp-block-file\"><object data-wp-bind--hidden=\"!state.hasPdfPreview\" hidden class=\"wp-block-file__embed\" data=\"https:\/\/www.eamau.org\/wp-content\/uploads\/2022\/07\/EMVOULOU_Biographie.pdf\" type=\"application\/pdf\" style=\"width:100%;height:600px\" aria-label=\"Contenu embarqu\u00e9 Innocent J. EMVOULOU.\"><\/object><a id=\"wp-block-file--media-1f11e402-d78a-4ae0-9ec5-43469116af08\" href=\"https:\/\/www.eamau.org\/wp-content\/uploads\/2022\/07\/EMVOULOU_Biographie.pdf\">Innocent J. EMVOULOU<\/a><a href=\"https:\/\/www.eamau.org\/wp-content\/uploads\/2022\/07\/EMVOULOU_Biographie.pdf\" class=\"wp-block-file__button wp-element-button\" download aria-describedby=\"wp-block-file--media-1f11e402-d78a-4ae0-9ec5-43469116af08\">T\u00e9l\u00e9charger<\/a><\/div>\n\n\n\n<div data-wp-interactive=\"core\/file\" class=\"wp-block-file\"><object data-wp-bind--hidden=\"!state.hasPdfPreview\" hidden class=\"wp-block-file__embed\" data=\"https:\/\/www.eamau.org\/wp-content\/uploads\/2022\/07\/BIO-MC_eamau.pdf\" type=\"application\/pdf\" style=\"width:100%;height:600px\" aria-label=\"Contenu embarqu\u00e9 Dr Monica Coralli.\"><\/object><a id=\"wp-block-file--media-c5541630-5b11-4936-8a2b-55fef32ab35e\" href=\"https:\/\/www.eamau.org\/wp-content\/uploads\/2022\/07\/BIO-MC_eamau.pdf\">Dr Monica Coralli<\/a><a href=\"https:\/\/www.eamau.org\/wp-content\/uploads\/2022\/07\/BIO-MC_eamau.pdf\" class=\"wp-block-file__button wp-element-button\" download aria-describedby=\"wp-block-file--media-c5541630-5b11-4936-8a2b-55fef32ab35e\">T\u00e9l\u00e9charger<\/a><\/div>\n","protected":false},"excerpt":{"rendered":"","protected":false},"author":5,"featured_media":0,"parent":0,"menu_order":0,"comment_status":"closed","ping_status":"closed","template":"","meta":{"ngg_post_thumbnail":0,"footnotes":""},"class_list":["post-2098","page","type-page","status-publish","hentry"],"_links":{"self":[{"href":"https:\/\/www.eamau.org\/index.php?rest_route=\/wp\/v2\/pages\/2098","targetHints":{"allow":["GET"]}}],"collection":[{"href":"https:\/\/www.eamau.org\/index.php?rest_route=\/wp\/v2\/pages"}],"about":[{"href":"https:\/\/www.eamau.org\/index.php?rest_route=\/wp\/v2\/types\/page"}],"author":[{"embeddable":true,"href":"https:\/\/www.eamau.org\/index.php?rest_route=\/wp\/v2\/users\/5"}],"replies":[{"embeddable":true,"href":"https:\/\/www.eamau.org\/index.php?rest_route=%2Fwp%2Fv2%2Fcomments&post=2098"}],"version-history":[{"count":7,"href":"https:\/\/www.eamau.org\/index.php?rest_route=\/wp\/v2\/pages\/2098\/revisions"}],"predecessor-version":[{"id":3699,"href":"https:\/\/www.eamau.org\/index.php?rest_route=\/wp\/v2\/pages\/2098\/revisions\/3699"}],"wp:attachment":[{"href":"https:\/\/www.eamau.org\/index.php?rest_route=%2Fwp%2Fv2%2Fmedia&parent=2098"}],"curies":[{"name":"wp","href":"https:\/\/api.w.org\/{rel}","templated":true}]}}