{"id":1983,"date":"2022-05-10T15:38:20","date_gmt":"2022-05-10T15:38:20","guid":{"rendered":"https:\/\/www.eamau.org\/?page_id=1983"},"modified":"2023-02-06T17:58:13","modified_gmt":"2023-02-06T17:58:13","slug":"revue-scientifique-eamau","status":"publish","type":"page","link":"https:\/\/www.eamau.org\/?page_id=1983","title":{"rendered":"Revue  Scientifique EAMAU"},"content":{"rendered":"\n<figure class=\"wp-block-table is-style-stripes\"><table class=\"has-fixed-layout\"><tbody><tr><td><strong><em>Appel \u00e0 Article<\/em><\/strong> : <mark style=\"background-color:rgba(0, 0, 0, 0)\" class=\"has-inline-color has-vivid-green-cyan-color\"><a href=\"https:\/\/www.eamau.org\/?page_id=2710\" target=\"_blank\" rel=\"noreferrer noopener\">Habitats D\u00e9cents et Villes durables en Afrique<\/a><\/mark><\/td><td><br><strong><em><a href=\"https:\/\/www.eamau.org\/?page_id=2710\" target=\"_blank\" rel=\"noreferrer noopener\">Volume 1 N\u00b01 Janvier 2023 <\/a><\/em><\/strong><a rel=\"noreferrer noopener\" href=\"https:\/\/www.eamau.org\/?page_id=2589\" target=\"_blank\"><br><\/a><br><\/td><td><strong><a href=\"mailto:revue.hvd.eamau@gmail.com\">Nous <em>Contact<\/em>er<\/a><\/strong><\/td><\/tr><\/tbody><\/table><\/figure>\n\n\n\n<p class=\"has-large-font-size\"><strong><mark style=\"background-color:rgba(0, 0, 0, 0)\" class=\"has-inline-color has-vivid-purple-color\">Revue Habitat et Ville Durable \u2013 (HVD<\/mark>)<\/strong><\/p>\n\n\n\n<p><mark style=\"background-color:rgba(0, 0, 0, 0)\" class=\"has-inline-color has-luminous-vivid-orange-color\"><strong>Pr\u00e9sentation et objectifs<\/strong> <\/mark><\/p>\n\n\n\n<p class=\"has-drop-cap\" id=\"block-4221ff1f-b69c-4049-93b3-be7e7437b314\">L\u2019Ecole Africaine des M\u00e9tiers de l\u2019Architecture et de l\u2019Urbanisme (EAMAU) est une institution inter-\u00e9tats d\u2019enseignement sup\u00e9rieur et de recherche. Elle forme des professionnels et fait de la recherche dans les domaines de l&rsquo;architecture, de l&rsquo;urbanisme et de la gestion urbaine. A ce titre, elle est un instrument d\u00e9cisif et d\u00e9terminant des politiques de l&rsquo;urbanisation et du d\u00e9veloppement durable en Afrique.<\/p>\n\n\n\n<p id=\"block-8b597567-36f0-4fd9-b958-a075fa336b0f\">Les syst\u00e8mes politiques, \u00e9conomiques, sociaux, et technologiques et les mutations des territoires affectent le d\u00e9veloppement des pays africains. Dans ce contexte de d\u00e9veloppement, les th\u00e9matiques de ville durable et d\u2019habitat d\u00e9cent soul\u00e8vent des interrogations face aux r\u00e9alit\u00e9s des villes africaines.&nbsp;D\u2019o\u00f9 la mise en place d\u2019une revue scientifique pluridisciplinaire de haut niveau au sein de l\u2019EAMAU pour r\u00e9interroger les th\u00e9ories et pratiques.<\/p>\n\n\n\n<p id=\"block-b43b8a0d-fd3e-4c87-b638-b6873b37f821\">La revue de l\u2019Ecole Africaine des M\u00e9tiers de l\u2019Architecture et de l\u2019Urbanisme intitul\u00e9e \u00ab&nbsp;Habitat et Ville Durable&nbsp;\u00bb (HVD) est une revue scientifique pluridisciplinaire qui se positionne sur les r\u00e9flexions en lien avec la ville, le milieu rural, les \u00e9tudes et les am\u00e9nagements.<\/p>\n\n\n\n<p id=\"block-2e9872c6-2aae-46b4-96ae-94534b6c186b\">Cette revue vise \u00e0 encourager les diff\u00e9rents travaux de recherche et \u00e0 promouvoir l\u2019\u00e9change de connaissances et d\u2019analyses scientifiques en rapport avec les th\u00e9ories et pratiques en architecture, en urbanisme et en gestion urbaine.<\/p>\n\n\n\n<p id=\"block-1ca186d0-d421-4b75-8a36-8b1c622c7628\">Les axes prioritaires s\u2019articulent autour :<\/p>\n\n\n\n<ul class=\"wp-block-list\">\n<li>(I) des strat\u00e9gies de planification et de d\u00e9veloppement des territoires&nbsp;;<\/li>\n\n\n\n<li>(II) du paysage, du design et de l\u2019immobilier dans les villes et campagnes&nbsp;;<\/li>\n\n\n\n<li>(III) de l\u2019environnement, de l\u2019\u00e9nergie et des \u00e9difices humains&nbsp;;<\/li>\n\n\n\n<li>(IV) du transport et des mobilit\u00e9s urbaines&nbsp;;<\/li>\n\n\n\n<li>(V) de l\u2019architecture, du patrimoine et des villes.<\/li>\n<\/ul>\n\n\n\n<p id=\"block-3936e887-f7ab-4f78-897e-2e4455298e09\">Cette revue offre un espace de publication \u00e0 des articles scientifiques originaux valorisant les r\u00e9flexions et les \u00e9changes sur l\u2019habitat et la ville durable.<\/p>\n\n\n\n<p id=\"block-58588017-3fee-420b-93df-b6741bd3a679\">La revue accepte trois cat\u00e9gories de textes&nbsp;:<\/p>\n\n\n\n<ul class=\"wp-block-list\">\n<li>Les articles empiriques issus d\u2019une collecte et une analyse de donn\u00e9es de terrain et pr\u00e9sentant les r\u00e9sultats des recherches innovantes&nbsp;;<\/li>\n\n\n\n<li>Les articles de synth\u00e8se pr\u00e9sentant un \u00e9tat de la connaissance sur un sujet donn\u00e9 et une r\u00e9flexion critique sur des aspects m\u00e9thodologiques et conceptuels&nbsp;;<\/li>\n\n\n\n<li>Les notes techniques pr\u00e9sentant une innovation issue d\u2019une exp\u00e9rience concr\u00e8te de terrain et les \u00e9tudes comparatives.<\/li>\n<\/ul>\n\n\n\n<p id=\"block-ab786ab8-6a14-48ae-82bb-85fcea23ee06\"><strong><br>CARACTERE DE LA REVUE<\/strong><\/p>\n\n\n\n<p id=\"block-f22e231e-39ca-4105-b88f-ac93ad62783e\">&#8212;&#8212;&#8212;&#8212;&#8212;&#8212;&#8212;&#8212;&#8212;&#8212;&#8212;&#8212;&#8212;&#8212;&#8212;&#8212;&#8212;&#8212;&#8212;&#8212;&#8212;&#8212;&#8212;&#8212;&#8212;&#8212;&#8212;&#8212;&#8212;&#8212;&#8212;&#8212;&#8212;&#8212;&#8212;&#8212;&#8212;-<\/p>\n\n\n\n<p id=\"block-70321e9a-07aa-4478-bafc-805b16eea49f\">La revue Habitat et Ville Durable est publi\u00e9e en fran\u00e7ais et \u00e0 fr\u00e9quence semestrielle.<\/p>\n\n\n\n<p id=\"block-6d846799-64dc-4919-be49-b7691dc9a8cd\">Le comit\u00e9 scientifique est international et compos\u00e9 de sp\u00e9cialistes dans les divers domaines que couvre la revue. Les experts du comit\u00e9 scientifique ont la pleine autorit\u00e9 pour accepter, demander la r\u00e9vision ou rejeter l\u2019article soumis sur la base de deux \u00e9valuations \u00e0 l\u2019aveugle. Les propri\u00e9t\u00e9s intellectuelles des auteurs seront pr\u00e9serv\u00e9es.<\/p>\n\n\n\n<p id=\"block-8773c89d-7c1f-4c2a-a398-075d31341930\"><strong>INSTRUCTIONS AUX AUTEURS<\/strong><\/p>\n\n\n\n<p id=\"block-03c6a35e-87ca-46b6-96ea-d4415ae0d0cf\">&#8212;&#8212;&#8212;&#8212;&#8212;&#8212;&#8212;&#8212;&#8212;&#8212;&#8212;&#8212;&#8212;&#8212;&#8212;&#8212;&#8212;&#8212;&#8212;&#8212;&#8212;&#8212;&#8212;&#8212;&#8212;&#8212;&#8212;&#8212;&#8212;&#8212;&#8212;&#8212;&#8212;&#8212;&#8212;&#8212;&#8212;-<\/p>\n\n\n\n<p id=\"block-86b63aa3-3117-4e05-90f9-9551e7ef9a76\"><strong>Les auteurs sont pri\u00e9s de veiller au respect des instructions aux auteurs<\/strong><\/p>\n\n\n\n<p id=\"block-6b5ff8bb-f60a-4a34-a9bd-8664c202390a\"><strong>SOUMISSIONS<\/strong><\/p>\n\n\n\n<p id=\"block-839a17cb-4889-42bb-812a-e25629ce0615\">&#8212;&#8212;&#8212;&#8212;&#8212;&#8212;&#8212;&#8212;&#8212;&#8212;&#8212;&#8212;&#8212;&#8212;&#8212;&#8212;&#8212;&#8212;&#8212;&#8212;&#8212;&#8212;&#8212;&#8212;&#8212;&#8212;&#8212;&#8212;&#8212;&#8212;&#8212;&#8212;&#8212;&#8212;&#8212;&#8212;&#8212;-<\/p>\n\n\n\n<p id=\"block-691c846d-89b8-4db4-8709-826dc5930af7\"><strong><mark style=\"background-color:rgba(0, 0, 0, 0)\" class=\"has-inline-color has-vivid-red-color\">La soumission des articles se fait \u00e0 travers <a href=\"https:\/\/www.eamau.org\/formulaire-soumission\/\">le formulaire <strong><mark>d\u00e9di\u00e9<\/mark><\/strong><\/a><\/mark><\/strong> <strong><mark style=\"background-color:rgba(0, 0, 0, 0)\" class=\"has-inline-color has-vivid-red-color\"><a href=\"https:\/\/www.eamau.org\/formulaire-soumission\/\">en ligne<\/a> .<\/mark><\/strong><\/p>\n\n\n\n\n\n<p id=\"block-3235932f-a6eb-4687-a967-5d8521a15ed0\"><strong><mark style=\"background-color:rgba(0, 0, 0, 0)\" class=\"has-inline-color has-luminous-vivid-orange-color\">POLITIQUE DE PUBLICATION<\/mark><\/strong><\/p>\n\n\n\n<p id=\"block-b43dbb54-342e-4c92-b78f-9031e77ec26d\">&#8212;&#8212;&#8212;&#8212;&#8212;&#8212;&#8212;&#8212;&#8212;&#8212;&#8212;&#8212;&#8212;&#8212;&#8212;&#8212;&#8212;&#8212;&#8212;&#8212;&#8212;&#8212;&#8212;&#8212;&#8212;&#8212;&#8212;&#8212;&#8212;&#8212;&#8212;&#8212;&#8212;&#8212;&#8212;&#8212;&#8212;-<\/p>\n\n\n\n<p id=\"block-62a786cc-8cbf-4228-b542-664aa83e43fe\"><strong><u>Politique de diffusion<\/u><\/strong><\/p>\n\n\n\n<ul class=\"wp-block-list\">\n<li>Publication en libre acc\u00e8s<\/li>\n\n\n\n<li>Licence de la revue : Cr\u00e9ative Commons-Attribution<\/li>\n<\/ul>\n\n\n\n<p id=\"block-3eddd9a0-a569-46ac-a549-2e13f2312fe0\"><strong><u>Politique sur les frais de publication&nbsp;<\/u><\/strong><\/p>\n\n\n\n<p id=\"block-bfa56aa8-2eec-4b05-bcb4-196c5011543b\">Frais de soumission : non<\/p>\n\n\n\n<p id=\"block-14bc53e1-b2c6-4ed4-90e6-3cd4ce8cd6ab\">Frais d\u2019\u00e9dition : non<\/p>\n\n\n\n<p id=\"block-80eaccba-957a-4d51-b70c-4995b7e2f334\"><strong><u>Politique&nbsp;d\u2019\u00e9valuation<\/u><\/strong><\/p>\n\n\n\n<p id=\"block-a40f5554-4d65-40bd-8a72-07d7ff5bd397\">Proc\u00e9dure d\u2019\u00e9valuation : \u00e9valuation par les pairs<\/p>\n\n\n\n<p id=\"block-ae21a9e9-2725-498d-b75c-428ce0f303d4\">D\u00e9lai moyen entre soumission et publication : ND<strong><br><\/strong>\ufeff<\/p>\n\n\n\n<p id=\"block-f9b2d4eb-5a62-4509-96f5-13dc27e19240\"><strong><mark style=\"background-color:rgba(0, 0, 0, 0)\" class=\"has-inline-color has-luminous-vivid-orange-color\">PROCEDURE D\u2019EVALUATION<\/mark><\/strong><\/p>\n\n\n\n<p id=\"block-d252df01-2d18-4212-a2ed-4c4b41ce96de\">&#8212;&#8212;&#8212;&#8212;&#8212;&#8212;&#8212;&#8212;&#8212;&#8212;&#8212;&#8212;&#8212;&#8212;&#8212;&#8212;&#8212;&#8212;&#8212;&#8212;&#8212;&#8212;&#8212;&#8212;&#8212;&#8212;&#8212;&#8212;&#8212;&#8212;&#8212;&#8212;&#8212;&#8212;&#8212;&#8212;&#8212;-<\/p>\n\n\n\n<p id=\"block-35fc74a3-8f45-4fb0-9cbe-a070441969ec\"><strong>Proc\u00e9dures de recevabilit\u00e9 et d\u2019expertise des articles soumis<\/strong><\/p>\n\n\n\n<p id=\"block-02ed37c7-eba0-419e-84f0-7fb5cf83f84a\">La revue fonctionne en double anonymat.<\/p>\n\n\n\n<p id=\"block-dccf3dfc-08e4-466d-8f6e-30763f84b49b\">Les articles \u00e0 \u00e9valuer sont transmis aux \u00e9valuateurs avec suppressions des noms des auteurs ainsi que leur affiliation. Les \u00e9valuateurs sont anonymes.<\/p>\n\n\n\n<p id=\"block-f77fb530-b1a6-49a9-925e-6a68d10187f4\">Avant le processus d\u2019expertise, les articles soumis doivent v\u00e9rifier les crit\u00e8res de recevabilit\u00e9 suivants :<\/p>\n\n\n\n<ul class=\"wp-block-list\">\n<li>Le respect des exigences du num\u00e9ro d\u2019appel \u00e0 articles&nbsp;<\/li>\n\n\n\n<li>Le th\u00e8me propos\u00e9 rel\u00e8ve d\u2019un des domaines couverts par la revue<\/li>\n\n\n\n<li>Le respect des instructions aux auteurs<\/li>\n<\/ul>\n\n\n\n<p id=\"block-9e43cb28-d806-469c-b011-442ed40e43a6\">Les articles conformes sont ensuite envoy\u00e9s de mani\u00e8re anonyme aux experts dont l\u2019affiliation est diff\u00e9rente de celle des signataires de l\u2019article. Il est demand\u00e9 aux experts de transmettre leurs rapports dans un d\u00e9lai de 4 semaines. L\u2019acceptation de l\u2019article est acquise apr\u00e8s obtention de deux r\u00e9ponses favorables (et apr\u00e8s correction du document par les auteurs et lev\u00e9e des r\u00e9serves par les experts). En cas de r\u00e9ponses contradictoires, un troisi\u00e8me expert est d\u00e9sign\u00e9 et sa d\u00e9cision est d\u00e9cisive ; il en va de m\u00eame, en cas de litige entre les auteurs et les experts. Les d\u00e9cisions finales accompagnant les rapports d\u00e9taill\u00e9s sont : <em>(A) accept\u00e9, (B) accept\u00e9 apr\u00e8s r\u00e9visions mineures, (C) accept\u00e9 apr\u00e8s r\u00e9visions majeures, (D) rejet\u00e9 sous la forme actuelle <\/em>ou<em> (E) rejet\u00e9 pour raison de fond.<\/em><\/p>\n\n\n\n<p id=\"block-2d07c982-823c-415e-8746-a40cf592a9ef\"><strong><mark style=\"background-color:rgba(0, 0, 0, 0)\" class=\"has-inline-color has-vivid-red-color\">COMITE DE REDACTION<\/mark><\/strong><\/p>\n\n\n\n<p id=\"block-08406098-899e-4b69-a354-b677486f3b5c\">&#8212;&#8212;&#8212;&#8212;&#8212;&#8212;&#8212;&#8212;&#8212;&#8212;&#8212;&#8212;&#8212;&#8212;&#8212;&#8212;&#8212;&#8212;&#8212;&#8212;&#8212;&#8212;&#8212;&#8212;&#8212;&#8212;&#8212;&#8212;&#8212;&#8212;&#8212;&#8212;&#8212;&#8212;&#8212;&#8212;&#8212;<\/p>\n\n\n\n<p id=\"block-a09723e0-e7cf-424f-810d-8f93634c4b1c\">Le comit\u00e9 de r\u00e9daction 2021-2022 de la revue Habitat et Ville Durable est form\u00e9 des personnes suivantes :<\/p>\n\n\n\n<ul class=\"wp-block-list\">\n<li><strong>Dr MAHAMAT HEMCHI Hassane<\/strong>, Ecole Africaine des M\u00e9tiers de l\u2019Architecture et de l\u2019Urbanisme<\/li>\n\n\n\n<li><strong>Dr PADENOU Guy Hermann Mawuss\u00e9<\/strong>, Ecole Africaine des M\u00e9tiers de l\u2019Architecture et de l\u2019Urbanisme<\/li>\n\n\n\n<li><strong>Dr BANON Fabrice<\/strong>, Ecole Africaine des M\u00e9tiers de l\u2019Architecture et de l\u2019Urbanisme<\/li>\n<\/ul>\n\n\n\n<p id=\"block-1560ae7c-3989-438d-a098-f0a2563a8598\"><strong><mark style=\"background-color:rgba(0, 0, 0, 0)\" class=\"has-inline-color has-vivid-green-cyan-color\">COMITE SCIENTIFIQUE INTERNATIONAL<\/mark><\/strong><\/p>\n\n\n\n<p id=\"block-0803fc74-e796-4e36-a9f5-e986e9b86649\">&#8212;&#8212;&#8212;&#8212;&#8212;&#8212;&#8212;&#8212;&#8212;&#8212;&#8212;&#8212;&#8212;&#8212;&#8212;&#8212;&#8212;&#8212;&#8212;&#8212;&#8212;&#8212;&#8212;&#8212;&#8212;&#8212;&#8212;&#8212;&#8212;&#8212;&#8212;&#8212;&#8212;&#8212;&#8212;&#8212;&#8212;-<\/p>\n\n\n\n<p id=\"block-4c873385-3eb5-464f-95bd-3d2af7346b52\"><strong>NADEDJO Bigou-Lare<\/strong>, Professeur Titulaire CAMES, universit\u00e9 de Lom\u00e9 (Togo)<\/p>\n\n\n\n<p id=\"block-fed85c9b-7d09-4e54-a2ba-90af3ee656c8\"><strong>ALOKO N\u2019Guessan<\/strong>, Professeur Titulaire CAMES, Universit\u00e9 Jean Lorougnon Gu\u00e9d\u00e9 de Daloa (C\u00f4te d\u2019Ivoire)<\/p>\n\n\n\n<p id=\"block-73b3fffb-9842-485b-ac2e-5c5e748b8d83\"><strong>MOUSSA Doumbia<\/strong>, Professeur Titulaire ENI, Ecole Nationale d\u2019Ing\u00e9nieurs de Bamako (Mali)<\/p>\n\n\n\n<p id=\"block-f6bfc379-a739-4f4c-8c05-fcdc825932e8\"><strong>TCHANGBEDJI Gado<\/strong>, Professeur Titulaire CAMES, universit\u00e9 de Lom\u00e9 (Togo)<\/p>\n\n\n\n<p id=\"block-ce15cd3b-e0ef-4d32-a08b-7113e18ff30f\"><strong>DEMBELE Moussa<\/strong>, Professeur des universit\u00e9s, EAMAU (Togo)<\/p>\n\n\n\n<p id=\"block-ec40b656-48f9-4d8b-be6a-0abc7b03e332\"><strong>YAVO Philipe<\/strong>, Professeur des universit\u00e9s, EAMAU (Togo)<\/p>\n\n\n\n<p id=\"block-b62db80b-97f9-496a-9d69-1822a1df3064\"><strong>REOUNODJI Fr\u00e9d\u00e9rick<\/strong>, Maitre de Conf\u00e9rences CAMES, universit\u00e9 de N\u2019Djamena (Tchad)<\/p>\n\n\n\n<p id=\"block-be238126-8667-4d06-9770-474492ac2b16\"><strong>GUEZERE Assogba<\/strong>, Maitre de Conf\u00e9rences CAMES, universit\u00e9 de Kara, (Togo)<\/p>\n\n\n\n<p id=\"block-43486183-c69f-4b15-b687-b9c724af211a\"><strong>VERIZA ROBERTO Francis<\/strong>, Maitre de Conf\u00e9rences, Universit\u00e9 de Toliara (Madagascar)<\/p>\n\n\n\n<p><strong>ABADA ARZOUR Rofia<\/strong>, Docteur en Architecture, Laboratoire Villes et Sant\u00e9, Universit\u00e9 Salah Boubnider Constantine 3, Alg\u00e9rie<\/p>\n","protected":false},"excerpt":{"rendered":"<p>Appel \u00e0 Article : Habitats D\u00e9cents et Villes durables en Afrique Volume 1 N\u00b01 Janvier 2023 Nous Contacter Revue Habitat et Ville Durable \u2013 (HVD) Pr\u00e9sentation et objectifs L\u2019Ecole Africaine des M\u00e9tiers de l\u2019Architecture et de l\u2019Urbanisme (EAMAU) est une institution inter-\u00e9tats d\u2019enseignement sup\u00e9rieur et de recherche. Elle forme des professionnels et fait de la<\/p>\n","protected":false},"author":5,"featured_media":0,"parent":0,"menu_order":0,"comment_status":"closed","ping_status":"closed","template":"","meta":{"ngg_post_thumbnail":0,"footnotes":""},"class_list":["post-1983","page","type-page","status-publish","hentry"],"_links":{"self":[{"href":"https:\/\/www.eamau.org\/index.php?rest_route=\/wp\/v2\/pages\/1983","targetHints":{"allow":["GET"]}}],"collection":[{"href":"https:\/\/www.eamau.org\/index.php?rest_route=\/wp\/v2\/pages"}],"about":[{"href":"https:\/\/www.eamau.org\/index.php?rest_route=\/wp\/v2\/types\/page"}],"author":[{"embeddable":true,"href":"https:\/\/www.eamau.org\/index.php?rest_route=\/wp\/v2\/users\/5"}],"replies":[{"embeddable":true,"href":"https:\/\/www.eamau.org\/index.php?rest_route=%2Fwp%2Fv2%2Fcomments&post=1983"}],"version-history":[{"count":37,"href":"https:\/\/www.eamau.org\/index.php?rest_route=\/wp\/v2\/pages\/1983\/revisions"}],"predecessor-version":[{"id":2947,"href":"https:\/\/www.eamau.org\/index.php?rest_route=\/wp\/v2\/pages\/1983\/revisions\/2947"}],"wp:attachment":[{"href":"https:\/\/www.eamau.org\/index.php?rest_route=%2Fwp%2Fv2%2Fmedia&parent=1983"}],"curies":[{"name":"wp","href":"https:\/\/api.w.org\/{rel}","templated":true}]}}