{"id":1550,"date":"2021-08-02T17:29:09","date_gmt":"2021-08-02T17:29:09","guid":{"rendered":"https:\/\/www.eamau.org\/?page_id=1550"},"modified":"2025-04-08T17:33:50","modified_gmt":"2025-04-08T17:33:50","slug":"laboratoire-environnement-ville-durable-habitat-levih","status":"publish","type":"page","link":"https:\/\/www.eamau.org\/?page_id=1550","title":{"rendered":"Laboratoire Environnement Ville-Durable-Habitat (LEViH)"},"content":{"rendered":"\n<p><strong>Responsable Scientifique :<\/strong><span class=\"has-inline-color has-vivid-purple-color\"><\/span><\/p>\n\n\n\n<p>Le Laboratoire Environnement-Ville Durable et Habitat (LEViH) est un outil de d\u00e9veloppement d\u2019activit\u00e9s de recherche et d\u2019expertise sur trois axes :<\/p>\n\n\n\n<ol class=\"wp-block-list\">\n<li><strong><em>Structure et organisation de la ville africaine ;<\/em><\/strong><\/li>\n\n\n\n<li><strong><em>Habitat et d\u00e9veloppement urbain durable ;<\/em><\/strong><\/li>\n\n\n\n<li><strong><em>Environnement construit et \u00e9cologie urbaine.<\/em><\/strong><\/li>\n<\/ol>\n\n\n\n<p>L\u2019activit\u00e9 scientifique du LEViH est organis\u00e9e en programmes de recherche et d\u2019expertise en axes transversaux.<\/p>\n\n\n\n<p><strong>PROJET SCIENTIFIQUE ET ORIENTATIONS DE RECHERCHE<\/strong><strong><\/strong><\/p>\n\n\n\n<p>La probl\u00e9matique g\u00e9n\u00e9rale du d\u00e9veloppement de la ville et de l\u2019organisation de l\u2019espace urbain en Afrique est abord\u00e9e par des sp\u00e9cialistes de la production de la ville dans leurs dimensions formelles et informelles, et environnementale dans la compr\u00e9hension des soci\u00e9t\u00e9s humaines et de la critique en sciences et techniques de la ville.<\/p>\n\n\n\n<figure class=\"wp-block-table\"><table><tbody><tr><td><strong><span class=\"has-inline-color has-vivid-cyan-blue-color\">ATTRIBUTIONS INSTITUTIONNELLES<\/span><\/strong><br> Le Laboratoire est une Unit\u00e9 mixte de Recherche de l\u2019EAMAU. Elle associe l\u2019ensemble des d\u00e9partements de formation et autre programmes d\u2019excellence de l\u2019Institution aux r\u00e9flexions et \u00e0 l\u2019\u00e9laboration de documents de strat\u00e9gies pour la promotion de villes durables en Afrique. <br><span class=\"has-inline-color has-vivid-cyan-blue-color\"><strong>EQUIPE DE RECHERCHE<\/strong> <\/span><br>Le&nbsp;&nbsp;&nbsp; &nbsp;Laboratoire&nbsp;&nbsp;&nbsp;&nbsp; &nbsp;regroupe&nbsp;&nbsp;&nbsp;&nbsp; &nbsp;des&nbsp;&nbsp;&nbsp;&nbsp; &nbsp;Enseignants-Chercheurs,Architectes, Urbanistes, Gestionnaires Urbains, Ing\u00e9nieurs de recherche et doctorants et autres sp\u00e9cialistes de la ville. <span class=\"has-inline-color has-luminous-vivid-orange-color\"><strong>PUBLICATIONS REALISEES<\/strong> <strong>2019 : 2 articles (am\u00e9nagement urbain, ville et SIG) 2020 : 2 articles (migration r\u00e9sidentielle, lotissement) 2021 : 1 article (m\u00e9tropoles d\u2019\u00e9quilibres)<\/strong><\/span><\/td><td class=\"has-text-align-left\" data-align=\"left\"><\/td><\/tr><tr><td><span class=\"has-inline-color has-vivid-cyan-blue-color\"><strong>ACTIONS SCIENTIFIQUES<\/strong> <\/span><br><strong>Ateliers p\u00e9dagogiques Colloques et congr\u00e8s scientifiques Concours d\u2019id\u00e9e sur les axes transversaux en lien avec la ville ;Publications d\u2019outils, de guides techniques&nbsp;&nbsp;et&nbsp;&nbsp;&nbsp;&nbsp;d\u2019articles scientifiques.<\/strong><\/td><td class=\"has-text-align-left\" data-align=\"left\"><\/td><\/tr><\/tbody><\/table><\/figure>\n\n\n\n<p><strong><span class=\"has-inline-color has-vivid-green-cyan-color\">Les autres Laboratoires : <\/span><\/strong><\/p>\n\n\n\n<p><strong><a rel=\"noreferrer noopener\" href=\"https:\/\/www.eamau.org\/labo-innovation-et-design-de-larchitecture-africaine-lidaa\/\" target=\"_blank\">Laboratoire Innovation et Design<br>de l\u2019Architecture Africaine (LIDAA)<\/a><\/strong><\/p>\n\n\n\n<p><a rel=\"noreferrer noopener\" href=\"https:\/\/www.eamau.org\/labo-africaine-des-theories-et-pratiques-de-lamenagement-et-de-lurbanisme-latheprau\/\" target=\"_blank\"><strong>Laboratoire Africaine des Th\u00e9ories et Pratiques<br>de l\u2019Am\u00e9nagement et de l\u2019Urbanisme<\/strong>&nbsp;<strong>(LATHEPRAU)<\/strong><\/a><\/p>\n\n\n\n<p>&nbsp;<a rel=\"noreferrer noopener\" href=\"https:\/\/www.eamau.org\/labo-patrimoine-et-art-africain\/\" target=\"_blank\"><strong>Laboratoire Patrimoine et Art Africain<\/strong>&nbsp;<strong>(LPAA)<\/strong><\/a><\/p>\n\n\n\n<p>.<\/p>\n","protected":false},"excerpt":{"rendered":"<p>Responsable Scientifique : Le Laboratoire Environnement-Ville Durable et Habitat (LEViH) est un outil de d\u00e9veloppement d\u2019activit\u00e9s de recherche et d\u2019expertise sur trois axes : L\u2019activit\u00e9 scientifique du LEViH est organis\u00e9e en programmes de recherche et d\u2019expertise en axes transversaux. PROJET SCIENTIFIQUE ET ORIENTATIONS DE RECHERCHE La probl\u00e9matique g\u00e9n\u00e9rale du d\u00e9veloppement de la ville et de<\/p>\n","protected":false},"author":5,"featured_media":0,"parent":0,"menu_order":0,"comment_status":"closed","ping_status":"closed","template":"","meta":{"ngg_post_thumbnail":0,"footnotes":""},"class_list":["post-1550","page","type-page","status-publish","hentry"],"_links":{"self":[{"href":"https:\/\/www.eamau.org\/index.php?rest_route=\/wp\/v2\/pages\/1550","targetHints":{"allow":["GET"]}}],"collection":[{"href":"https:\/\/www.eamau.org\/index.php?rest_route=\/wp\/v2\/pages"}],"about":[{"href":"https:\/\/www.eamau.org\/index.php?rest_route=\/wp\/v2\/types\/page"}],"author":[{"embeddable":true,"href":"https:\/\/www.eamau.org\/index.php?rest_route=\/wp\/v2\/users\/5"}],"replies":[{"embeddable":true,"href":"https:\/\/www.eamau.org\/index.php?rest_route=%2Fwp%2Fv2%2Fcomments&post=1550"}],"version-history":[{"count":3,"href":"https:\/\/www.eamau.org\/index.php?rest_route=\/wp\/v2\/pages\/1550\/revisions"}],"predecessor-version":[{"id":3931,"href":"https:\/\/www.eamau.org\/index.php?rest_route=\/wp\/v2\/pages\/1550\/revisions\/3931"}],"wp:attachment":[{"href":"https:\/\/www.eamau.org\/index.php?rest_route=%2Fwp%2Fv2%2Fmedia&parent=1550"}],"curies":[{"name":"wp","href":"https:\/\/api.w.org\/{rel}","templated":true}]}}