{"id":1541,"date":"2021-08-02T17:30:33","date_gmt":"2021-08-02T17:30:33","guid":{"rendered":"https:\/\/www.eamau.org\/?page_id=1541"},"modified":"2021-10-01T08:29:52","modified_gmt":"2021-10-01T08:29:52","slug":"laboratoire-africaine-des-theories-et-pratiques-de-lamenagement-et-de-lurbanisme-latheprau","status":"publish","type":"page","link":"https:\/\/www.eamau.org\/?page_id=1541","title":{"rendered":"Laboratoire Africain des Th\u00e9ories et Pratiques de l\u2019am\u00e9nagement et de l&rsquo;Urbanisme (LATHEPRAU)"},"content":{"rendered":"\n<h3 class=\"wp-block-heading\">Responsable de Laboratoire : <span class=\"has-inline-color has-vivid-purple-color\">Dr MAHAMAT HEMCHI Hassane<\/span><\/h3>\n\n\n\n<h5 class=\"wp-block-heading\"><img loading=\"lazy\" decoding=\"async\" width=\"10\" height=\"10\" class=\"wp-image-1354\" style=\"width: 10px;\" src=\"https:\/\/www.eamau.org\/wp-content\/uploads\/2021\/07\/puce02.gif\" alt=\"\"> Objet <\/h5>\n\n\n\n<p>Le Laboratoire Africain des Th\u00e9ories et Pratiques de l\u2019Urbanisme est un laboratoire de recherche de l\u2019EAMAU qui a pour objet de questionner la ville africaine, pass\u00e9e, pr\u00e9sente et future sur ses fondements intrins\u00e8ques. L\u2019urbanisme \u00e9tant une <em>praxis<\/em>, une discipline qui allie la science, la technique, les arts et les sciences humaines ce laboratoire est n\u00e9cessairement une unit\u00e9 mixte de recherche, pluridisciplinaire. Mise en \u0153uvre pour le contexte africain, il a pour ambition de f\u00e9d\u00e9rer les r\u00e9flexions autour de trois (3) principaux champs th\u00e9matiques : la th\u00e9orie et la r\u00e9flexion prospective sur la ville africaine ; processus d\u2019urbanisation aux diff\u00e9rents \u00e2ges et \u00e9chelles ; fabrique de la ville et projet urbain.<\/p>\n\n\n\n<h5 class=\"wp-block-heading\"><img loading=\"lazy\" decoding=\"async\" width=\"10\" height=\"10\" class=\"wp-image-1354\" style=\"width: 10px;\" src=\"https:\/\/www.eamau.org\/wp-content\/uploads\/2021\/07\/puce02.gif\" alt=\"\"> Organisation :<\/h5>\n\n\n\n<p>Le LATHEPRAU est plac\u00e9 sous la responsabilit\u00e9 scientifique du Directeur G\u00e9n\u00e9ral de l\u2019EAMAU. Il est g\u00e9r\u00e9 par un Coordinateur et un Conseil de Laboratoire. Le Coordinateur est \u00e9lu par le Conseil de Laboratoire pour une dur\u00e9e de 2 ans. Le Coordinateur a pour mission l\u2019\u00e9laboration et la mise en \u0153uvre des plans d\u2019actions biannuels ainsi que la gestion quotidienne des activit\u00e9s du laboratoire. Le Conseil de Laboratoire se r\u00e9unit chaque ann\u00e9e acad\u00e9mique pour appr\u00e9cier la mise en \u0153uvre des activit\u00e9s.<\/p>\n\n\n\n<h5 class=\"wp-block-heading\"><img loading=\"lazy\" decoding=\"async\" width=\"10\" height=\"10\" class=\"wp-image-1354\" style=\"width: 10px;\" src=\"https:\/\/www.eamau.org\/wp-content\/uploads\/2021\/07\/puce02.gif\" alt=\"\"> Champs th\u00e9matiques :<\/h5>\n\n\n\n<ol class=\"wp-block-list\" type=\"1\"><li><span class=\"has-inline-color has-vivid-cyan-blue-color\">Th\u00e9orie et r\u00e9flexion prospective sur la ville africaine<\/span><ul><li>Th\u00e9ories d\u2019urbanisme et mod\u00e8les de villes<\/li><li>Essais de th\u00e9orisation et disciplines connexes (Th\u00e9ories g\u00e9ographiques, th\u00e9ories sociologiques, th\u00e9ories \u00e9conomiques appliqu\u00e9es \u00e0 la ville)<\/li><li>Mod\u00e8les th\u00e9oriques de planification urbaine et territoriale<\/li><li>Th\u00e9ories prospectives d\u2019urbanisme (Post-urbanisme, nouvel urbanisme, urbanisme tactique, ville nouvelle, intelligence urbaine)<\/li><\/ul><\/li><li><span class=\"has-inline-color has-vivid-cyan-blue-color\">Processus d\u2019urbanisation aux diff\u00e9rents \u00e2ges et \u00e9chelles<\/span><ul><li>Coh\u00e9rence territoriale (analyse urbaine, dynamique urbaine)<\/li><li>Urbanisation et d\u00e9veloppement (P\u00e9riurbanisation, agglom\u00e9rations semi-urbaines, terroirs ruraux en urbanisation)<\/li><li>Normes et principes d\u2019urbanisme (les grilles, les standards et labels en urbanisme)<\/li><li>Processus de m\u00e9tropolisation, (villes millionnaires, villes petites et moyennes)<\/li><li>Syst\u00e8mes d\u2019information (analyse spatiale)<\/li><\/ul><\/li><li><span class=\"has-inline-color has-vivid-cyan-blue-color\">Fabrique de la ville et projet urbain<\/span><ul><li>Mod\u00e8les d\u2019am\u00e9nagement urbain (urbanisme \u00e9v\u00e9nementiel, urbanisme de projet, urbanisme de marketing, mod\u00e8les num\u00e9riques)<\/li><li>Pratiques et d\u00e9veloppement de l\u2019habitat et immobilier (Politiques d\u2019habitat, politique fonci\u00e8re, les pratiques (lotissement et logement), habitat social)<\/li><li>Mobilit\u00e9s urbaines et transport (les politiques de transport urbain, la gestion du transport urbain et intra-urbain, les types de mobilit\u00e9s et de transport dans les villes africaines)<\/li><li>Mutations morphologique et fonctionnelle des espaces urbains (trames et\/ou formes urbaines, paysages urbains)<\/li><li>D\u00e9veloppement durable et ville (ville durable, r\u00e9silience urbaine, \u00e9co-quartiers, espaces verts)<\/li><li>D\u00e9mographie, sociologie urbaine et droit \u00e0 la ville (s\u00e9gr\u00e9gation spatiale, mixit\u00e9 urbaine, solidarit\u00e9 urbaine, ph\u00e9nom\u00e8ne de croissance urbaine, sant\u00e9 et s\u00e9curit\u00e9 urbaine)<\/li><li>Ville et architecture (typologie d\u2019architecture, patrimoine architecturale et culturelle)<\/li><li>Op\u00e9rations d\u2019urbanisme et \u00e9conomie urbaine (co\u00fbt et financement de la ville, enjeux et jeux d\u2019acteurs, m\u00e9canismes de la fabrique urbaine).<\/li><\/ul><\/li><\/ol>\n\n\n\n<p> <strong><span class=\"has-inline-color has-vivid-green-cyan-color\">Les autres Laboratoires : <\/span><\/strong> <\/p>\n\n\n\n<p><strong><a href=\"https:\/\/www.eamau.org\/?page_id=1544\" target=\"_blank\" rel=\"noreferrer noopener\">Laboratoire Innovation et Design<br>de l\u2019Architecture Africaine (LIDAA)<\/a><\/strong><\/p>\n\n\n\n<p><strong><a href=\"https:\/\/www.eamau.org\/?page_id=1550\" target=\"_blank\" rel=\"noreferrer noopener\">Laboratoire Environnement Ville-Durable-Habitat (LEViH)<\/a><\/strong><\/p>\n\n\n\n<p><a href=\"https:\/\/www.eamau.org\/?page_id=1547\" target=\"_blank\" rel=\"noreferrer noopener\"><strong>Laboratoire Patrimoine et Art Africain<\/strong>&nbsp;<strong>(LPAA)<\/strong><\/a><\/p>\n","protected":false},"excerpt":{"rendered":"<p>Responsable de Laboratoire : Dr MAHAMAT HEMCHI Hassane Objet Le Laboratoire Africain des Th\u00e9ories et Pratiques de l\u2019Urbanisme est un laboratoire de recherche de l\u2019EAMAU qui a pour objet de questionner la ville africaine, pass\u00e9e, pr\u00e9sente et future sur ses fondements intrins\u00e8ques. L\u2019urbanisme \u00e9tant une praxis, une discipline qui allie la science, la technique, les<\/p>\n","protected":false},"author":5,"featured_media":0,"parent":0,"menu_order":0,"comment_status":"closed","ping_status":"closed","template":"","meta":{"ngg_post_thumbnail":0,"footnotes":""},"class_list":["post-1541","page","type-page","status-publish","hentry"],"_links":{"self":[{"href":"https:\/\/www.eamau.org\/index.php?rest_route=\/wp\/v2\/pages\/1541","targetHints":{"allow":["GET"]}}],"collection":[{"href":"https:\/\/www.eamau.org\/index.php?rest_route=\/wp\/v2\/pages"}],"about":[{"href":"https:\/\/www.eamau.org\/index.php?rest_route=\/wp\/v2\/types\/page"}],"author":[{"embeddable":true,"href":"https:\/\/www.eamau.org\/index.php?rest_route=\/wp\/v2\/users\/5"}],"replies":[{"embeddable":true,"href":"https:\/\/www.eamau.org\/index.php?rest_route=%2Fwp%2Fv2%2Fcomments&post=1541"}],"version-history":[{"count":5,"href":"https:\/\/www.eamau.org\/index.php?rest_route=\/wp\/v2\/pages\/1541\/revisions"}],"predecessor-version":[{"id":1681,"href":"https:\/\/www.eamau.org\/index.php?rest_route=\/wp\/v2\/pages\/1541\/revisions\/1681"}],"wp:attachment":[{"href":"https:\/\/www.eamau.org\/index.php?rest_route=%2Fwp%2Fv2%2Fmedia&parent=1541"}],"curies":[{"name":"wp","href":"https:\/\/api.w.org\/{rel}","templated":true}]}}